{"id":81488,"date":"2023-11-10T12:59:00","date_gmt":"2023-11-10T11:59:00","guid":{"rendered":"https:\/\/subblim.com\/raton-optico-wireless-dual-flat-recargable-blanco\/"},"modified":"2026-03-02T03:55:15","modified_gmt":"2026-03-02T02:55:15","slug":"mouse-optico-sem-fio-recarregavel-duplo-plano-branco","status":"publish","type":"product","link":"https:\/\/subblim.com\/pt-pt\/mouse-optico-sem-fio-recarregavel-duplo-plano-branco\/","title":{"rendered":"Mouse \u00f3ptico sem fio plano duplo recarreg\u00e1vel branco"},"content":{"rendered":"<ul>\n<li>O mouse Dual Flat \u00e9 duplo, permitindo a conex\u00e3o imediata a dois dispositivos usando a conex\u00e3o Bluetooth ou o receptor USB.<\/li>\n<li>Ele inclui a tecnologia Silent Click para torn\u00e1-lo silencioso e \u00fatil em ambientes com outras pessoas.<\/li>\n<li>A bateria \u00e9 integrada e de longa dura\u00e7\u00e3o para interferir o m\u00ednimo poss\u00edvel no seu fluxo de trabalho.<\/li>\n<li>Acabamento elegante em preto, branco ou prata com efeito perolado.<\/li>\n<li>Conectividade por radiofrequ\u00eancia com um receptor USB e Bluetooth 5.1.<\/li>\n<li>Compat\u00edvel com dispositivos Windows\u00ae 8\/10\/11, Android\u2122, iOS\/iPadOS 13 e MacOS.<\/li>\n<li>Design ultrafino e ergon\u00f4mico.<\/li>\n<li>Silencioso.<\/li>\n<li>Roda de rolagem de silicone antiderrapante.<\/li>\n<li>Bateria recarreg\u00e1vel de 500 mAh (cabo USB inclu\u00eddo).<\/li>\n<li>800 dpi, 1200 dpi e at\u00e9 1600 dpi para m\u00e1xima precis\u00e3o.<\/li>\n<li>Possui 4 bot\u00f5es.<\/li>\n<li>Ambidestro.<\/li>\n<\/ul>\n<p>&nbsp;<\/p>\n<p>EAN: Mouse Dual Flat Preto (SUBMO-DFLAT20) 8436586742249; Mouse Dual Flat Branco (SUBMO-DFLAT21) 8436586742256; Mouse Dual Flat Prata (SUBMO-DFLAT22) 8436586742263<\/p>\n","protected":false},"excerpt":{"rendered":"<p> Este \u00e9 um dos mouses mais completos do mercado: dual-mode para conectar dois dispositivos, silencioso e com bateria recarreg\u00e1vel.<\/p>\n","protected":false},"featured_media":77132,"template":"","meta":[],"product_brand":[],"product_cat":[130,427],"product_tag":[],"class_list":{"0":"post-81488","1":"product","2":"type-product","3":"status-publish","4":"has-post-thumbnail","6":"product_cat-ratones","7":"product_cat-conexion-dual","9":"first","10":"instock","11":"taxable","12":"shipping-taxable","13":"purchasable","14":"product-type-simple"},"_links":{"self":[{"href":"https:\/\/subblim.com\/pt-pt\/wp-json\/wp\/v2\/product\/81488","targetHints":{"allow":["GET"]}}],"collection":[{"href":"https:\/\/subblim.com\/pt-pt\/wp-json\/wp\/v2\/product"}],"about":[{"href":"https:\/\/subblim.com\/pt-pt\/wp-json\/wp\/v2\/types\/product"}],"version-history":[{"count":0,"href":"https:\/\/subblim.com\/pt-pt\/wp-json\/wp\/v2\/product\/81488\/revisions"}],"wp:featuredmedia":[{"embeddable":true,"href":"https:\/\/subblim.com\/pt-pt\/wp-json\/wp\/v2\/media\/77132"}],"wp:attachment":[{"href":"https:\/\/subblim.com\/pt-pt\/wp-json\/wp\/v2\/media?parent=81488"}],"wp:term":[{"taxonomy":"product_brand","embeddable":true,"href":"https:\/\/subblim.com\/pt-pt\/wp-json\/wp\/v2\/product_brand?post=81488"},{"taxonomy":"product_cat","embeddable":true,"href":"https:\/\/subblim.com\/pt-pt\/wp-json\/wp\/v2\/product_cat?post=81488"},{"taxonomy":"product_tag","embeddable":true,"href":"https:\/\/subblim.com\/pt-pt\/wp-json\/wp\/v2\/product_tag?post=81488"}],"curies":[{"name":"wp","href":"https:\/\/api.w.org\/{rel}","templated":true}]}}