{"id":81479,"date":"2023-11-10T13:23:06","date_gmt":"2023-11-10T12:23:06","guid":{"rendered":"https:\/\/subblim.com\/teclado-bluetooth-smart-para-tablet-o-ipad-blanco-plata\/"},"modified":"2026-03-19T08:41:04","modified_gmt":"2026-03-19T07:41:04","slug":"teclado-inteligente-bluetooth-para-tablet-ou-ipad-branco-e-prata","status":"publish","type":"product","link":"https:\/\/subblim.com\/pt-pt\/teclado-inteligente-bluetooth-para-tablet-ou-ipad-branco-e-prata\/","title":{"rendered":"Teclado Bluetooth inteligente para tablet ou iPad branco\/prateado"},"content":{"rendered":"<p>O teclado Bluetooth SMART \u00e9 um teclado ultrafino e ultraleve para digitar em qualquer lugar, a qualquer hora. Conecte seu teclado ao seu telefone, tablet ou central multim\u00eddia favorita com conectividade sem fio Bluetooth 3.0 para infinitas possibilidades e trabalhe em qualquer lugar.<\/p>\n<ul>\n<li>Teclado para tablet, smartphone ou PC com conectividade sem fio Bluetooth 3.0.<\/li>\n<li>Compat\u00edvel com dispositivos Apple, Android, Windows e Smart TV.<\/li>\n<li>Design fino, com apenas 6 mm de espessura e compacto.<\/li>\n<li>Tecnologia de membrana de alta precis\u00e3o.<\/li>\n<li>Teclas quadradas tipo chiclete.<\/li>\n<li>Bateria de l\u00edtio de longa dura\u00e7\u00e3o: at\u00e9 30 dias de uso.<\/li>\n<li>Base de metal compat\u00edvel com capas magn\u00e9ticas.<\/li>\n<li>Conector Micro-USB lateral para carregamento.<\/li>\n<li>Inclui cabo de carregamento Micro-USB.<\/li>\n<li>Instala\u00e7\u00e3o 100% f\u00e1cil.<\/li>\n<\/ul>\n<p>&nbsp;<\/p>\n<p>EAN: Teclado Smart BT Prata (SUB-KBT-SM0001) 8436586740566; Teclado Smart BT Cinza (SUB-KBT-SM0002) 8436586740573<\/p>\n","protected":false},"excerpt":{"rendered":"<p>Melhore seu desempenho escrevendo e-mails, artigos ou relat\u00f3rios no seu tablet como se estivesse trabalhando em um computador. Gra\u00e7as ao seu tamanho compacto, voc\u00ea pode carreg\u00e1-lo junto com o tablet, na capa, na pasta ou na bolsa.<\/p>\n","protected":false},"featured_media":77621,"template":"","meta":[],"product_brand":[],"product_cat":[1661,137,134],"product_tag":[],"class_list":{"0":"post-81479","1":"product","2":"type-product","3":"status-publish","4":"has-post-thumbnail","6":"product_cat-teclados-bluetooth","7":"product_cat-teclados-para-tablet","8":"product_cat-teclados","10":"first","11":"instock","12":"taxable","13":"shipping-taxable","14":"purchasable","15":"product-type-simple"},"_links":{"self":[{"href":"https:\/\/subblim.com\/pt-pt\/wp-json\/wp\/v2\/product\/81479","targetHints":{"allow":["GET"]}}],"collection":[{"href":"https:\/\/subblim.com\/pt-pt\/wp-json\/wp\/v2\/product"}],"about":[{"href":"https:\/\/subblim.com\/pt-pt\/wp-json\/wp\/v2\/types\/product"}],"version-history":[{"count":0,"href":"https:\/\/subblim.com\/pt-pt\/wp-json\/wp\/v2\/product\/81479\/revisions"}],"wp:featuredmedia":[{"embeddable":true,"href":"https:\/\/subblim.com\/pt-pt\/wp-json\/wp\/v2\/media\/77621"}],"wp:attachment":[{"href":"https:\/\/subblim.com\/pt-pt\/wp-json\/wp\/v2\/media?parent=81479"}],"wp:term":[{"taxonomy":"product_brand","embeddable":true,"href":"https:\/\/subblim.com\/pt-pt\/wp-json\/wp\/v2\/product_brand?post=81479"},{"taxonomy":"product_cat","embeddable":true,"href":"https:\/\/subblim.com\/pt-pt\/wp-json\/wp\/v2\/product_cat?post=81479"},{"taxonomy":"product_tag","embeddable":true,"href":"https:\/\/subblim.com\/pt-pt\/wp-json\/wp\/v2\/product_tag?post=81479"}],"curies":[{"name":"wp","href":"https:\/\/api.w.org\/{rel}","templated":true}]}}