{"id":81470,"date":"2023-11-10T13:23:07","date_gmt":"2023-11-10T12:23:07","guid":{"rendered":"https:\/\/subblim.com\/teclado-bluetooth-2-4g-master-iluminado-extendido-blanco-plata\/"},"modified":"2025-07-01T00:00:17","modified_gmt":"2025-06-30T22:00:17","slug":"teclado-master-bluetooth-2-4g-iluminado-estendido-branco-e-prata","status":"publish","type":"product","link":"https:\/\/subblim.com\/pt-pt\/teclado-master-bluetooth-2-4g-iluminado-estendido-branco-e-prata\/","title":{"rendered":"Teclado Master Extended Iluminado Bluetooth\/2.4G Branco\/Prata"},"content":{"rendered":"<p>Complete seu espa\u00e7o de mesa moderno, enquanto trabalha remotamente ou em casa, com o teclado retroiluminado Bluetooth SUBBLIM Master.<br \/> Projetado para dispositivos com sistemas Mac\/iOS, Windows ou Android, o teclado Master apresenta um layout estendido com teclado num\u00e9rico, conectividade Bluetooth e 2.4G para v\u00e1rios dispositivos e teclas de atalho otimizadas para v\u00e1rios sistemas, tudo em um design ultrafino e moderno.<\/p>\n<ul>\n<li>Equipado com teclas c\u00f4ncavas ajust\u00e1veis com retroilumina\u00e7\u00e3o e uma porta USB-C recarreg\u00e1vel, o teclado facilita o trabalho onde e quando sua criatividade levar voc\u00ea.<\/li>\n<li>Teclado estendido elegante com conectividade sem fio para v\u00e1rios dispositivos.<\/li>\n<li>O teclado sem fio SUBBLIM Master suporta 3 dispositivos por meio de dois canais com tecnologia sem fio Bluetooth 5.2 e um por meio de um receptor USB RF 2.4G.<\/li>\n<li>A vers\u00e3o 5.2 oferece maior conectividade com menor consumo de energia.<\/li>\n<li>Teclados retroiluminados com at\u00e9 7 cores selecion\u00e1veis. Ergon\u00f4mico, discreto e c\u00f4ncavo para m\u00e1ximo conforto e precis\u00e3o.<\/li>\n<li>Opera\u00e7\u00e3o silenciosa. As teclas silenciosas e precisas proporcionam digita\u00e7\u00e3o t\u00e1til natural com menos ru\u00eddo.<\/li>\n<li>Recarreg\u00e1vel via porta de carregamento Tipo C. Bateria de l\u00edtio de longa dura\u00e7\u00e3o de 1500 mAh.<\/li>\n<li>Suporte na parte traseira para tablet ou celular.<\/li>\n<li>Alterne entre diferentes dispositivos facilmente pressionando o seletor de modo.<\/li>\n<li>\u00c9 mais adequado para casa, escrit\u00f3rio, para usar seu smartphone, laptop, iPad ou tablet.<\/li>\n<li>Compat\u00edvel com dispositivos Windows\u00ae 8\/10\/11, Android\u2122, iOS\/iPadOS 13 e MacOS.<\/li>\n<li>Projetado para maior produtividade e port\u00e1til para entrada de dados eficiente gra\u00e7as ao teclado num\u00e9rico integrado.<\/li>\n<\/ul>\n<p>EAN: Teclado Dual Master Branco\/Prata (SUBKB-3MIE300) 8436586742652; Teclado Dual Master Cinza\/Preto (SUBKB-3MIE310) 8436586742669<\/p>\n","protected":false},"excerpt":{"rendered":"<p> linha t\u00eanue entre lazer e trabalho se esvai com um teclado retroiluminado estendido e conectividade dupla Bluetooth ou RF. O SUBBLIM Master Keyboard permite que voc\u00ea trabalhe sem limites.<\/p>\n","protected":false},"featured_media":79293,"template":"","meta":[],"product_brand":[],"product_cat":[1662,145,134],"product_tag":[],"class_list":{"0":"post-81470","1":"product","2":"type-product","3":"status-publish","4":"has-post-thumbnail","6":"product_cat-teclados-conectividad-dual","7":"product_cat-teclados-extendidos","8":"product_cat-teclados","10":"first","11":"outofstock","12":"taxable","13":"shipping-taxable","14":"purchasable","15":"product-type-simple"},"_links":{"self":[{"href":"https:\/\/subblim.com\/pt-pt\/wp-json\/wp\/v2\/product\/81470","targetHints":{"allow":["GET"]}}],"collection":[{"href":"https:\/\/subblim.com\/pt-pt\/wp-json\/wp\/v2\/product"}],"about":[{"href":"https:\/\/subblim.com\/pt-pt\/wp-json\/wp\/v2\/types\/product"}],"version-history":[{"count":0,"href":"https:\/\/subblim.com\/pt-pt\/wp-json\/wp\/v2\/product\/81470\/revisions"}],"wp:featuredmedia":[{"embeddable":true,"href":"https:\/\/subblim.com\/pt-pt\/wp-json\/wp\/v2\/media\/79293"}],"wp:attachment":[{"href":"https:\/\/subblim.com\/pt-pt\/wp-json\/wp\/v2\/media?parent=81470"}],"wp:term":[{"taxonomy":"product_brand","embeddable":true,"href":"https:\/\/subblim.com\/pt-pt\/wp-json\/wp\/v2\/product_brand?post=81470"},{"taxonomy":"product_cat","embeddable":true,"href":"https:\/\/subblim.com\/pt-pt\/wp-json\/wp\/v2\/product_cat?post=81470"},{"taxonomy":"product_tag","embeddable":true,"href":"https:\/\/subblim.com\/pt-pt\/wp-json\/wp\/v2\/product_tag?post=81470"}],"curies":[{"name":"wp","href":"https:\/\/api.w.org\/{rel}","templated":true}]}}