{"id":81452,"date":"2023-11-10T13:23:09","date_gmt":"2023-11-10T12:23:09","guid":{"rendered":"https:\/\/subblim.com\/teclado-business-slim-silencioso-con-cable-usb-negro\/"},"modified":"2026-01-26T09:27:39","modified_gmt":"2026-01-26T08:27:39","slug":"teclado-empresarial-fino-silencioso-com-fio-usb-preto","status":"publish","type":"product","link":"https:\/\/subblim.com\/pt-pt\/teclado-empresarial-fino-silencioso-com-fio-usb-preto\/","title":{"rendered":"Teclado empresarial fino e silencioso com cabo USB preto"},"content":{"rendered":"<p>O teclado USB com fio SUBBLIM Business Slim Silent proporciona uma digita\u00e7\u00e3o precisa e confort\u00e1vel gra\u00e7as \u00e0<\/p>\n<p>ergonomia das teclas planas e de perfil baixo. Alcance maior produtividade criando um espa\u00e7o de trabalho ideal. Tudo isso sem ru\u00eddos desconfort\u00e1veis, gra\u00e7as \u00e0 tecnologia Silent Keys usada nas teclas, que oferece a m\u00e1xima concentra\u00e7\u00e3o sem incomodar quem est\u00e1 ao seu redor.<\/p>\n<p>TECLADO<\/p>\n<ul>\n<li>Conex\u00e3o via cabo USB Plug &#038; Play Jogue com m\u00e1xima prote\u00e7\u00e3o e seguran\u00e7a.<\/li>\n<li>Teclas ergon\u00f4micas de baixo perfil, com formato quadrado e cantos arredondados para m\u00e1ximo conforto e precis\u00e3o.<\/li>\n<li>O teclado tem um perfil plano que adiciona eleg\u00e2ncia \u00e0 mesa, permitindo que suas m\u00e3os permane\u00e7am em uma posi\u00e7\u00e3o mais confort\u00e1vel e natural.<\/li>\n<li>Resistente a derramamentos e l\u00edquidos e \u00e0 prova de respingos.<\/li>\n<li>Teclados silenciosos e suaves para que voc\u00ea n\u00e3o incomode quem est\u00e1 ao seu redor.<\/li>\n<li>Layout de tamanho completo (104 teclas) com teclado num\u00e9rico e separa\u00e7\u00e3o entre as teclas para f\u00e1cil limpeza.<\/li>\n<li>12 teclas de fun\u00e7\u00e3o e atalho.<\/li>\n<li>Pernas traseiras ajust\u00e1veis em altura e batentes de borracha antiderrapantes.<\/li>\n<li>Comprimento do cabo de 150 cm permite que voc\u00ea posicione o teclado em qualquer lugar da sua \u00e1rea de trabalho.<\/li>\n<\/ul>\n<p>&nbsp;<\/p>\n<p>EAN: Teclado empresarial com fio preto (SUBKBC-0SSK50) 8436586742386; Teclado empresarial com fio branco (SUBKBC-0SSK51) 8436586742546<\/p>\n","protected":false},"excerpt":{"rendered":"<p>Maior produtividade e um ambiente de trabalho ideal, sem ru\u00eddos desconfort\u00e1veis, com conex\u00e3o imediata e precisa e digita\u00e7\u00e3o confort\u00e1vel.<\/p>\n","protected":false},"featured_media":79231,"template":"","meta":[],"product_brand":[],"product_cat":[1660,134],"product_tag":[],"class_list":{"0":"post-81452","1":"product","2":"type-product","3":"status-publish","4":"has-post-thumbnail","6":"product_cat-teclados-cable-usb","7":"product_cat-teclados","9":"first","10":"instock","11":"taxable","12":"shipping-taxable","13":"purchasable","14":"product-type-simple"},"_links":{"self":[{"href":"https:\/\/subblim.com\/pt-pt\/wp-json\/wp\/v2\/product\/81452","targetHints":{"allow":["GET"]}}],"collection":[{"href":"https:\/\/subblim.com\/pt-pt\/wp-json\/wp\/v2\/product"}],"about":[{"href":"https:\/\/subblim.com\/pt-pt\/wp-json\/wp\/v2\/types\/product"}],"version-history":[{"count":0,"href":"https:\/\/subblim.com\/pt-pt\/wp-json\/wp\/v2\/product\/81452\/revisions"}],"wp:featuredmedia":[{"embeddable":true,"href":"https:\/\/subblim.com\/pt-pt\/wp-json\/wp\/v2\/media\/79231"}],"wp:attachment":[{"href":"https:\/\/subblim.com\/pt-pt\/wp-json\/wp\/v2\/media?parent=81452"}],"wp:term":[{"taxonomy":"product_brand","embeddable":true,"href":"https:\/\/subblim.com\/pt-pt\/wp-json\/wp\/v2\/product_brand?post=81452"},{"taxonomy":"product_cat","embeddable":true,"href":"https:\/\/subblim.com\/pt-pt\/wp-json\/wp\/v2\/product_cat?post=81452"},{"taxonomy":"product_tag","embeddable":true,"href":"https:\/\/subblim.com\/pt-pt\/wp-json\/wp\/v2\/product_tag?post=81452"}],"curies":[{"name":"wp","href":"https:\/\/api.w.org\/{rel}","templated":true}]}}