{"id":81443,"date":"2023-11-10T13:31:02","date_gmt":"2023-11-10T12:31:02","guid":{"rendered":"https:\/\/subblim.com\/teclado-con-raton-bluetooth-2-4g-combo-dual-prestige-extendido-blanco-plata\/"},"modified":"2026-03-02T03:55:15","modified_gmt":"2026-03-02T02:55:15","slug":"combo-de-teclado-e-mouse-bluetooth-2-4g-dual-prestige-extended-branco-e-prata","status":"publish","type":"product","link":"https:\/\/subblim.com\/pt-pt\/combo-de-teclado-e-mouse-bluetooth-2-4g-dual-prestige-extended-branco-e-prata\/","title":{"rendered":"Teclado com Bluetooth + Mouse 2.4G Combo Dual Prestige Extended Branco Prata"},"content":{"rendered":"<p>Crie um espa\u00e7o minimalista, moderno e silencioso com a combina\u00e7\u00e3o compacta de tecnologia sem fio Bluetooth e radiofrequ\u00eancia 2.4G. O Combo Multidispositivo da SUBBLIM, composto por um teclado estendido e um mouse de design avan\u00e7ado com alta precis\u00e3o de at\u00e9 1600 DPI, \u00e9 perfeito para realizar tarefas com efici\u00eancia e garantir produtividade constante. <br \/>O tamanho da combina\u00e7\u00e3o facilita o trabalho nos menores espa\u00e7os da mesa e \u00e9 o par perfeito para usar quando voc\u00ea estiver viajando ou em reuni\u00f5es de trabalho.<\/p>\n<ul>\n<li>Combina\u00e7\u00e3o compacta de teclado e mouse estendido com conectividade sem fio para v\u00e1rios dispositivos.<\/li>\n<li>O teclado sem fio Subblim suporta 3 dispositivos por meio de dois canais com tecnologia sem fio Bluetooth 5.2 e um por meio de um receptor USB RF 2.4G.<\/li>\n<li>O mouse suporta 2 dispositivos, um canal com tecnologia sem fio Bluetooth 5.2 e um por meio do receptor USB.<\/li>\n<li>O receptor USB \u00e9 compartilhado entre o teclado e o mouse, unificando ambos e ocupando apenas uma porta no dispositivo.<\/li>\n<li>Alterne entre diferentes dispositivos facilmente pressionando o seletor de modo no teclado e no mouse.<\/li>\n<li>\u00c9 mais adequado para casa, escrit\u00f3rio, para uso em seu smartphone, laptop, iPad, tablet Android ou Windows, consoles de jogos ou Smart TV.<\/li>\n<li>Opera\u00e7\u00e3o silenciosa. As teclas silenciosas e precisas proporcionam uma digita\u00e7\u00e3o t\u00e1til natural com menos ru\u00eddo.<\/li>\n<li>Projetado para maior produtividade e port\u00e1til para entrada de dados eficiente gra\u00e7as ao teclado num\u00e9rico integrado.<\/li>\n<li>O mouse de alta precis\u00e3o de at\u00e9 1600 DPI tamb\u00e9m possui bot\u00f5es silenciosos e uma bateria recarreg\u00e1vel de longa dura\u00e7\u00e3o.<\/li>\n<li>Design de teclado e mouse ultrafinos.<\/li>\n<li>Compat\u00edvel com dispositivos Windows\u00ae 8\/10\/11, Android\u2122, iOS\/iPadOS 13 e MacOS.<\/li>\n<\/ul>\n<p>EAN: Combo Dual Prestige Branco\/Prata (SUBKBC-DCEP10) 8436586742621; Combo Dual Prestige Cinza\/Preto (SUBKBC-DCEP20) 8436586742638<\/p>\n","protected":false},"excerpt":{"rendered":"<p>Crie um espa\u00e7o minimalista, moderno e silencioso com esta combina\u00e7\u00e3o multidispositivo de um teclado e mouse compactos de tamanho normal com tecnologia sem fio dupla, via Bluetooth e um receptor USB.<\/p>\n","protected":false},"featured_media":79256,"template":"","meta":[],"product_brand":[],"product_cat":[1802,1805,1808],"product_tag":[],"class_list":{"0":"post-81443","1":"product","2":"type-product","3":"status-publish","4":"has-post-thumbnail","6":"product_cat-combo-dual-pt-pt","7":"product_cat-combo-teclado-raton-pt-pt","8":"product_cat-teclados-e-ratos-pt-pt","10":"first","11":"instock","12":"taxable","13":"shipping-taxable","14":"purchasable","15":"product-type-simple"},"_links":{"self":[{"href":"https:\/\/subblim.com\/pt-pt\/wp-json\/wp\/v2\/product\/81443","targetHints":{"allow":["GET"]}}],"collection":[{"href":"https:\/\/subblim.com\/pt-pt\/wp-json\/wp\/v2\/product"}],"about":[{"href":"https:\/\/subblim.com\/pt-pt\/wp-json\/wp\/v2\/types\/product"}],"version-history":[{"count":0,"href":"https:\/\/subblim.com\/pt-pt\/wp-json\/wp\/v2\/product\/81443\/revisions"}],"wp:featuredmedia":[{"embeddable":true,"href":"https:\/\/subblim.com\/pt-pt\/wp-json\/wp\/v2\/media\/79256"}],"wp:attachment":[{"href":"https:\/\/subblim.com\/pt-pt\/wp-json\/wp\/v2\/media?parent=81443"}],"wp:term":[{"taxonomy":"product_brand","embeddable":true,"href":"https:\/\/subblim.com\/pt-pt\/wp-json\/wp\/v2\/product_brand?post=81443"},{"taxonomy":"product_cat","embeddable":true,"href":"https:\/\/subblim.com\/pt-pt\/wp-json\/wp\/v2\/product_cat?post=81443"},{"taxonomy":"product_tag","embeddable":true,"href":"https:\/\/subblim.com\/pt-pt\/wp-json\/wp\/v2\/product_tag?post=81443"}],"curies":[{"name":"wp","href":"https:\/\/api.w.org\/{rel}","templated":true}]}}