{"id":81413,"date":"2023-11-10T13:35:58","date_gmt":"2023-11-10T12:35:58","guid":{"rendered":"https:\/\/subblim.com\/teclado-retroiluminado-bluetooth-smart-para-tablet-o-ipad-blanco-plata\/"},"modified":"2026-03-02T03:55:16","modified_gmt":"2026-03-02T02:55:16","slug":"teclado-bluetooth-smart-com-retroiluminacao-para-tablet-ou-ipad-branco-e-prata","status":"publish","type":"product","link":"https:\/\/subblim.com\/pt-pt\/teclado-bluetooth-smart-com-retroiluminacao-para-tablet-ou-ipad-branco-e-prata\/","title":{"rendered":"Teclado Bluetooth Smart Retroiluminado para Tablet ou iPad Branco Prata"},"content":{"rendered":"<p>Navegue no seu tablet com os movimentos e gestos que j\u00e1 conhece ou mova o ponteiro para editar facilmente documentos ou apresenta\u00e7\u00f5es.<\/p>\n<p>A bateria de l\u00edtio de longa dura\u00e7\u00e3o que o teclado Bluetooth incorpora permitir\u00e1 que trabalhe durante longos per\u00edodos de tempo e pode recarreg\u00e1-la atrav\u00e9s da porta MicroUSB.<\/p>\n<ul>\n<li>Teclado para tablet, smartphone ou PC com conectividade sem fios Bluetooth 3.0.<\/li>\n<li>Teclas com ilumina\u00e7\u00e3o em at\u00e9 7 cores ajust\u00e1veis. Perfeito para trabalhar em condi\u00e7\u00f5es de pouca luz.<\/li>\n<li>Incorpora um painel touchpad que o transforma em uma esta\u00e7\u00e3o de trabalho completa.<\/li>\n<li>Compat\u00edvel com dispositivos Apple, Android, Windows e Smart TV.<\/li>\n<li>Design fino com apenas 6 mm de espessura e compacto.<\/li>\n<li>Tecnologia de membrana de alta precis\u00e3o.<\/li>\n<li>Teclas quadradas tipo chiclete.<\/li>\n<li>Bateria de l\u00edtio de longa dura\u00e7\u00e3o: at\u00e9 30 dias de uso.<\/li>\n<li>Base de metal compat\u00edvel com capas magn\u00e9ticas.<\/li>\n<li>Conector lateral micro-USB para carregamento.<\/li>\n<li>Inclui cabo de carregamento micro-USB.<\/li>\n<li>Instala\u00e7\u00e3o 100% f\u00e1cil.<\/li>\n<\/ul>\n<p>&nbsp;<\/p>\n<p>EAN: Teclado BT com touchpad retroiluminado inteligente prateado (SUB-KBT-SMBT50) 8436586740603; Teclado Touchpad Inteligente Retroiluminado BT Cinza (SUB-KBT-SMBT51) 8436586740610<\/p>\n","protected":false},"excerpt":{"rendered":"<p>Agora voc\u00ea pode trabalhar como um profissional e aproveitar ao m\u00e1ximo seu tablet gra\u00e7as a este teclado Bluetooth de \u00faltima gera\u00e7\u00e3o com touchpad ultrapreciso e teclas retroiluminadas.<\/p>\n","protected":false},"featured_media":77696,"template":"","meta":[],"product_brand":[],"product_cat":[1661,137,134],"product_tag":[],"class_list":{"0":"post-81413","1":"product","2":"type-product","3":"status-publish","4":"has-post-thumbnail","6":"product_cat-teclados-bluetooth","7":"product_cat-teclados-para-tablet","8":"product_cat-teclados","10":"first","11":"instock","12":"taxable","13":"shipping-taxable","14":"purchasable","15":"product-type-simple"},"_links":{"self":[{"href":"https:\/\/subblim.com\/pt-pt\/wp-json\/wp\/v2\/product\/81413","targetHints":{"allow":["GET"]}}],"collection":[{"href":"https:\/\/subblim.com\/pt-pt\/wp-json\/wp\/v2\/product"}],"about":[{"href":"https:\/\/subblim.com\/pt-pt\/wp-json\/wp\/v2\/types\/product"}],"version-history":[{"count":0,"href":"https:\/\/subblim.com\/pt-pt\/wp-json\/wp\/v2\/product\/81413\/revisions"}],"wp:featuredmedia":[{"embeddable":true,"href":"https:\/\/subblim.com\/pt-pt\/wp-json\/wp\/v2\/media\/77696"}],"wp:attachment":[{"href":"https:\/\/subblim.com\/pt-pt\/wp-json\/wp\/v2\/media?parent=81413"}],"wp:term":[{"taxonomy":"product_brand","embeddable":true,"href":"https:\/\/subblim.com\/pt-pt\/wp-json\/wp\/v2\/product_brand?post=81413"},{"taxonomy":"product_cat","embeddable":true,"href":"https:\/\/subblim.com\/pt-pt\/wp-json\/wp\/v2\/product_cat?post=81413"},{"taxonomy":"product_tag","embeddable":true,"href":"https:\/\/subblim.com\/pt-pt\/wp-json\/wp\/v2\/product_tag?post=81413"}],"curies":[{"name":"wp","href":"https:\/\/api.w.org\/{rel}","templated":true}]}}