{"id":81410,"date":"2023-11-10T13:35:59","date_gmt":"2023-11-10T12:35:59","guid":{"rendered":"https:\/\/subblim.com\/teclado-retroiluminado-smart-bluetooth-para-tablet-o-ipad-gris-negro\/"},"modified":"2026-03-02T03:55:16","modified_gmt":"2026-03-02T02:55:16","slug":"teclado-bluetooth-inteligente-com-retroiluminacao-para-tablet-ou-ipad-cinza-preto","status":"publish","type":"product","link":"https:\/\/subblim.com\/pt-pt\/teclado-bluetooth-inteligente-com-retroiluminacao-para-tablet-ou-ipad-cinza-preto\/","title":{"rendered":"Teclado Bluetooth inteligente com retroilumina\u00e7\u00e3o para tablet ou iPad cinza preto"},"content":{"rendered":"<p>Gra\u00e7as \u00e0 conectividade Bluetooth 3.0, ele \u00e9 compat\u00edvel com a grande maioria dos dispositivos port\u00e1teis, como tablets, smartphones ou laptops, e com v\u00e1rios sistemas, como Android, iOS ou Windows.<\/p>\n<ul>\n<li>Teclado para tablets, smartphones ou PCs com conectividade sem fio Bluetooth 3.0.<\/li>\n<li>Compat\u00edvel com dispositivos Apple, Android, Windows e Smart TV.<\/li>\n<li>Teclas com ilumina\u00e7\u00e3o em at\u00e9 7 cores ajust\u00e1veis. Perfeito para trabalhar em condi\u00e7\u00f5es de pouca luz.<\/li>\n<li>Design fino com apenas 6 mm de espessura e design compacto.<\/li>\n<li>Tecnologia de membrana de alta precis\u00e3o.<\/li>\n<li>Teclas quadradas tipo chiclete.<\/li>\n<li>Bateria de l\u00edtio de longa dura\u00e7\u00e3o: at\u00e9 30 dias de uso.<\/li>\n<li>Base de metal compat\u00edvel com capas magn\u00e9ticas.<\/li>\n<li>Conector lateral micro-USB para carregamento.<\/li>\n<li>Inclui cabo de carregamento micro-USB.<\/li>\n<li>Instala\u00e7\u00e3o 100% f\u00e1cil.<\/li>\n<\/ul>\n<p>&nbsp;<\/p>\n<p>EAN: Teclado inteligente BT prateado com retroilumina\u00e7\u00e3o (SUB-KBT-SMBL30) 8336586740580; Teclado inteligente BT cinza com retroilumina\u00e7\u00e3o (SUB-KBT-SMBL31) 8436586740597<\/p>\n","protected":false},"excerpt":{"rendered":"<p> Smart Backlit BT \u00e9 o teclado ideal para levar para qualquer lugar, gra\u00e7as ao seu tamanho compacto e peso ultraleve. As teclas retroiluminadas, dispon\u00edveis em sete cores ajust\u00e1veis, facilitam a digita\u00e7\u00e3o em ambientes com pouca luz.<\/p>\n","protected":false},"featured_media":77672,"template":"","meta":[],"product_brand":[],"product_cat":[1661,381,137,134],"product_tag":[],"class_list":{"0":"post-81410","1":"product","2":"type-product","3":"status-publish","4":"has-post-thumbnail","6":"product_cat-teclados-bluetooth","7":"product_cat-teclados-y-ratones","8":"product_cat-teclados-para-tablet","9":"product_cat-teclados","11":"first","12":"instock","13":"taxable","14":"shipping-taxable","15":"purchasable","16":"product-type-simple"},"_links":{"self":[{"href":"https:\/\/subblim.com\/pt-pt\/wp-json\/wp\/v2\/product\/81410","targetHints":{"allow":["GET"]}}],"collection":[{"href":"https:\/\/subblim.com\/pt-pt\/wp-json\/wp\/v2\/product"}],"about":[{"href":"https:\/\/subblim.com\/pt-pt\/wp-json\/wp\/v2\/types\/product"}],"version-history":[{"count":0,"href":"https:\/\/subblim.com\/pt-pt\/wp-json\/wp\/v2\/product\/81410\/revisions"}],"wp:featuredmedia":[{"embeddable":true,"href":"https:\/\/subblim.com\/pt-pt\/wp-json\/wp\/v2\/media\/77672"}],"wp:attachment":[{"href":"https:\/\/subblim.com\/pt-pt\/wp-json\/wp\/v2\/media?parent=81410"}],"wp:term":[{"taxonomy":"product_brand","embeddable":true,"href":"https:\/\/subblim.com\/pt-pt\/wp-json\/wp\/v2\/product_brand?post=81410"},{"taxonomy":"product_cat","embeddable":true,"href":"https:\/\/subblim.com\/pt-pt\/wp-json\/wp\/v2\/product_cat?post=81410"},{"taxonomy":"product_tag","embeddable":true,"href":"https:\/\/subblim.com\/pt-pt\/wp-json\/wp\/v2\/product_tag?post=81410"}],"curies":[{"name":"wp","href":"https:\/\/api.w.org\/{rel}","templated":true}]}}