{"id":81383,"date":"2024-02-05T10:51:38","date_gmt":"2024-02-05T09:51:38","guid":{"rendered":"https:\/\/subblim.com\/nature-vertical-ergo-dual-mouse-battery-white\/"},"modified":"2026-03-02T03:55:17","modified_gmt":"2026-03-02T02:55:17","slug":"natureza-vertical-ergo-mouse-duplo-bateria-branco","status":"publish","type":"product","link":"https:\/\/subblim.com\/pt-pt\/natureza-vertical-ergo-mouse-duplo-bateria-branco\/","title":{"rendered":"Nature Vertical Ergo Dual Mouse com Bateria Branca"},"content":{"rendered":"<p>O formato especial mant\u00e9m seu bra\u00e7o e pulso em uma posi\u00e7\u00e3o natural, o que ajuda a reduzir significativamente a tens\u00e3o nessas \u00e1reas. Este mouse sem fio foca n\u00e3o apenas no conforto, mas tamb\u00e9m na efici\u00eancia. Seu design inteligente permite rolagem e cliques suaves e precisos. Com bot\u00f5es f\u00e1ceis de alcan\u00e7ar e tecnologia sem fio dupla multidispositivo, ele oferece liberdade de movimento sem o inc\u00f4modo de cabos.<\/p>\n<p>Este mouse sem fio foca n\u00e3o apenas no conforto, mas tamb\u00e9m na efici\u00eancia. Seu design inteligente permite rolagem e cliques suaves e precisos. Com bot\u00f5es f\u00e1ceis de alcan\u00e7ar e tecnologia sem fio dupla multidispositivo, ele oferece liberdade de movimento sem o inc\u00f4modo de cabos.<\/p>\n<p>\u2022 O design vertical ergon\u00f4mico avan\u00e7ado oferece um conforto mais natural para a m\u00e3o direita com um toque suave.<\/p>\n<p>\u2022 Laterais revestidas de borracha em um design moderno e elegante.<\/p>\n<p>\u2022 Conex\u00e3o Bluetooth ou RF de 2,4 GHz selecion\u00e1vel. Permite conectar e parear at\u00e9 2 dispositivos.<\/p>\n<p>\u2022 Sensor de alta precis\u00e3o com resolu\u00e7\u00e3o ajust\u00e1vel de at\u00e9 4000 dpi em 6 n\u00edveis.<\/p>\n<p>\u2022 Funciona perfeitamente em quase qualquer superf\u00edcie.<\/p>\n<p>\u2022 Bateria de l\u00edtio recarreg\u00e1vel de 500 mAh que oferece longa dura\u00e7\u00e3o mesmo com uso intensivo (inclui cabo USB C).<\/p>\n<p>\u2022 Compat\u00edvel com dispositivos Windows\u00ae 8\/10\/11, Android\u2122, iOS\/iPadOS 13 e MacOS.<\/p>\n<p>\u2022 Possui um total de 6 bot\u00f5es, incluindo dois bot\u00f5es laterais alinhados com o polegar que facilitam o avan\u00e7o ou retrocesso r\u00e1pido.<\/p>\n<p>\u2022 A tecnologia Silent Click permite pressionar os bot\u00f5es silenciosamente.<\/p>\n<p>\u2022 Roda de rolagem de silicone antiderrapante com detalhes laterais cromados para controle preciso e confort\u00e1vel.<\/p>\n<p>&nbsp;<\/p>\n<p><a style=\"color: red\" title=\"Manual do Usu\u00e1rio\" href=\"https:\/\/subblim309-my.sharepoint.com\/:b:\/g\/personal\/ecommerce_subblim_com\/ETIxeq0oIUJNvULFwXXPn40BMyeVzxtFZNOquU4e5Mwcew?e=QMEPMH\" target=\"_blank\" rel=\"noopener\">Manual do Usu\u00e1rio<\/a><\/p>\n","protected":false},"excerpt":{"rendered":"<p>Este \u00e9 um dos mouses mais completos do mercado: dual-mode para conectar dois dispositivos, silencioso e com bateria recarreg\u00e1vel.<\/p>\n","protected":false},"featured_media":80263,"template":"","meta":[],"product_brand":[],"product_cat":[1735,427,1712],"product_tag":[],"class_list":{"0":"post-81383","1":"product","2":"type-product","3":"status-publish","4":"has-post-thumbnail","6":"product_cat-ergonomia","7":"product_cat-conexion-dual","8":"product_cat-ratones-ergonomicos","10":"first","11":"instock","12":"taxable","13":"shipping-taxable","14":"purchasable","15":"product-type-simple"},"_links":{"self":[{"href":"https:\/\/subblim.com\/pt-pt\/wp-json\/wp\/v2\/product\/81383","targetHints":{"allow":["GET"]}}],"collection":[{"href":"https:\/\/subblim.com\/pt-pt\/wp-json\/wp\/v2\/product"}],"about":[{"href":"https:\/\/subblim.com\/pt-pt\/wp-json\/wp\/v2\/types\/product"}],"version-history":[{"count":0,"href":"https:\/\/subblim.com\/pt-pt\/wp-json\/wp\/v2\/product\/81383\/revisions"}],"wp:featuredmedia":[{"embeddable":true,"href":"https:\/\/subblim.com\/pt-pt\/wp-json\/wp\/v2\/media\/80263"}],"wp:attachment":[{"href":"https:\/\/subblim.com\/pt-pt\/wp-json\/wp\/v2\/media?parent=81383"}],"wp:term":[{"taxonomy":"product_brand","embeddable":true,"href":"https:\/\/subblim.com\/pt-pt\/wp-json\/wp\/v2\/product_brand?post=81383"},{"taxonomy":"product_cat","embeddable":true,"href":"https:\/\/subblim.com\/pt-pt\/wp-json\/wp\/v2\/product_cat?post=81383"},{"taxonomy":"product_tag","embeddable":true,"href":"https:\/\/subblim.com\/pt-pt\/wp-json\/wp\/v2\/product_tag?post=81383"}],"curies":[{"name":"wp","href":"https:\/\/api.w.org\/{rel}","templated":true}]}}