{"id":86697,"date":"2025-06-30T10:11:10","date_gmt":"2025-06-30T08:11:10","guid":{"rendered":"https:\/\/subblim.com\/?post_type=product&#038;p=86697"},"modified":"2025-12-24T00:05:12","modified_gmt":"2025-12-23T23:05:12","slug":"etui-clavier-keytab-pro-bt-pour-ipad-109-11-10e-11e-generation-noir-copia","status":"publish","type":"product","link":"https:\/\/subblim.com\/fr\/etui-clavier-keytab-pro-bt-pour-ipad-109-11-10e-11e-generation-noir-copia\/","title":{"rendered":"\u00c9tui clavier Keytab Pro BT pour iPad 10,9&Prime;\/11&Prime; 10e\/11e g\u00e9n\u00e9ration, noir (copia)"},"content":{"rendered":"<p>Exclusif pour l&rsquo;iPad iPad 10,9&Prime;\/11&Prime; 10e et 11e g\u00e9n\u00e9ration<br \/> Vous pouvez d\u00e9sormais travailler comme un pro et tirer le meilleur parti de votre iPad gr\u00e2ce \u00e0 ce clavier Bluetooth de derni\u00e8re g\u00e9n\u00e9ration qui comprend un pav\u00e9 tactile ultra-pr\u00e9cis (n\u00e9cessite iOS 13 ou sup\u00e9rieur) et des touches r\u00e9tro\u00e9clair\u00e9es 7 couleurs pour une utilisation dans des conditions de faible luminosit\u00e9 ambiante. <br \/> Naviguez sur votre iPad avec les mouvements et gestes que vous connaissez d\u00e9j\u00e0 ou d\u00e9placez le pointeur pour modifier facilement des documents ou des pr\u00e9sentations. <br \/> La coque arri\u00e8re est en mat\u00e9riau thermoplastique qui, en plus d&rsquo;offrir une excellente protection contre les chocs, a \u00e9galement la capacit\u00e9 de r\u00e9duire la temp\u00e9rature de l&rsquo;iPad, am\u00e9liorant ainsi ses performances. <br \/> Vous pouvez regarder des vid\u00e9os et des films gr\u00e2ce \u00e0 ses multiples angles de position. <br \/> Dans le moule exclusif et facile \u00e0 installer, il int\u00e8gre un espace pour transporter l&rsquo;Apple Pencil. <br \/> Toutes les fonctions de la tablette sont accessibles m\u00eame avec l&rsquo;\u00e9tui gr\u00e2ce \u00e0 des r\u00e9glages exclusifs et parfaitement positionn\u00e9s. <br \/> La batterie au lithium longue dur\u00e9e du clavier Bluetooth vous permettra de travailler longtemps et vous pourrez la recharger via le port Type-C.<\/p>\n<p>CLAVIER<\/p>\n<ul>\n<li>Clavier Bluetooth exclusif avec \u00e9tui pour iPad 10,9&Prime;\/11&Prime; 10e g\u00e9n\u00e9ration\/11e g\u00e9n\u00e9ration<\/li>\n<li>Compatible avec iOS et macOS v13.0 ou sup\u00e9rieur, Windows\u00ae, Android\u2122.<\/li>\n<li>Touches r\u00e9tro\u00e9clair\u00e9es en 7 couleurs s\u00e9lectionnables.<\/li>\n<li>Int\u00e8gre un pav\u00e9 tactile qui le transforme en un poste de travail complet.<\/li>\n<li>Connectez jusqu&rsquo;\u00e0 trois appareils et basculez entre eux.<\/li>\n<li>Technologie sans fil Bluetooth de derni\u00e8re g\u00e9n\u00e9ration V5.2.<\/li>\n<li>Batterie Li-Ion 420Mha avec une longue dur\u00e9e de vie (30 jours de travail).<\/li>\n<li>\u00c9conomie d&rsquo;\u00e9nergie automatique.<\/li>\n<li>Fixation du clavier \u00e0 l&rsquo;\u00e9tui par aimant technologie.<\/li>\n<\/ul>\n<p>\u00c9TUI IPAD EXCLUSIF iPad 10,9&Prime;\/11&Prime; 10e\/11e g\u00e9n\u00e9ration<\/p>\n<ul>\n<li>Mat\u00e9riau ext\u00e9rieur r\u00e9sistant avec finition en tissu.<\/li>\n<li>\u00c9tui semi-rigide antichoc avec une protection maximale pour votre iPad.<\/li>\n<li>Int\u00e9rieur velout\u00e9 pour \u00e9viter les rayures.<\/li>\n<li>Ouverture pour l&rsquo;appareil photo et le port de charge.<\/li>\n<li>Acc\u00e8s \u00e0 tous les boutons, haut-parleurs, microphone et capteurs.<\/li>\n<li>Espace d\u00e9di\u00e9 pour transporter l&rsquo;Apple Pencil.<\/li>\n<li>Syst\u00e8me de fermeture \u00e0 rabat magn\u00e9tique.<\/li>\n<li>Transport s\u00e9curis\u00e9.<\/li>\n<\/ul>\n<p>&nbsp;<\/p>\n","protected":false},"excerpt":{"rendered":"<p>Exclusivement pour l&rsquo;iPad 10,9&Prime; de 10e g\u00e9n\u00e9ration. Tirez le meilleur parti de votre iPad et travaillez comme un pro avec ce clavier Bluetooth de nouvelle g\u00e9n\u00e9ration dot\u00e9 d&rsquo;un pav\u00e9 tactile ultra-pr\u00e9cis (n\u00e9cessite iOS 13 ou version ult\u00e9rieure) et de touches r\u00e9tro\u00e9clair\u00e9es 7 couleurs pour une utilisation dans des conditions de faible luminosit\u00e9.<\/p>\n","protected":false},"featured_media":81088,"template":"","meta":[],"product_brand":[],"product_cat":[1918,2015,2014,1920,1921,2414,1919],"product_tag":[3234,2019],"class_list":{"0":"post-86697","1":"product","2":"type-product","3":"status-publish","4":"has-post-thumbnail","6":"product_cat-accessoires-tablette-fr","7":"product_cat-etuis-avec-clavier-bluetooth-pour-tablette-fr","8":"product_cat-etuis-avec-clavier-pour-tablette-fr","9":"product_cat-etuis-exclusifs-pour-tablette-fr","10":"product_cat-etuis-pour-ipad-fr","11":"product_cat-etuis-pour-ipad-avec-clavier-fr","12":"product_cat-etuis-tablette-fr","13":"product_tag-black-friday-fr","14":"product_tag-con-teclado-extraible-fr","16":"first","17":"outofstock","18":"taxable","19":"shipping-taxable","20":"purchasable","21":"product-type-simple"},"_links":{"self":[{"href":"https:\/\/subblim.com\/fr\/wp-json\/wp\/v2\/product\/86697","targetHints":{"allow":["GET"]}}],"collection":[{"href":"https:\/\/subblim.com\/fr\/wp-json\/wp\/v2\/product"}],"about":[{"href":"https:\/\/subblim.com\/fr\/wp-json\/wp\/v2\/types\/product"}],"version-history":[{"count":0,"href":"https:\/\/subblim.com\/fr\/wp-json\/wp\/v2\/product\/86697\/revisions"}],"wp:featuredmedia":[{"embeddable":true,"href":"https:\/\/subblim.com\/fr\/wp-json\/wp\/v2\/media\/81088"}],"wp:attachment":[{"href":"https:\/\/subblim.com\/fr\/wp-json\/wp\/v2\/media?parent=86697"}],"wp:term":[{"taxonomy":"product_brand","embeddable":true,"href":"https:\/\/subblim.com\/fr\/wp-json\/wp\/v2\/product_brand?post=86697"},{"taxonomy":"product_cat","embeddable":true,"href":"https:\/\/subblim.com\/fr\/wp-json\/wp\/v2\/product_cat?post=86697"},{"taxonomy":"product_tag","embeddable":true,"href":"https:\/\/subblim.com\/fr\/wp-json\/wp\/v2\/product_tag?post=86697"}],"curies":[{"name":"wp","href":"https:\/\/api.w.org\/{rel}","templated":true}]}}