{"id":82836,"date":"2025-05-22T11:54:03","date_gmt":"2025-05-22T09:54:03","guid":{"rendered":"https:\/\/subblim.com\/?post_type=product&#038;p=82836"},"modified":"2025-08-07T08:17:53","modified_gmt":"2025-08-07T06:17:53","slug":"tapis-de-souris-bleu-obsidienne-xl","status":"publish","type":"product","link":"https:\/\/subblim.com\/fr\/tapis-de-souris-bleu-obsidienne-xl\/","title":{"rendered":"Tapis de souris XL bleu obsidienne"},"content":{"rendered":"","protected":false},"excerpt":{"rendered":"<p>Le design Graffiti s&rsquo;inspire de la version plus urbaine des jeunes, qui laissent libre cours \u00e0 leur imagination et \u00e0 leur cr\u00e9ativit\u00e9 dans les endroits les plus inattendus.<\/p>\n","protected":false},"featured_media":87981,"template":"","meta":[],"product_brand":[],"product_cat":[501,503],"product_tag":[1248],"class_list":{"0":"post-82836","1":"product","2":"type-product","3":"status-publish","4":"has-post-thumbnail","6":"product_cat-alfombrillas-raton","7":"product_cat-alfombrillas-xl","8":"product_tag-menos-10","10":"first","11":"instock","12":"taxable","13":"shipping-taxable","14":"purchasable","15":"product-type-simple"},"_links":{"self":[{"href":"https:\/\/subblim.com\/fr\/wp-json\/wp\/v2\/product\/82836","targetHints":{"allow":["GET"]}}],"collection":[{"href":"https:\/\/subblim.com\/fr\/wp-json\/wp\/v2\/product"}],"about":[{"href":"https:\/\/subblim.com\/fr\/wp-json\/wp\/v2\/types\/product"}],"version-history":[{"count":1,"href":"https:\/\/subblim.com\/fr\/wp-json\/wp\/v2\/product\/82836\/revisions"}],"predecessor-version":[{"id":87984,"href":"https:\/\/subblim.com\/fr\/wp-json\/wp\/v2\/product\/82836\/revisions\/87984"}],"wp:featuredmedia":[{"embeddable":true,"href":"https:\/\/subblim.com\/fr\/wp-json\/wp\/v2\/media\/87981"}],"wp:attachment":[{"href":"https:\/\/subblim.com\/fr\/wp-json\/wp\/v2\/media?parent=82836"}],"wp:term":[{"taxonomy":"product_brand","embeddable":true,"href":"https:\/\/subblim.com\/fr\/wp-json\/wp\/v2\/product_brand?post=82836"},{"taxonomy":"product_cat","embeddable":true,"href":"https:\/\/subblim.com\/fr\/wp-json\/wp\/v2\/product_cat?post=82836"},{"taxonomy":"product_tag","embeddable":true,"href":"https:\/\/subblim.com\/fr\/wp-json\/wp\/v2\/product_tag?post=82836"}],"curies":[{"name":"wp","href":"https:\/\/api.w.org\/{rel}","templated":true}]}}