{"id":82063,"date":"2022-10-25T14:37:37","date_gmt":"2022-10-25T12:37:37","guid":{"rendered":"https:\/\/subblim.com\/mochila-de-negocios-professional-air-padding-backpack-16\/"},"modified":"2026-03-02T03:55:03","modified_gmt":"2026-03-02T02:55:03","slug":"sac-a-dos-professionnel-a-rembourrage-pneumatique-16","status":"publish","type":"product","link":"https:\/\/subblim.com\/fr\/sac-a-dos-professionnel-a-rembourrage-pneumatique-16\/","title":{"rendered":"Sac \u00e0 dos professionnel pour ordinateur avec rembourrage d&rsquo;air 16&Prime;"},"content":{"rendered":"<p>Ce sac \u00e0 dos fait partie de la gamme exclusive Air Padded de SUBBLIM, qui prot\u00e8ge votre ordinateur portable. Il dispose \u00e9galement de plusieurs compartiments et poches pour transporter tous vos accessoires, documents et effets personnels. Il est fabriqu\u00e9 avec des mat\u00e9riaux r\u00e9sistants et imperm\u00e9ables et dispose d&rsquo;un port de charge USB externe pour alimenter vos appareils.<\/p>\n<ul>\n<li>Sac \u00e0 dos exclusif con\u00e7u pour le monde du travail, des affaires ou des \u00e9tudiants.<\/li>\n<li>Transporte et prot\u00e8ge votre ordinateur jusqu&rsquo;\u00e0 16 pouces.<\/li>\n<li>Compartiment s\u00e9par\u00e9 avec espace rembourr\u00e9 pour l&rsquo;ordinateur portable avec syst\u00e8me AIR PADDING haute protection et double fermeture \u00e9clair. <br \/> Un autre compartiment vous permettra de transporter et d&rsquo;organiser tous vos accessoires ou effets personnels, avec une poche pour bouteilles, documents, stylos&#8230;<\/li>\n<li>Poche zipp\u00e9e sur le devant pour les accessoires.<\/li>\n<li>Poche de s\u00e9curit\u00e9 cach\u00e9e dans la zone lombaire.<\/li>\n<li>Deux poches lat\u00e9rales zipp\u00e9es.<\/li>\n<li>Bretelles ergonomiques, rembourr\u00e9es et r\u00e9glables avec une sangle r\u00e9glable.<\/li>\n<li>Poign\u00e9e sup\u00e9rieure rembourr\u00e9e pour un transport confortable.<\/li>\n<li>Dos renforc\u00e9 en mesh. Ventilation pour plus de confort et \u00e9vite la transpiration gr\u00e2ce \u00e0 un syst\u00e8me Airflow \u00e0 trois couches.<\/li>\n<li>Syst\u00e8me de sangle de chariot int\u00e9gr\u00e9.<\/li>\n<li>Port USB pour charger les appareils.<\/li>\n<li>Dimensions 46&#215;30,5x17cm.<\/li>\n<\/ul>\n","protected":false},"excerpt":{"rendered":"<p>Sac \u00e0 dos professionnel rembourr\u00e9 pour ordinateur portable, sp\u00e9cialement con\u00e7u pour le travail, les affaires ou les \u00e9tudes. Gr\u00e2ce \u00e0 sa qualit\u00e9, son confort et sa s\u00e9curit\u00e9, il devient votre meilleur alli\u00e9 en mati\u00e8re de mobilit\u00e9, \u00e0 emporter partout avec vous.<\/p>\n","protected":false},"featured_media":77359,"template":"","meta":[],"product_brand":[],"product_cat":[240,424,1701,385],"product_tag":[3232],"class_list":{"0":"post-82063","1":"product","2":"type-product","3":"status-publish","4":"has-post-thumbnail","6":"product_cat-mochilas","7":"product_cat-mochilas-air-padding","8":"product_cat-mochilas-para-portatiles-de-a-16","9":"product_cat-bolsas","10":"product_tag-black-friday","12":"first","13":"instock","14":"taxable","15":"shipping-taxable","16":"purchasable","17":"product-type-simple"},"_links":{"self":[{"href":"https:\/\/subblim.com\/fr\/wp-json\/wp\/v2\/product\/82063","targetHints":{"allow":["GET"]}}],"collection":[{"href":"https:\/\/subblim.com\/fr\/wp-json\/wp\/v2\/product"}],"about":[{"href":"https:\/\/subblim.com\/fr\/wp-json\/wp\/v2\/types\/product"}],"version-history":[{"count":0,"href":"https:\/\/subblim.com\/fr\/wp-json\/wp\/v2\/product\/82063\/revisions"}],"wp:featuredmedia":[{"embeddable":true,"href":"https:\/\/subblim.com\/fr\/wp-json\/wp\/v2\/media\/77359"}],"wp:attachment":[{"href":"https:\/\/subblim.com\/fr\/wp-json\/wp\/v2\/media?parent=82063"}],"wp:term":[{"taxonomy":"product_brand","embeddable":true,"href":"https:\/\/subblim.com\/fr\/wp-json\/wp\/v2\/product_brand?post=82063"},{"taxonomy":"product_cat","embeddable":true,"href":"https:\/\/subblim.com\/fr\/wp-json\/wp\/v2\/product_cat?post=82063"},{"taxonomy":"product_tag","embeddable":true,"href":"https:\/\/subblim.com\/fr\/wp-json\/wp\/v2\/product_tag?post=82063"}],"curies":[{"name":"wp","href":"https:\/\/api.w.org\/{rel}","templated":true}]}}