{"id":82060,"date":"2022-10-25T14:37:37","date_gmt":"2022-10-25T12:37:37","guid":{"rendered":"https:\/\/subblim.com\/mochila-antirrobo-secure-v2-ap-antitheft-backpack-16-black\/"},"modified":"2026-02-01T02:15:07","modified_gmt":"2026-02-01T01:15:07","slug":"sac-a-dos-antivol-secure-v2-ap-sac-a-dos-antivol-16-noir","status":"publish","type":"product","link":"https:\/\/subblim.com\/fr\/sac-a-dos-antivol-secure-v2-ap-sac-a-dos-antivol-16-noir\/","title":{"rendered":"Sac \u00e0 dos antivol Secure V2 avec rembourrage pneumatique pour ordinateurs portables jusqu&rsquo;\u00e0 16 pouces"},"content":{"rendered":"<p>Ce sac \u00e0 dos l\u00e9ger et robuste est fabriqu\u00e9 en polyester de haute qualit\u00e9, r\u00e9sistant aux coupures et d\u00e9perlant. Le compartiment d\u00e9di\u00e9 \u00e0 l&rsquo;ordinateur portable est prot\u00e9g\u00e9 par un rembourrage sp\u00e9cial AIR PADDING et l&rsquo;ouverture arri\u00e8re emp\u00eache le vol. Son grand int\u00e9rieur, dot\u00e9 de multiples compartiments et d&rsquo;un port de charge USB, en fait l&rsquo;accessoire id\u00e9al au quotidien. Avec ce sac \u00e0 dos antivol, vous n&rsquo;aurez plus \u00e0 vous soucier de vos affaires.<\/p>\n<ul>\n<li>Sac \u00e0 dos antivol pour ordinateurs portables jusqu&rsquo;\u00e0 15,6&Prime;.<\/li>\n<li>Compartiment s\u00e9par\u00e9 avec espace rembourr\u00e9 pour ordinateur portable, dot\u00e9 d&rsquo;un syst\u00e8me AIR PADDING haute protection et d&rsquo;une double fermeture \u00e9clair qui s&rsquo;ouvre par l&rsquo;arri\u00e8re pour \u00e9viter tout type de vol. <br \/>Un autre compartiment vous permettra de transporter et d&rsquo;organiser tous vos accessoires ou effets personnels de moindre valeur, avec une poche pour accessoires, documents, stylos&#8230;<\/li>\n<li>Bretelles ergonomiques et rembourr\u00e9es, r\u00e9glables gr\u00e2ce \u00e0 une sangle ajustable.<\/li>\n<li>Poign\u00e9e sup\u00e9rieure rembourr\u00e9e pour un transport confortable.<\/li>\n<li>Dos renforc\u00e9 avec maille de ventilation pour plus de confort et \u00e9viter la transpiration.<\/li>\n<li>Poche de s\u00e9curit\u00e9 cach\u00e9e au dos au niveau des lombaires.<\/li>\n<li>Syst\u00e8me de sangles pour trolley int\u00e9gr\u00e9.<\/li>\n<li>Port USB pour charger les appareils.<\/li>\n<li>Dimensions 42\u00d729,5x14cm.<\/li>\n<\/ul>\n","protected":false},"excerpt":{"rendered":"<p>Le sac \u00e0 dos antivol SUBBLIM Secure V2 allie parfaitement design moderne et s\u00e9curit\u00e9. Con\u00e7u pour les d\u00e9placements urbains, il est id\u00e9al pour transporter votre ordinateur portable et autres objets de valeur au quotidien, avec une protection et un confort optimaux.<\/p>\n","protected":false},"featured_media":97800,"template":"","meta":[],"product_brand":[],"product_cat":[1734,240,424,1701,385],"product_tag":[3232],"class_list":{"0":"post-82060","1":"product","2":"type-product","3":"status-publish","4":"has-post-thumbnail","6":"product_cat-menos-30","7":"product_cat-mochilas","8":"product_cat-mochilas-air-padding","9":"product_cat-mochilas-para-portatiles-de-a-16","10":"product_cat-bolsas","11":"product_tag-black-friday","13":"first","14":"instock","15":"taxable","16":"shipping-taxable","17":"purchasable","18":"product-type-simple"},"_links":{"self":[{"href":"https:\/\/subblim.com\/fr\/wp-json\/wp\/v2\/product\/82060","targetHints":{"allow":["GET"]}}],"collection":[{"href":"https:\/\/subblim.com\/fr\/wp-json\/wp\/v2\/product"}],"about":[{"href":"https:\/\/subblim.com\/fr\/wp-json\/wp\/v2\/types\/product"}],"version-history":[{"count":0,"href":"https:\/\/subblim.com\/fr\/wp-json\/wp\/v2\/product\/82060\/revisions"}],"wp:featuredmedia":[{"embeddable":true,"href":"https:\/\/subblim.com\/fr\/wp-json\/wp\/v2\/media\/97800"}],"wp:attachment":[{"href":"https:\/\/subblim.com\/fr\/wp-json\/wp\/v2\/media?parent=82060"}],"wp:term":[{"taxonomy":"product_brand","embeddable":true,"href":"https:\/\/subblim.com\/fr\/wp-json\/wp\/v2\/product_brand?post=82060"},{"taxonomy":"product_cat","embeddable":true,"href":"https:\/\/subblim.com\/fr\/wp-json\/wp\/v2\/product_cat?post=82060"},{"taxonomy":"product_tag","embeddable":true,"href":"https:\/\/subblim.com\/fr\/wp-json\/wp\/v2\/product_tag?post=82060"}],"curies":[{"name":"wp","href":"https:\/\/api.w.org\/{rel}","templated":true}]}}