{"id":82054,"date":"2022-10-25T14:37:37","date_gmt":"2022-10-25T12:37:37","guid":{"rendered":"https:\/\/subblim.com\/mochila-portatil-elite-airpadding-backpack-156-grey\/"},"modified":"2025-06-12T12:04:13","modified_gmt":"2025-06-12T10:04:13","slug":"sac-a-dos-pour-ordinateur-portable-elite-airpadding-sac-a-dos-156-gris","status":"publish","type":"product","link":"https:\/\/subblim.com\/fr\/sac-a-dos-pour-ordinateur-portable-elite-airpadding-sac-a-dos-156-gris\/","title":{"rendered":"Sac \u00e0 dos Elite Airpadding pour ordinateur portable 15,6 pouces, gris"},"content":{"rendered":"<p>Le sac \u00e0 dos Elite Airpadding est un sac \u00e0 dos exclusif, moderne et \u00e9l\u00e9gant.<\/p>\n<ul>\n<li>Sac \u00e0 dos pour ordinateurs portables jusqu&rsquo;\u00e0 15,6 pouces<\/li>\n<li>Grand compartiment rembourr\u00e9 pour ordinateur portable avec syst\u00e8me AIR PADDING, haute protection et double fermeture \u00e9clair.<br \/>Un autre compartiment vous permettra de transporter et d&rsquo;organiser tous vos accessoires ou effets personnels.<\/li>\n<li>Deux poches avant zipp\u00e9es pour accessoires et documents.<\/li>\n<li>Finition ext\u00e9rieure en mat\u00e9riaux r\u00e9sistants et d\u00e9perlants.<\/li>\n<li>Bretelles ergonomiques rembourr\u00e9es et r\u00e9glables gr\u00e2ce \u00e0 une sangle ajustable.<\/li>\n<li>Poign\u00e9e sup\u00e9rieure m\u00e9tallique pour un transport confortable et une touche de design moderne.<\/li>\n<li>Dos renforc\u00e9 pour plus de confort.<\/li>\n<li>Syst\u00e8me de sangles pour trolley int\u00e9gr\u00e9.<\/li>\n<li>Port USB pour recharger les appareils.<\/li>\n<li>Dimensions\u00a0: 42 x 31 x 10 cm.<\/li>\n<\/ul>\n","protected":false},"excerpt":{"rendered":"<p>Le sac \u00e0 dos SUBBLIM Elite Airpadded vous offre un look urbain et \u00e9l\u00e9gant avec un design minimaliste : la forme carr\u00e9e, les d\u00e9tails de la fermeture \u00e9clair et la poign\u00e9e en m\u00e9tal le rendent tr\u00e8s moderne et id\u00e9al pour la vie en ville.<\/p>\n","protected":false},"featured_media":77310,"template":"","meta":[],"product_brand":[],"product_cat":[2251,2842,2250,1836],"product_tag":[3234],"class_list":{"0":"post-82054","1":"product","2":"type-product","3":"status-publish","4":"has-post-thumbnail","6":"product_cat-sacs-a-dos-fr","7":"product_cat-sacs-a-dos-avec-air-padding-fr","8":"product_cat-sacs-a-dos-pour-ordinateurs-portables-15-6-pouces","9":"product_cat-sacs-et-etuis-fr","10":"product_tag-black-friday-fr","12":"first","13":"outofstock","14":"taxable","15":"shipping-taxable","16":"purchasable","17":"product-type-simple"},"_links":{"self":[{"href":"https:\/\/subblim.com\/fr\/wp-json\/wp\/v2\/product\/82054","targetHints":{"allow":["GET"]}}],"collection":[{"href":"https:\/\/subblim.com\/fr\/wp-json\/wp\/v2\/product"}],"about":[{"href":"https:\/\/subblim.com\/fr\/wp-json\/wp\/v2\/types\/product"}],"version-history":[{"count":0,"href":"https:\/\/subblim.com\/fr\/wp-json\/wp\/v2\/product\/82054\/revisions"}],"wp:featuredmedia":[{"embeddable":true,"href":"https:\/\/subblim.com\/fr\/wp-json\/wp\/v2\/media\/77310"}],"wp:attachment":[{"href":"https:\/\/subblim.com\/fr\/wp-json\/wp\/v2\/media?parent=82054"}],"wp:term":[{"taxonomy":"product_brand","embeddable":true,"href":"https:\/\/subblim.com\/fr\/wp-json\/wp\/v2\/product_brand?post=82054"},{"taxonomy":"product_cat","embeddable":true,"href":"https:\/\/subblim.com\/fr\/wp-json\/wp\/v2\/product_cat?post=82054"},{"taxonomy":"product_tag","embeddable":true,"href":"https:\/\/subblim.com\/fr\/wp-json\/wp\/v2\/product_tag?post=82054"}],"curies":[{"name":"wp","href":"https:\/\/api.w.org\/{rel}","templated":true}]}}