{"id":82048,"date":"2022-10-25T14:40:20","date_gmt":"2022-10-25T12:40:20","guid":{"rendered":"https:\/\/subblim.com\/maletin-ordenador-elite-laptop-bag-156-grey\/"},"modified":"2026-02-01T02:15:09","modified_gmt":"2026-02-01T01:15:09","slug":"mallette-ordinateur-elite-sac-ordinateur-156-gris","status":"publish","type":"product","link":"https:\/\/subblim.com\/fr\/mallette-ordinateur-elite-sac-ordinateur-156-gris\/","title":{"rendered":"Mallette Elite grise 15,6 pouces"},"content":{"rendered":"<p>La gamme Elite de SUBBLIM vous offre une excellente protection gr\u00e2ce \u00e0 son polyester Oxford. En plus d&rsquo;\u00eatre durable et pratique, elle est hautement r\u00e9sistante aux intemp\u00e9ries et aux liquides. <br \/>Vos affaires du quotidien sont facilement organis\u00e9es et les accessoires comme les chargeurs, les c\u00e2bles, les stylos et bien plus encore sont accessibles dans le compartiment avant. <br \/>Votre ordinateur portable sera prot\u00e9g\u00e9 dans le compartiment rembourr\u00e9 d\u00e9di\u00e9, qui abrite \u00e9galement d&rsquo;autres effets personnels comme des documents ou des dossiers. <br \/>Il est extr\u00eamement confortable \u00e0 porter gr\u00e2ce \u00e0 ses poign\u00e9es robustes, sa bandouli\u00e8re prot\u00e9g\u00e9e et sa sangle arri\u00e8re adaptable \u00e0 votre trolley.<\/p>\n<ul>\n<li>\u00c9l\u00e9gante mallette pour ordinateurs portables jusqu&rsquo;\u00e0 15,6 pouces.<\/li>\n<li> Fabriqu\u00e9e en polyester Oxford r\u00e9sistant.<\/li>\n<li> Combinaison de d\u00e9tails en similicuir.<\/li>\n<li> Hydrofuge.<\/li>\n<li> Int\u00e9rieur rembourr\u00e9 et renforc\u00e9.<\/li>\n<li> Double fermeture \u00e9clair sur la poche principale.<\/li>\n<li> Deux compartiments s\u00e9par\u00e9s \u00e0 l&rsquo;int\u00e9rieur.<\/li>\n<li> Poche ext\u00e9rieure de grande capacit\u00e9 pour documents, stylos, accessoires, etc.<\/li>\n<li> Bandouli\u00e8re.<\/li>\n<li> Poign\u00e9es et boucles solides pour un transport s\u00e9curis\u00e9.<\/li>\n<li> Sangle arri\u00e8re adaptable \u00e0 votre trolley.<\/li>\n<\/ul>\n","protected":false},"excerpt":{"rendered":"<p>La gamme Elite de SUBBLIM offre une excellente protection \u00e0 votre ordinateur portable jusqu&rsquo;\u00e0 15,6 pouces et permet une organisation optimale de vos documents et accessoires gr\u00e2ce \u00e0 ses compartiments. En plus d&rsquo;\u00eatre durable et pratique, elle est hautement r\u00e9sistante aux intemp\u00e9ries et aux liquides.<\/p>\n","protected":false},"featured_media":77435,"template":"","meta":[],"product_brand":[],"product_cat":[1837,1834,1835,1836],"product_tag":[3234],"class_list":{"0":"post-82048","1":"product","2":"type-product","3":"status-publish","4":"has-post-thumbnail","6":"product_cat-malettes-pour-ordinateur-portable-fr","7":"product_cat-malettes-pour-ordinateurs-portables-de-15-6-fr","8":"product_cat-menos-20-fr","9":"product_cat-sacs-et-etuis-fr","10":"product_tag-black-friday-fr","12":"first","13":"instock","14":"sale","15":"taxable","16":"shipping-taxable","17":"purchasable","18":"product-type-simple"},"_links":{"self":[{"href":"https:\/\/subblim.com\/fr\/wp-json\/wp\/v2\/product\/82048","targetHints":{"allow":["GET"]}}],"collection":[{"href":"https:\/\/subblim.com\/fr\/wp-json\/wp\/v2\/product"}],"about":[{"href":"https:\/\/subblim.com\/fr\/wp-json\/wp\/v2\/types\/product"}],"version-history":[{"count":0,"href":"https:\/\/subblim.com\/fr\/wp-json\/wp\/v2\/product\/82048\/revisions"}],"wp:featuredmedia":[{"embeddable":true,"href":"https:\/\/subblim.com\/fr\/wp-json\/wp\/v2\/media\/77435"}],"wp:attachment":[{"href":"https:\/\/subblim.com\/fr\/wp-json\/wp\/v2\/media?parent=82048"}],"wp:term":[{"taxonomy":"product_brand","embeddable":true,"href":"https:\/\/subblim.com\/fr\/wp-json\/wp\/v2\/product_brand?post=82048"},{"taxonomy":"product_cat","embeddable":true,"href":"https:\/\/subblim.com\/fr\/wp-json\/wp\/v2\/product_cat?post=82048"},{"taxonomy":"product_tag","embeddable":true,"href":"https:\/\/subblim.com\/fr\/wp-json\/wp\/v2\/product_tag?post=82048"}],"curies":[{"name":"wp","href":"https:\/\/api.w.org\/{rel}","templated":true}]}}