{"id":82033,"date":"2022-10-25T17:15:03","date_gmt":"2022-10-25T15:15:03","guid":{"rendered":"https:\/\/subblim.com\/funda-libro-electronico-clever-ebook-case-6%e2%80%b3-roja\/"},"modified":"2026-03-02T03:55:04","modified_gmt":"2026-03-02T02:55:04","slug":"etui-intelligent-pour-livre-electronique-rouge","status":"publish","type":"product","link":"https:\/\/subblim.com\/fr\/etui-intelligent-pour-livre-electronique-rouge\/","title":{"rendered":"\u00c9tui rouge intelligent pour ebook"},"content":{"rendered":"<ul>\n<li>\u00c9tui pour liseuse compatible avec tous les mod\u00e8les jusqu&rsquo;\u00e0 6 pouces<\/li>\n<li>Combinaison de couleurs pour une touche d&rsquo;\u00e9l\u00e9gance.<\/li>\n<li>Un \u00e9tui l\u00e9ger pour prot\u00e9ger et transporter votre liseuse en toute s\u00e9curit\u00e9.<\/li>\n<li>Mat\u00e9riau ext\u00e9rieur haute r\u00e9sistance avec finition imitation fibre de carbone.<\/li>\n<li>Int\u00e9rieur en microfibre velout\u00e9e qui prot\u00e8ge des rayures.<\/li>\n<li>Syst\u00e8me de pliage pour une lecture confortable, m\u00eame d&rsquo;une seule main.<\/li>\n<li>Syst\u00e8me de fixation exclusif en silicone moul\u00e9.<\/li>\n<li>N&rsquo;endommage pas l&rsquo;\u00e9cran de votre appareil.<\/li>\n<li>Syst\u00e8me de fermeture \u00e0 l&rsquo;aide d&rsquo;une bande \u00e9lastique, facilitant un transport en toute s\u00e9curit\u00e9.<\/li>\n<\/ul>\n","protected":false},"excerpt":{"rendered":"<p>Un \u00e9tui l\u00e9ger pour livres num\u00e9riques jusqu&rsquo;\u00e0 6 pouces, con\u00e7u pour prot\u00e9ger et transporter votre liseuse en toute s\u00e9curit\u00e9. Compatible avec les marques les plus vendues\u00a0: Kindle, Woxter, Sony, Cervantes, Vivlio, Kobo, Tagus, PocketBook.<\/p>\n","protected":false},"featured_media":77495,"template":"","meta":[],"product_brand":[],"product_cat":[507,1733,385],"product_tag":[3232],"class_list":{"0":"post-82033","1":"product","2":"type-product","3":"status-publish","4":"has-post-thumbnail","6":"product_cat-fundas-ebook","7":"product_cat-menos-20","8":"product_cat-bolsas","9":"product_tag-black-friday","11":"first","12":"outofstock","13":"taxable","14":"shipping-taxable","15":"purchasable","16":"product-type-simple"},"_links":{"self":[{"href":"https:\/\/subblim.com\/fr\/wp-json\/wp\/v2\/product\/82033","targetHints":{"allow":["GET"]}}],"collection":[{"href":"https:\/\/subblim.com\/fr\/wp-json\/wp\/v2\/product"}],"about":[{"href":"https:\/\/subblim.com\/fr\/wp-json\/wp\/v2\/types\/product"}],"version-history":[{"count":0,"href":"https:\/\/subblim.com\/fr\/wp-json\/wp\/v2\/product\/82033\/revisions"}],"wp:featuredmedia":[{"embeddable":true,"href":"https:\/\/subblim.com\/fr\/wp-json\/wp\/v2\/media\/77495"}],"wp:attachment":[{"href":"https:\/\/subblim.com\/fr\/wp-json\/wp\/v2\/media?parent=82033"}],"wp:term":[{"taxonomy":"product_brand","embeddable":true,"href":"https:\/\/subblim.com\/fr\/wp-json\/wp\/v2\/product_brand?post=82033"},{"taxonomy":"product_cat","embeddable":true,"href":"https:\/\/subblim.com\/fr\/wp-json\/wp\/v2\/product_cat?post=82033"},{"taxonomy":"product_tag","embeddable":true,"href":"https:\/\/subblim.com\/fr\/wp-json\/wp\/v2\/product_tag?post=82033"}],"curies":[{"name":"wp","href":"https:\/\/api.w.org\/{rel}","templated":true}]}}