{"id":82030,"date":"2022-10-25T17:15:03","date_gmt":"2022-10-25T15:15:03","guid":{"rendered":"https:\/\/subblim.com\/funda-libro-electronico-clever-ebook-stand-case-6%e2%80%b3-grey\/"},"modified":"2026-03-02T03:55:04","modified_gmt":"2026-03-02T02:55:04","slug":"etui-clever-pour-livre-electronique-6-pouces-gris","status":"publish","type":"product","link":"https:\/\/subblim.com\/fr\/etui-clever-pour-livre-electronique-6-pouces-gris\/","title":{"rendered":"\u00c9tui intelligent pour livre \u00e9lectronique 6 pouces, gris"},"content":{"rendered":"<ul>\n<li>\u00c9tui pour liseuse compatible avec tous les mod\u00e8les jusqu&rsquo;\u00e0 6 pouces<\/li>\n<li>\u00c9tui l\u00e9ger pour prot\u00e9ger et transporter votre liseuse en toute s\u00e9curit\u00e9.<\/li>\n<li>Mat\u00e9riau ext\u00e9rieur haute r\u00e9sistance avec finition tissu qui repousse l&rsquo;eau et les \u00e9claboussures.<\/li>\n<li>Int\u00e9rieur en microfibre qui prot\u00e8ge des rayures et emp\u00eache la transpiration et la chaleur de vos mains de se propager \u00e0 l&rsquo;appareil.<\/li>\n<li>L&rsquo;appareil est maintenu en place par un syst\u00e8me en silicone tr\u00e8s s\u00fbr.<\/li>\n<li>Il n&rsquo;endommage pas l&rsquo;\u00e9cran de votre appareil.<\/li>\n<li>Syst\u00e8me de pliage avec fonction support pour une lecture confortable et une pose sur n&rsquo;importe quelle surface.<\/li>\n<li>Design ergonomique et l\u00e9ger, vous ne remarquerez pas que vous le portez.<\/li>\n<li>Syst\u00e8me de fermeture par rabat magn\u00e9tique, facilitant le transport.<\/li>\n<\/ul>\n","protected":false},"excerpt":{"rendered":"<p>\u00c9tui gris pour livre num\u00e9rique avec support. Robuste et l\u00e9ger, il vous permet de transporter votre livre num\u00e9rique jusqu&rsquo;\u00e0 6 pouces partout et de le lire confortablement. Compatible avec Kindle, Woxter, Sony, Cervantes, Vivlio, Kobo, Tagus, PocketBook.<\/p>\n","protected":false},"featured_media":77530,"template":"","meta":[],"product_brand":[],"product_cat":[507,1733,385],"product_tag":[],"class_list":{"0":"post-82030","1":"product","2":"type-product","3":"status-publish","4":"has-post-thumbnail","6":"product_cat-fundas-ebook","7":"product_cat-menos-20","8":"product_cat-bolsas","10":"first","11":"instock","12":"sale","13":"taxable","14":"shipping-taxable","15":"purchasable","16":"product-type-simple"},"_links":{"self":[{"href":"https:\/\/subblim.com\/fr\/wp-json\/wp\/v2\/product\/82030","targetHints":{"allow":["GET"]}}],"collection":[{"href":"https:\/\/subblim.com\/fr\/wp-json\/wp\/v2\/product"}],"about":[{"href":"https:\/\/subblim.com\/fr\/wp-json\/wp\/v2\/types\/product"}],"version-history":[{"count":0,"href":"https:\/\/subblim.com\/fr\/wp-json\/wp\/v2\/product\/82030\/revisions"}],"wp:featuredmedia":[{"embeddable":true,"href":"https:\/\/subblim.com\/fr\/wp-json\/wp\/v2\/media\/77530"}],"wp:attachment":[{"href":"https:\/\/subblim.com\/fr\/wp-json\/wp\/v2\/media?parent=82030"}],"wp:term":[{"taxonomy":"product_brand","embeddable":true,"href":"https:\/\/subblim.com\/fr\/wp-json\/wp\/v2\/product_brand?post=82030"},{"taxonomy":"product_cat","embeddable":true,"href":"https:\/\/subblim.com\/fr\/wp-json\/wp\/v2\/product_cat?post=82030"},{"taxonomy":"product_tag","embeddable":true,"href":"https:\/\/subblim.com\/fr\/wp-json\/wp\/v2\/product_tag?post=82030"}],"curies":[{"name":"wp","href":"https:\/\/api.w.org\/{rel}","templated":true}]}}