{"id":82027,"date":"2022-10-25T17:15:03","date_gmt":"2022-10-25T15:15:03","guid":{"rendered":"https:\/\/subblim.com\/funda-libro-electronico-clever-ebook-case-6%e2%80%b3-marmol-negro\/"},"modified":"2026-05-04T00:05:07","modified_gmt":"2026-05-03T22:05:07","slug":"etui-intelligent-pour-livre-electronique-marbre-noir","status":"publish","type":"product","link":"https:\/\/subblim.com\/fr\/etui-intelligent-pour-livre-electronique-marbre-noir\/","title":{"rendered":"\u00c9tui pour ebook Clever en marbre noir"},"content":{"rendered":"<ul>\n<li>\u00c9tui pour liseuse compatible avec tous les mod\u00e8les jusqu&rsquo;\u00e0 6 pouces<\/li>\n<li>Design original avec une touche de marbre noir.<\/li>\n<li>Un \u00e9tui l\u00e9ger pour prot\u00e9ger et transporter votre liseuse en toute s\u00e9curit\u00e9.<\/li>\n<li>Mat\u00e9riau ext\u00e9rieur haute r\u00e9sistance avec finition PU.<\/li>\n<li>Int\u00e9rieur en microfibre velout\u00e9e qui la prot\u00e8ge des rayures.<\/li>\n<li>Syst\u00e8me de pliage pour une lecture confortable, m\u00eame d&rsquo;une seule main.<\/li>\n<li>Syst\u00e8me de fixation exclusif en silicone moul\u00e9.<\/li>\n<li>N&rsquo;endommage pas l&rsquo;\u00e9cran de votre appareil.<\/li>\n<li>Syst\u00e8me de fermeture \u00e0 bande \u00e9lastique, facilitant un transport en toute s\u00e9curit\u00e9.<\/li>\n<\/ul>\n","protected":false},"excerpt":{"rendered":"<p> \u00c9tui de protection \u00e9l\u00e9gant, l\u00e9ger et protecteur pour les appareils jusqu&rsquo;\u00e0 6 pouces. Kindle, Woxter, Sony, Cervantes, Vivlio, Kobo, Tagus, PocketBook.<\/p>\n","protected":false},"featured_media":80696,"template":"","meta":[],"product_brand":[],"product_cat":[2808,2129,1836],"product_tag":[],"class_list":{"0":"post-82027","1":"product","2":"type-product","3":"status-publish","4":"has-post-thumbnail","6":"product_cat-etuis-pour-ebook-fr","7":"product_cat-menos-10-fr","8":"product_cat-sacs-et-etuis-fr","10":"first","11":"instock","12":"taxable","13":"shipping-taxable","14":"purchasable","15":"product-type-simple"},"_links":{"self":[{"href":"https:\/\/subblim.com\/fr\/wp-json\/wp\/v2\/product\/82027","targetHints":{"allow":["GET"]}}],"collection":[{"href":"https:\/\/subblim.com\/fr\/wp-json\/wp\/v2\/product"}],"about":[{"href":"https:\/\/subblim.com\/fr\/wp-json\/wp\/v2\/types\/product"}],"version-history":[{"count":0,"href":"https:\/\/subblim.com\/fr\/wp-json\/wp\/v2\/product\/82027\/revisions"}],"wp:featuredmedia":[{"embeddable":true,"href":"https:\/\/subblim.com\/fr\/wp-json\/wp\/v2\/media\/80696"}],"wp:attachment":[{"href":"https:\/\/subblim.com\/fr\/wp-json\/wp\/v2\/media?parent=82027"}],"wp:term":[{"taxonomy":"product_brand","embeddable":true,"href":"https:\/\/subblim.com\/fr\/wp-json\/wp\/v2\/product_brand?post=82027"},{"taxonomy":"product_cat","embeddable":true,"href":"https:\/\/subblim.com\/fr\/wp-json\/wp\/v2\/product_cat?post=82027"},{"taxonomy":"product_tag","embeddable":true,"href":"https:\/\/subblim.com\/fr\/wp-json\/wp\/v2\/product_tag?post=82027"}],"curies":[{"name":"wp","href":"https:\/\/api.w.org\/{rel}","templated":true}]}}