{"id":82012,"date":"2022-10-26T08:04:49","date_gmt":"2022-10-26T06:04:49","guid":{"rendered":"https:\/\/subblim.com\/funda-tablet-alta-proteccion-extreme-tablet-case-96-11-black\/"},"modified":"2025-06-12T12:02:17","modified_gmt":"2025-06-12T10:02:17","slug":"etui-pour-tablette-haute-protection-extreme-etui-pour-tablette-96-11-noir","status":"publish","type":"product","link":"https:\/\/subblim.com\/fr\/etui-pour-tablette-haute-protection-extreme-etui-pour-tablette-96-11-noir\/","title":{"rendered":"\u00c9tui universel pour tablette Extreme Case haute protection de 9,6 \u00e0 11 pouces, noir"},"content":{"rendered":"<p>L&rsquo;\u00e9tui pour tablette Extreme de SUBBLIM est l&rsquo;\u00e9tui ultime pour prot\u00e9ger votre tablette des chocs et des chutes du quotidien gr\u00e2ce \u00e0 sa protection ext\u00e9rieure \u00e0 360\u00b0, compos\u00e9e de nervures robustes qui convergent en formes g\u00e9om\u00e9triques, lui conf\u00e9rant une grande r\u00e9sistance.<br \/> Il est dot\u00e9 d&rsquo;un rabat \u00e0 fermeture magn\u00e9tique, facilitant son transport en toute s\u00e9curit\u00e9.<br \/> Le support antid\u00e9rapant vous permet de placer la tablette sous diff\u00e9rents angles de visionnement ou d&rsquo;\u00e9criture. Les ports et les boutons de connexion restent accessibles m\u00eame lorsque votre tablette est dans l&rsquo;\u00e9tui, gr\u00e2ce \u00e0 de grandes ouvertures sur tous les c\u00f4t\u00e9s.<br \/> Design universel compatible avec les tablettes et iPads avec \u00e9crans de 9,6&Prime; \u00e0 11&Prime;.<br \/> L\u00e9ger et dot\u00e9 d&rsquo;une finition \u00e0 structure g\u00e9om\u00e9trique, il offre une haute protection contre les chutes et les chocs du quotidien.<br \/> Soumis \u00e0 des tests de qualit\u00e9 militaire.<br \/> Offre un acc\u00e8s complet \u00e0 tous les boutons et connecteurs.<br \/> Position support avec 3 angles de visionnement et de saisie r\u00e9glables.<br \/> Adaptable \u00e0 tous les mod\u00e8les de tablettes gr\u00e2ce \u00e0 un syst\u00e8me de fixation en silicone exclusif. N&rsquo;ab\u00eeme pas votre tablette.<br \/> Int\u00e9rieur doux et velout\u00e9.<br \/> Fermeture \u00e0 rabat magn\u00e9tique. Transport s\u00e9curis\u00e9.<\/p>\n","protected":false},"excerpt":{"rendered":"<p>L&rsquo;\u00e9tui pour tablette Extreme de Subblim est l&rsquo;\u00e9tui ultime pour prot\u00e9ger votre tablette des chocs et des chutes du quotidien, gr\u00e2ce \u00e0 sa protection ext\u00e9rieure \u00e0 360\u00b0 bas\u00e9e sur de solides nervures qui convergent en formes g\u00e9om\u00e9triques, lui conf\u00e9rant une grande r\u00e9sistance.<\/p>\n","protected":false},"featured_media":78062,"template":"","meta":[],"product_brand":[],"product_cat":[386,1699,412,508],"product_tag":[1248],"class_list":{"0":"post-82012","1":"product","2":"type-product","3":"status-publish","4":"has-post-thumbnail","6":"product_cat-accesorios-tablet","7":"product_cat-colores-lisos","8":"product_cat-fundas-tablet","9":"product_cat-fundas-universales-de-9-a-11-pulgadas","10":"product_tag-menos-10","12":"first","13":"outofstock","14":"taxable","15":"shipping-taxable","16":"purchasable","17":"product-type-simple"},"_links":{"self":[{"href":"https:\/\/subblim.com\/fr\/wp-json\/wp\/v2\/product\/82012","targetHints":{"allow":["GET"]}}],"collection":[{"href":"https:\/\/subblim.com\/fr\/wp-json\/wp\/v2\/product"}],"about":[{"href":"https:\/\/subblim.com\/fr\/wp-json\/wp\/v2\/types\/product"}],"version-history":[{"count":0,"href":"https:\/\/subblim.com\/fr\/wp-json\/wp\/v2\/product\/82012\/revisions"}],"wp:featuredmedia":[{"embeddable":true,"href":"https:\/\/subblim.com\/fr\/wp-json\/wp\/v2\/media\/78062"}],"wp:attachment":[{"href":"https:\/\/subblim.com\/fr\/wp-json\/wp\/v2\/media?parent=82012"}],"wp:term":[{"taxonomy":"product_brand","embeddable":true,"href":"https:\/\/subblim.com\/fr\/wp-json\/wp\/v2\/product_brand?post=82012"},{"taxonomy":"product_cat","embeddable":true,"href":"https:\/\/subblim.com\/fr\/wp-json\/wp\/v2\/product_cat?post=82012"},{"taxonomy":"product_tag","embeddable":true,"href":"https:\/\/subblim.com\/fr\/wp-json\/wp\/v2\/product_tag?post=82012"}],"curies":[{"name":"wp","href":"https:\/\/api.w.org\/{rel}","templated":true}]}}