{"id":82009,"date":"2022-10-26T08:04:49","date_gmt":"2022-10-26T06:04:49","guid":{"rendered":"https:\/\/subblim.com\/funda-tablet-universal-trendy-case-england\/"},"modified":"2026-03-02T03:55:05","modified_gmt":"2026-03-02T02:55:05","slug":"etui-universel-pour-tablette-etui-tendance-angleterre","status":"publish","type":"product","link":"https:\/\/subblim.com\/fr\/etui-universel-pour-tablette-etui-tendance-angleterre\/","title":{"rendered":"\u00c9tui universel pour tablette Trendy Case England de 9,6&Prime; \u00e0 11&Prime;"},"content":{"rendered":"<p>Trendy Case est un \u00e9tui universel pour prot\u00e9ger votre tablette. Son style est moderne, \u00e9l\u00e9gant et ludique, d\u00e9velopp\u00e9 par des designers en tenant compte des pr\u00e9f\u00e9rences de l&rsquo;utilisateur. La finition ext\u00e9rieure en PU et les coutures raffin\u00e9es conf\u00e8rent au produit un aspect haut de gamme.<br \/>Le support antid\u00e9rapant permet de positionner la tablette selon diff\u00e9rents angles de vue. Les ports et boutons restent accessibles m\u00eame lorsque votre tablette est dans l&rsquo;\u00e9tui, gr\u00e2ce \u00e0 de grandes ouvertures sur tous les c\u00f4t\u00e9s.<br \/>Con\u00e7u pour les tablettes jusqu&rsquo;\u00e0 11 pouces<br \/>Finition moderne et l\u00e9g\u00e8re avec des mat\u00e9riaux de haute qualit\u00e9<br \/>Tous les boutons et connecteurs sont accessibles \u00e0 100 %<br \/>Position support avec 3 angles de vue<br \/>Adaptable \u00e0 tous les mod\u00e8les de tablettes gr\u00e2ce \u00e0 un syst\u00e8me de fixation exclusif en silicone qui n&rsquo;ab\u00eeme pas votre tablette<br \/>Int\u00e9rieur doux et velout\u00e9<br \/>Syst\u00e8me de fermeture par bande \u00e9lastique. Transport s\u00e9curis\u00e9<\/p>\n","protected":false},"excerpt":{"rendered":"<p>\u00c9tui tendance pour tablette universelle avec un design original du drapeau Union Jack, offrant un style personnel et une protection \u00e0 votre appareil \u00e0 tout moment.<\/p>\n","protected":false},"featured_media":77987,"template":"","meta":[],"product_brand":[],"product_cat":[386,412,508,1650,1732],"product_tag":[],"class_list":{"0":"post-82009","1":"product","2":"type-product","3":"status-publish","4":"has-post-thumbnail","6":"product_cat-accesorios-tablet","7":"product_cat-fundas-tablet","8":"product_cat-fundas-universales-de-9-a-11-pulgadas","9":"product_cat-fundas-universales-tablet-trendy","10":"product_cat-menos-10","12":"first","13":"outofstock","14":"sale","15":"taxable","16":"shipping-taxable","17":"purchasable","18":"product-type-simple"},"_links":{"self":[{"href":"https:\/\/subblim.com\/fr\/wp-json\/wp\/v2\/product\/82009","targetHints":{"allow":["GET"]}}],"collection":[{"href":"https:\/\/subblim.com\/fr\/wp-json\/wp\/v2\/product"}],"about":[{"href":"https:\/\/subblim.com\/fr\/wp-json\/wp\/v2\/types\/product"}],"version-history":[{"count":0,"href":"https:\/\/subblim.com\/fr\/wp-json\/wp\/v2\/product\/82009\/revisions"}],"wp:featuredmedia":[{"embeddable":true,"href":"https:\/\/subblim.com\/fr\/wp-json\/wp\/v2\/media\/77987"}],"wp:attachment":[{"href":"https:\/\/subblim.com\/fr\/wp-json\/wp\/v2\/media?parent=82009"}],"wp:term":[{"taxonomy":"product_brand","embeddable":true,"href":"https:\/\/subblim.com\/fr\/wp-json\/wp\/v2\/product_brand?post=82009"},{"taxonomy":"product_cat","embeddable":true,"href":"https:\/\/subblim.com\/fr\/wp-json\/wp\/v2\/product_cat?post=82009"},{"taxonomy":"product_tag","embeddable":true,"href":"https:\/\/subblim.com\/fr\/wp-json\/wp\/v2\/product_tag?post=82009"}],"curies":[{"name":"wp","href":"https:\/\/api.w.org\/{rel}","templated":true}]}}