{"id":81991,"date":"2022-10-26T10:04:22","date_gmt":"2022-10-26T08:04:22","guid":{"rendered":"https:\/\/subblim.com\/funda-teclado-keytab-pro-bt-touchpad-ipad-102-105-black\/"},"modified":"2025-06-12T12:02:17","modified_gmt":"2025-06-12T10:02:17","slug":"etui-clavier-keytab-pro-bt-touchpad-ipad-102-105-noir","status":"publish","type":"product","link":"https:\/\/subblim.com\/fr\/etui-clavier-keytab-pro-bt-touchpad-ipad-102-105-noir\/","title":{"rendered":"\u00c9tui clavier tactile pour iPad 10,2&Prime; Keytab Pro BT"},"content":{"rendered":"<p>Naviguez sur votre iPad avec des gestes familiers ou d\u00e9placez le pointeur pour modifier facilement des documents ou des pr\u00e9sentations. <br \/> La coque arri\u00e8re est fabriqu\u00e9e en mat\u00e9riau thermoplastique qui offre non seulement une excellente protection contre les chocs, mais a \u00e9galement la capacit\u00e9 de r\u00e9duire la temp\u00e9rature de l&rsquo;iPad, am\u00e9liorant ainsi ses performances. <br \/>Vous pouvez regarder des vid\u00e9os et des films gr\u00e2ce aux multiples angles de positionnement. <br \/>Le moule exclusif et facile \u00e0 installer comprend un espace pour transporter l&rsquo;Apple Pencil. <br \/>Toutes les fonctions de la tablette sont accessibles m\u00eame avec l&rsquo;\u00e9tui gr\u00e2ce \u00e0 des r\u00e9glages exclusifs et parfaitement positionn\u00e9s. <br \/>La batterie au lithium longue dur\u00e9e que le clavier Bluetooth int\u00e8gre vous permettra de travailler pendant de longues p\u00e9riodes et vous pourrez la recharger via le port MicroUSB. <\/p>\n<ul>\n<li>Clavier Bluetooth exclusif avec \u00e9tui pour iPad 10,2&Prime;.<\/li>\n<li>Compatible avec iOS et macOS v13.0 ou sup\u00e9rieur.<\/li>\n<li>Comprend un pav\u00e9 tactile qui le transforme en station de travail compl\u00e8te.<\/li>\n<li>Batterie Li-Ion 420\u00a0Mha avec une longue dur\u00e9e de vie (30\u00a0jours de travail).<\/li>\n<li>\u00c9conomie d&rsquo;\u00e9nergie automatique.<\/li>\n<li>Le clavier se fixe \u00e0 l&rsquo;\u00e9tui gr\u00e2ce \u00e0 la technologie magn\u00e9tique.<\/li>\n<li>Mat\u00e9riau ext\u00e9rieur r\u00e9sistant avec une finition en tissu.<\/li>\n<li>\u00c9tui semi-rigide antichoc offrant une protection maximale pour votre iPad.<\/li>\n<li>Int\u00e9rieur velout\u00e9 pour \u00e9viter les rayures.<\/li>\n<li>Ouverture pour l&rsquo;appareil photo et le port de charge.<\/li>\n<li>Acc\u00e8s \u00e0 tous les boutons, haut-parleurs, microphone et capteurs.<\/li>\n<li>Espace exclusif pour transporter l&rsquo;Apple Pencil.<\/li>\n<li>Syst\u00e8me de fermeture \u00e0 rabat magn\u00e9tique.<\/li>\n<li>Transport s\u00e9curis\u00e9.<\/li>\n<\/ul>\n","protected":false},"excerpt":{"rendered":"<p>Exclusivement pour l&rsquo;iPad 10,2&Prime; (7e, 8e et 9e g\u00e9n\u00e9rations). Travaillez comme un pro et profitez pleinement de votre iPad gr\u00e2ce \u00e0 ce clavier Bluetooth de derni\u00e8re g\u00e9n\u00e9ration dot\u00e9 d&rsquo;un pav\u00e9 tactile ultra-pr\u00e9cis (n\u00e9cessite iOS 13 ou version ult\u00e9rieure).<\/p>\n","protected":false},"featured_media":78886,"template":"","meta":[],"product_brand":[],"product_cat":[386,1661,1632,1185,1180,380,352,1695,412],"product_tag":[1616],"class_list":{"0":"post-81991","1":"product","2":"type-product","3":"status-publish","4":"has-post-thumbnail","6":"product_cat-accesorios-tablet","7":"product_cat-teclados-bluetooth","8":"product_cat-teclados-para-ipad","9":"product_cat-fundas-con-teclado-bluetooth","10":"product_cat-fundas-con-teclado","11":"product_cat-fundas-tablet-exclusivas","12":"product_cat-funda-ipad","13":"product_cat-fundas-para-ipad-con-teclado","14":"product_cat-fundas-tablet","15":"product_tag-con-teclado-extraible","17":"first","18":"outofstock","19":"taxable","20":"shipping-taxable","21":"purchasable","22":"product-type-simple"},"_links":{"self":[{"href":"https:\/\/subblim.com\/fr\/wp-json\/wp\/v2\/product\/81991","targetHints":{"allow":["GET"]}}],"collection":[{"href":"https:\/\/subblim.com\/fr\/wp-json\/wp\/v2\/product"}],"about":[{"href":"https:\/\/subblim.com\/fr\/wp-json\/wp\/v2\/types\/product"}],"version-history":[{"count":0,"href":"https:\/\/subblim.com\/fr\/wp-json\/wp\/v2\/product\/81991\/revisions"}],"wp:featuredmedia":[{"embeddable":true,"href":"https:\/\/subblim.com\/fr\/wp-json\/wp\/v2\/media\/78886"}],"wp:attachment":[{"href":"https:\/\/subblim.com\/fr\/wp-json\/wp\/v2\/media?parent=81991"}],"wp:term":[{"taxonomy":"product_brand","embeddable":true,"href":"https:\/\/subblim.com\/fr\/wp-json\/wp\/v2\/product_brand?post=81991"},{"taxonomy":"product_cat","embeddable":true,"href":"https:\/\/subblim.com\/fr\/wp-json\/wp\/v2\/product_cat?post=81991"},{"taxonomy":"product_tag","embeddable":true,"href":"https:\/\/subblim.com\/fr\/wp-json\/wp\/v2\/product_tag?post=81991"}],"curies":[{"name":"wp","href":"https:\/\/api.w.org\/{rel}","templated":true}]}}