{"id":81985,"date":"2022-10-26T10:04:22","date_gmt":"2022-10-26T08:04:22","guid":{"rendered":"https:\/\/subblim.com\/funda-con-teclado-micro-usb-usb-c-keytab-england\/"},"modified":"2026-02-01T02:15:13","modified_gmt":"2026-02-01T01:15:13","slug":"etui-avec-clavier-micro-usb-usb-c-keytab-angleterre","status":"publish","type":"product","link":"https:\/\/subblim.com\/fr\/etui-avec-clavier-micro-usb-usb-c-keytab-angleterre\/","title":{"rendered":"\u00c9tui clavier USB Keytab Pro 9,6&Prime; \u2013 11&Prime; Angleterre"},"content":{"rendered":"<p>Faites passer l&rsquo;informatique mobile au niveau sup\u00e9rieur avec cet \u00e9tui clavier universel pour tablettes Android. <br \/>Il fixe votre tablette de 9 \u00e0 11 pouces \u00e0 un angle id\u00e9al pour \u00e9crire ou regarder des vid\u00e9os, et elle reste en place gr\u00e2ce au support magn\u00e9tique int\u00e9gr\u00e9. <br \/>Sa coque durable avec un imprim\u00e9 original est r\u00e9sistante aux \u00e9claboussures et prot\u00e8ge votre tablette pendant une utilisation quotidienne. <br \/>Profitez d&rsquo;heures de frappe flexible et confortable avec de grandes touches bien espac\u00e9es qui s&rsquo;\u00e9tendent d&rsquo;un bord \u00e0 l&rsquo;autre pour offrir beaucoup d&rsquo;espace \u00e0 vos mains. <br \/>Il offre une profondeur optimale pour une frappe rapide et confortable. <br \/>Des touches de raccourci et de fonction Android d\u00e9di\u00e9es vous permettent de contr\u00f4ler votre tablette sans quitter le clavier.<\/p>\n<ul>\n<li>Clavier int\u00e9gr\u00e9 avec \u00e9tui pour tablettes jusqu&rsquo;\u00e0 11 pouces.<\/li>\n<li>Compatible avec les appareils Android 4.0 ou versions ult\u00e9rieures.<\/li>\n<li>Connecteur micro USB avec adaptateur Type C inclus.<\/li>\n<li>Mat\u00e9riau ext\u00e9rieur r\u00e9sistant avec imprim\u00e9 original \u00ab\u00a0England\u00a0\u00bb.<\/li>\n<li>Int\u00e9rieur velout\u00e9 pour \u00e9viter les rayures.<\/li>\n<li>Syst\u00e8me exclusif de fixation par moulage en silicone.<\/li>\n<li>N&rsquo;endommage pas l&rsquo;\u00e9cran de votre appareil et s&rsquo;adapte au clavier int\u00e9gr\u00e9.<\/li>\n<li>Syst\u00e8me de fermeture \u00e0 rabat magn\u00e9tique.<\/li>\n<li>Transport s\u00e9curis\u00e9.<\/li>\n<\/ul>\n","protected":false},"excerpt":{"rendered":"<p>Un design original anglais pour ajouter une touche de personnalit\u00e9 \u00e0 votre tablette, compl\u00e9t\u00e9 par un clavier pour en tirer le meilleur parti et transformer votre appareil Android en mini ordinateur portable.<\/p>\n","protected":false},"featured_media":78725,"template":"","meta":[],"product_brand":[],"product_cat":[386,1180,1181,412,1698,1733],"product_tag":[],"class_list":{"0":"post-81985","1":"product","2":"type-product","3":"status-publish","4":"has-post-thumbnail","6":"product_cat-accesorios-tablet","7":"product_cat-fundas-con-teclado","8":"product_cat-fundas-con-teclado-usb","9":"product_cat-fundas-tablet","10":"product_cat-fundas-universales-de-9-6-a-11-con-teclado","11":"product_cat-menos-20","13":"first","14":"outofstock","15":"sale","16":"taxable","17":"shipping-taxable","18":"purchasable","19":"product-type-simple"},"_links":{"self":[{"href":"https:\/\/subblim.com\/fr\/wp-json\/wp\/v2\/product\/81985","targetHints":{"allow":["GET"]}}],"collection":[{"href":"https:\/\/subblim.com\/fr\/wp-json\/wp\/v2\/product"}],"about":[{"href":"https:\/\/subblim.com\/fr\/wp-json\/wp\/v2\/types\/product"}],"version-history":[{"count":0,"href":"https:\/\/subblim.com\/fr\/wp-json\/wp\/v2\/product\/81985\/revisions"}],"wp:featuredmedia":[{"embeddable":true,"href":"https:\/\/subblim.com\/fr\/wp-json\/wp\/v2\/media\/78725"}],"wp:attachment":[{"href":"https:\/\/subblim.com\/fr\/wp-json\/wp\/v2\/media?parent=81985"}],"wp:term":[{"taxonomy":"product_brand","embeddable":true,"href":"https:\/\/subblim.com\/fr\/wp-json\/wp\/v2\/product_brand?post=81985"},{"taxonomy":"product_cat","embeddable":true,"href":"https:\/\/subblim.com\/fr\/wp-json\/wp\/v2\/product_cat?post=81985"},{"taxonomy":"product_tag","embeddable":true,"href":"https:\/\/subblim.com\/fr\/wp-json\/wp\/v2\/product_tag?post=81985"}],"curies":[{"name":"wp","href":"https:\/\/api.w.org\/{rel}","templated":true}]}}