{"id":81973,"date":"2022-10-26T10:04:22","date_gmt":"2022-10-26T08:04:22","guid":{"rendered":"https:\/\/subblim.com\/funda-tablet-shock-case-ipad-102-black\/"},"modified":"2025-06-12T12:01:34","modified_gmt":"2025-06-12T10:01:34","slug":"etui-pour-tablette-shock-case-ipad-102-noir","status":"publish","type":"product","link":"https:\/\/subblim.com\/fr\/etui-pour-tablette-shock-case-ipad-102-noir\/","title":{"rendered":"\u00c9tui antichoc pour tablette iPad 10,2&Prime; (9e\/8e\/7e g\u00e9n\u00e9ration) noir"},"content":{"rendered":"<p>\u00c9tui exclusif pour iPad 10,2&Prime; 9e\/8e\/7e g\u00e9n\u00e9ration qui offre une protection compl\u00e8te \u00e0 votre appareil \u00e0 tout moment. <br \/> Son design moderne et \u00e9l\u00e9gant au format Full SmartCover. La coque arri\u00e8re est en thermoplastique qui dissipe la chaleur de l&rsquo;iPad et offre une protection sp\u00e9ciale pour que vous n&rsquo;ayez pas \u00e0 vous soucier des dommages. Elle est renforc\u00e9e contre les chutes. <br \/>S&rsquo;installe facilement gr\u00e2ce \u00e0 un simple clip. <br \/>Il offre diff\u00e9rents angles de vue pour regarder des vid\u00e9os ou \u00e9crire. <br \/>Toutes les fonctions de la tablette sont accessibles avec l&rsquo;\u00e9tui et l&rsquo;ouverture pour appareil photo vous permet de prendre des photos et des vid\u00e9os. <br \/>Cet \u00e9tui monobloc s&rsquo;adaptera parfaitement \u00e0 votre nouvel iPad 10,2&Prime; gr\u00e2ce \u00e0 sa fermeture magn\u00e9tique de pr\u00e9cision. Il offre une protection id\u00e9ale o\u00f9 que vous alliez. <\/p>\n<ul>\n<li>\u00c9tui exclusif pour iPad 10.2 9e\/8e\/7e g\u00e9n\u00e9ration.<\/li>\n<li>Mat\u00e9riau ext\u00e9rieur r\u00e9sistant avec finition en tissu.<\/li>\n<li>Bords renforc\u00e9s contre les chutes accidentelles.<\/li>\n<li>\u00c9tui semi-rigide antichoc pour une protection maximale.<\/li>\n<li>Mat\u00e9riau thermoplastique avec capacit\u00e9 de dissipation thermique.<\/li>\n<li>Design ultra-l\u00e9ger et tr\u00e8s fin.<\/li>\n<li>Int\u00e9rieur velout\u00e9 pour \u00e9viter les rayures.<\/li>\n<li>Ouverture pour appareil photo \u00e0 l&rsquo;arri\u00e8re.<\/li>\n<li>Acc\u00e8s facile aux boutons de commande et au port de chargement USB.<\/li>\n<li>Fonction support \u00e0 deux positions pour la visualisation.<\/li>\n<li>Espace int\u00e9gr\u00e9 pour transporter l&rsquo;Apple Pencil.<\/li>\n<li>Le syst\u00e8me de fermeture est magn\u00e9tique, facilitant un transport s\u00e9curis\u00e9.<\/li>\n<\/ul>\n","protected":false},"excerpt":{"rendered":"<p>\u00c9tui exclusif pour iPad 10,2&Prime; de 9e\/8e\/7e g\u00e9n\u00e9ration, offrant une protection compl\u00e8te \u00e0 votre appareil \u00e0 tout moment. Son design moderne et \u00e9l\u00e9gant est propos\u00e9 dans un format SmartCover int\u00e9gral.<\/p>\n","protected":false},"featured_media":77804,"template":"","meta":[],"product_brand":[],"product_cat":[1918,1920,1921,1919,1917],"product_tag":[],"class_list":{"0":"post-81973","1":"product","2":"type-product","3":"status-publish","4":"has-post-thumbnail","6":"product_cat-accessoires-tablette-fr","7":"product_cat-etuis-exclusifs-pour-tablette-fr","8":"product_cat-etuis-pour-ipad-fr","9":"product_cat-etuis-tablette-fr","10":"product_cat-shock-case-fr","12":"first","13":"outofstock","14":"taxable","15":"shipping-taxable","16":"purchasable","17":"product-type-simple"},"_links":{"self":[{"href":"https:\/\/subblim.com\/fr\/wp-json\/wp\/v2\/product\/81973","targetHints":{"allow":["GET"]}}],"collection":[{"href":"https:\/\/subblim.com\/fr\/wp-json\/wp\/v2\/product"}],"about":[{"href":"https:\/\/subblim.com\/fr\/wp-json\/wp\/v2\/types\/product"}],"version-history":[{"count":0,"href":"https:\/\/subblim.com\/fr\/wp-json\/wp\/v2\/product\/81973\/revisions"}],"wp:featuredmedia":[{"embeddable":true,"href":"https:\/\/subblim.com\/fr\/wp-json\/wp\/v2\/media\/77804"}],"wp:attachment":[{"href":"https:\/\/subblim.com\/fr\/wp-json\/wp\/v2\/media?parent=81973"}],"wp:term":[{"taxonomy":"product_brand","embeddable":true,"href":"https:\/\/subblim.com\/fr\/wp-json\/wp\/v2\/product_brand?post=81973"},{"taxonomy":"product_cat","embeddable":true,"href":"https:\/\/subblim.com\/fr\/wp-json\/wp\/v2\/product_cat?post=81973"},{"taxonomy":"product_tag","embeddable":true,"href":"https:\/\/subblim.com\/fr\/wp-json\/wp\/v2\/product_tag?post=81973"}],"curies":[{"name":"wp","href":"https:\/\/api.w.org\/{rel}","templated":true}]}}