{"id":81949,"date":"2022-10-26T10:04:49","date_gmt":"2022-10-26T08:04:49","guid":{"rendered":"https:\/\/subblim.com\/funda-tablet-universal-trendy-case-mariposas-96-11\/"},"modified":"2025-06-12T12:00:54","modified_gmt":"2025-06-12T10:00:54","slug":"etui-universel-pour-tablette-trendy-case-papillons-96-11","status":"publish","type":"product","link":"https:\/\/subblim.com\/fr\/etui-universel-pour-tablette-trendy-case-papillons-96-11\/","title":{"rendered":"\u00c9tui universel pour tablette Trendy Case Butterfly (9,6 \u00e0 11 pouces)"},"content":{"rendered":"<p>Trendy Case est un \u00e9tui universel pour prot\u00e9ger votre tablette.<br \/> Son style est moderne, \u00e9l\u00e9gant et ludique, d\u00e9velopp\u00e9 par des designers en tenant compte des pr\u00e9f\u00e9rences de l&rsquo;utilisateur.<br \/> La finition ext\u00e9rieure en PU et les coutures raffin\u00e9es conf\u00e8rent au produit un aspect haut de gamme.<br \/> Le support antid\u00e9rapant permet de positionner la tablette sous diff\u00e9rents angles de vue.<br \/> Les ports et boutons de connexion restent accessibles m\u00eame lorsque votre tablette est dans l&rsquo;\u00e9tui, gr\u00e2ce \u00e0 de grandes ouvertures sur tous les c\u00f4t\u00e9s.<\/p>\n<ul>\n<li>Con\u00e7u pour les tablettes jusqu&rsquo;\u00e0 11 pouces<\/li>\n<li>Moderne et l\u00e9ger, avec des mat\u00e9riaux de haute qualit\u00e9.<\/li>\n<li>Tous les boutons et connecteurs sont accessibles \u00e0 100 %.<\/li>\n<li>Position support avec 3 angles de vue.<\/li>\n<li>Adaptable \u00e0 tous les mod\u00e8les de tablettes gr\u00e2ce \u00e0 un syst\u00e8me de fixation exclusif en silicone qui n&rsquo;ab\u00eeme pas votre tablette.<\/li>\n<li>Int\u00e9rieur doux et velout\u00e9.<\/li>\n<li>Syst\u00e8me de fermeture par bande \u00e9lastique. Transport s\u00e9curis\u00e9.<\/li>\n<\/ul>\n","protected":false},"excerpt":{"rendered":"<p>Design color\u00e9 et attrayant pour votre tablette universelle Trendy Case. Le support antid\u00e9rapant vous permet de positionner votre tablette selon diff\u00e9rents angles de vue.<\/p>\n","protected":false},"featured_media":78053,"template":"","meta":[],"product_brand":[],"product_cat":[386,412,508,1650],"product_tag":[],"class_list":{"0":"post-81949","1":"product","2":"type-product","3":"status-publish","4":"has-post-thumbnail","6":"product_cat-accesorios-tablet","7":"product_cat-fundas-tablet","8":"product_cat-fundas-universales-de-9-a-11-pulgadas","9":"product_cat-fundas-universales-tablet-trendy","11":"first","12":"outofstock","13":"taxable","14":"shipping-taxable","15":"purchasable","16":"product-type-simple"},"_links":{"self":[{"href":"https:\/\/subblim.com\/fr\/wp-json\/wp\/v2\/product\/81949","targetHints":{"allow":["GET"]}}],"collection":[{"href":"https:\/\/subblim.com\/fr\/wp-json\/wp\/v2\/product"}],"about":[{"href":"https:\/\/subblim.com\/fr\/wp-json\/wp\/v2\/types\/product"}],"version-history":[{"count":0,"href":"https:\/\/subblim.com\/fr\/wp-json\/wp\/v2\/product\/81949\/revisions"}],"wp:featuredmedia":[{"embeddable":true,"href":"https:\/\/subblim.com\/fr\/wp-json\/wp\/v2\/media\/78053"}],"wp:attachment":[{"href":"https:\/\/subblim.com\/fr\/wp-json\/wp\/v2\/media?parent=81949"}],"wp:term":[{"taxonomy":"product_brand","embeddable":true,"href":"https:\/\/subblim.com\/fr\/wp-json\/wp\/v2\/product_brand?post=81949"},{"taxonomy":"product_cat","embeddable":true,"href":"https:\/\/subblim.com\/fr\/wp-json\/wp\/v2\/product_cat?post=81949"},{"taxonomy":"product_tag","embeddable":true,"href":"https:\/\/subblim.com\/fr\/wp-json\/wp\/v2\/product_tag?post=81949"}],"curies":[{"name":"wp","href":"https:\/\/api.w.org\/{rel}","templated":true}]}}