{"id":81865,"date":"2022-10-26T12:04:22","date_gmt":"2022-10-26T10:04:22","guid":{"rendered":"https:\/\/subblim.com\/funda-teclado-keytab-pro-bt-trendy-leon\/"},"modified":"2025-12-24T00:05:15","modified_gmt":"2025-12-23T23:05:15","slug":"etui-clavier-keytab-pro-bt-trendy-leon","status":"publish","type":"product","link":"https:\/\/subblim.com\/fr\/etui-clavier-keytab-pro-bt-trendy-leon\/","title":{"rendered":"\u00c9tui clavier Bluetooth Keytab Pro Trendy Leon"},"content":{"rendered":"<p>Ce clavier Bluetooth est int\u00e9gr\u00e9 dans un \u00e9tui de haute qualit\u00e9 compatible avec toutes les tablettes de 9,6&Prime; \u00e0 11&Prime; du march\u00e9. Avec son motif Lion N\u00e9on, il vous permettra de r\u00e9aliser vos meilleures performances. Il se connecte facilement \u00e0 tout appareil compatible Bluetooth 5.2 de derni\u00e8re g\u00e9n\u00e9ration pour une saisie plus rapide et plus confortable. Un m\u00e9canisme \u00e0 ressort sous chaque touche assure une r\u00e9ponse tactile optimale \u00e0 chaque frappe, vous permettant de taper plus rapidement et avec moins d&rsquo;erreurs que sur un \u00e9cran tactile. Son design ultra-fin offre une protection maximale pour un encombrement minimal. Vous pouvez le positionner en mode support pour une saisie correcte ou pour regarder des vid\u00e9os. Cet \u00e9tui polyvalent et protecteur de SUBBLIM est dot\u00e9 d&rsquo;un clavier int\u00e9gr\u00e9 pour un transport plus l\u00e9ger. Vous pouvez passer facilement du travail au jeu, o\u00f9 que vous l&rsquo;utilisiez. Clavier espagnol avec technologie Bluetooth int\u00e9gr\u00e9e et \u00e9tui pour tablettes jusqu&rsquo;\u00e0 11&Prime;. Version sans fil Bluetooth 5.2 permettant de connecter jusqu&rsquo;\u00e0 3 appareils sur diff\u00e9rents canaux. Compatible avec Windows\u00ae 8\/10\/11, AndroidTM, iOS\/iPadOS 13 et macOS. Compatible avec iPad 10.2&Prime;, Samsung Tab A8, A7, Lenovo Tab M10, M10 FHD, Huawei, Xiaomi, TCL, SPC, Denver et Alcatel. Batterie Li-ion 300 Mhz longue dur\u00e9e (30 jours d&rsquo;autonomie). \u00c9conomie d&rsquo;\u00e9nergie automatique et faible consommation. Mat\u00e9riau ext\u00e9rieur r\u00e9sistant avec finition PU. Acc\u00e8s d\u00e9di\u00e9 aux boutons et au port de charge. Fermeture par bande \u00e9lastique pour un transport s\u00e9curis\u00e9.<\/p>\n","protected":false},"excerpt":{"rendered":"<p>Ce clavier Bluetooth 5.2 est int\u00e9gr\u00e9 dans un \u00e9tui de haute qualit\u00e9 compatible avec toutes les tablettes de 9,6 \u00e0 11 pouces du march\u00e9. Son design original et distinctif vous permettra de personnaliser votre tablette et d&rsquo;en tirer le meilleur parti en la transformant en ordinateur portable.<\/p>\n","protected":false},"featured_media":78995,"template":"","meta":[],"product_brand":[],"product_cat":[1918,2015,2014,1919,2334,2536,1835],"product_tag":[3234,2537],"class_list":{"0":"post-81865","1":"product","2":"type-product","3":"status-publish","4":"has-post-thumbnail","6":"product_cat-accessoires-tablette-fr","7":"product_cat-etuis-avec-clavier-bluetooth-pour-tablette-fr","8":"product_cat-etuis-avec-clavier-pour-tablette-fr","9":"product_cat-etuis-tablette-fr","10":"product_cat-etuis-universels-de-9-6-a-11-avec-clavier-fr","11":"product_cat-keytab-pro-bluetooth-trendy-fr","12":"product_cat-menos-20-fr","13":"product_tag-black-friday-fr","14":"product_tag-con-teclado-integrado-fr","16":"first","17":"outofstock","18":"taxable","19":"shipping-taxable","20":"purchasable","21":"product-type-simple"},"_links":{"self":[{"href":"https:\/\/subblim.com\/fr\/wp-json\/wp\/v2\/product\/81865","targetHints":{"allow":["GET"]}}],"collection":[{"href":"https:\/\/subblim.com\/fr\/wp-json\/wp\/v2\/product"}],"about":[{"href":"https:\/\/subblim.com\/fr\/wp-json\/wp\/v2\/types\/product"}],"version-history":[{"count":0,"href":"https:\/\/subblim.com\/fr\/wp-json\/wp\/v2\/product\/81865\/revisions"}],"wp:featuredmedia":[{"embeddable":true,"href":"https:\/\/subblim.com\/fr\/wp-json\/wp\/v2\/media\/78995"}],"wp:attachment":[{"href":"https:\/\/subblim.com\/fr\/wp-json\/wp\/v2\/media?parent=81865"}],"wp:term":[{"taxonomy":"product_brand","embeddable":true,"href":"https:\/\/subblim.com\/fr\/wp-json\/wp\/v2\/product_brand?post=81865"},{"taxonomy":"product_cat","embeddable":true,"href":"https:\/\/subblim.com\/fr\/wp-json\/wp\/v2\/product_cat?post=81865"},{"taxonomy":"product_tag","embeddable":true,"href":"https:\/\/subblim.com\/fr\/wp-json\/wp\/v2\/product_tag?post=81865"}],"curies":[{"name":"wp","href":"https:\/\/api.w.org\/{rel}","templated":true}]}}