{"id":81859,"date":"2022-10-26T12:04:22","date_gmt":"2022-10-26T10:04:22","guid":{"rendered":"https:\/\/subblim.com\/funda-teclado-keytab-pro-bt-trendy-marmol-azul\/"},"modified":"2026-02-01T02:15:13","modified_gmt":"2026-02-01T01:15:13","slug":"etui-clavier-keytab-pro-bt-bleu-marbre-tendance","status":"publish","type":"product","link":"https:\/\/subblim.com\/fr\/etui-clavier-keytab-pro-bt-bleu-marbre-tendance\/","title":{"rendered":"\u00c9tui clavier Bluetooth Keytab Pro, motif marbre bleu tendance"},"content":{"rendered":"<p>Ce clavier Bluetooth est int\u00e9gr\u00e9 dans un \u00e9tui de haute qualit\u00e9 compatible avec toutes les tablettes du march\u00e9, de 9,6 \u00e0 11 pouces. Son design en marbre bleu symbolise la concentration, la tranquillit\u00e9 et le calme, tout en am\u00e9liorant la communication. Il se connecte parfaitement \u00e0 tout appareil compatible avec la technologie Bluetooth 5.2 de derni\u00e8re g\u00e9n\u00e9ration pour une saisie plus rapide et plus confortable. Un m\u00e9canisme \u00e0 ressort sous chaque touche assure une r\u00e9ponse tactile \u00e0 chaque frappe, vous permettant de taper plus rapidement et avec moins d&rsquo;erreurs que sur un \u00e9cran tactile. Son \u00e9tui ultra-fin offre une protection maximale avec un encombrement minimal. Vous pouvez le positionner en mode support pour \u00e9crire correctement ou regarder des vid\u00e9os.<\/p>\n<ul>\n<li>Cet \u00e9tui polyvalent et protecteur de SUBBLIM est dot\u00e9 d&rsquo;un clavier int\u00e9gr\u00e9 qui permet un transport plus l\u00e9ger.<\/li>\n<li>Vous pouvez basculer facilement entre le travail et les loisirs o\u00f9 que vous l&rsquo;utilisiez.<\/li>\n<li>Clavier espagnol avec technologie Bluetooth int\u00e9gr\u00e9e et \u00e9tui pour tablettes jusqu&rsquo;\u00e0 11&Prime;.<\/li>\n<li>Version sans fil 5.2 qui prend en charge la connexion jusqu&rsquo;\u00e0 3 appareils sur diff\u00e9rents canaux.<\/li>\n<li>Compatible avec les appareils Windows\u00ae 8\/10\/11, AndroidTM, iOS \/ iPadOS 13 et macOS.<\/li>\n<li>Utilisable avec iPad 10.2&Prime;, Samsung Tab A8, A7, Lenovo Tab M10, M10 FHD, Huawei, Xiaomi, TCL, SPC, Denver, Alcatel.<\/li>\n<li>Batterie Li-Ion 300Mha avec une longue dur\u00e9e de vie (30 jours de travail).<\/li>\n<li>\u00c9conomie d&rsquo;\u00e9nergie automatique et faible consommation consommation.<\/li>\n<li>Mat\u00e9riau ext\u00e9rieur r\u00e9sistant avec finition PU.<\/li>\n<li>Acc\u00e8s exclusif aux boutons et au port de charge.<\/li>\n<li>Syst\u00e8me de fermeture \u00e0 bande \u00e9lastique pour un transport s\u00e9curis\u00e9.<\/li>\n<\/ul>\n","protected":false},"excerpt":{"rendered":"<p>Ce clavier Bluetooth 5.2 est int\u00e9gr\u00e9 dans un \u00e9tui de haute qualit\u00e9 compatible avec toutes les tablettes de 9,6 \u00e0 11 pouces du march\u00e9. Son design original et \u00e9l\u00e9gant vous permettra de personnaliser votre tablette et d&rsquo;en tirer pleinement parti en la transformant en ordinateur portable.<\/p>\n","protected":false},"featured_media":78964,"template":"","meta":[],"product_brand":[],"product_cat":[1918,2015,2014,1919,2334,2536,1835],"product_tag":[],"class_list":{"0":"post-81859","1":"product","2":"type-product","3":"status-publish","4":"has-post-thumbnail","6":"product_cat-accessoires-tablette-fr","7":"product_cat-etuis-avec-clavier-bluetooth-pour-tablette-fr","8":"product_cat-etuis-avec-clavier-pour-tablette-fr","9":"product_cat-etuis-tablette-fr","10":"product_cat-etuis-universels-de-9-6-a-11-avec-clavier-fr","11":"product_cat-keytab-pro-bluetooth-trendy-fr","12":"product_cat-menos-20-fr","14":"first","15":"instock","16":"sale","17":"taxable","18":"shipping-taxable","19":"purchasable","20":"product-type-simple"},"_links":{"self":[{"href":"https:\/\/subblim.com\/fr\/wp-json\/wp\/v2\/product\/81859","targetHints":{"allow":["GET"]}}],"collection":[{"href":"https:\/\/subblim.com\/fr\/wp-json\/wp\/v2\/product"}],"about":[{"href":"https:\/\/subblim.com\/fr\/wp-json\/wp\/v2\/types\/product"}],"version-history":[{"count":0,"href":"https:\/\/subblim.com\/fr\/wp-json\/wp\/v2\/product\/81859\/revisions"}],"wp:featuredmedia":[{"embeddable":true,"href":"https:\/\/subblim.com\/fr\/wp-json\/wp\/v2\/media\/78964"}],"wp:attachment":[{"href":"https:\/\/subblim.com\/fr\/wp-json\/wp\/v2\/media?parent=81859"}],"wp:term":[{"taxonomy":"product_brand","embeddable":true,"href":"https:\/\/subblim.com\/fr\/wp-json\/wp\/v2\/product_brand?post=81859"},{"taxonomy":"product_cat","embeddable":true,"href":"https:\/\/subblim.com\/fr\/wp-json\/wp\/v2\/product_cat?post=81859"},{"taxonomy":"product_tag","embeddable":true,"href":"https:\/\/subblim.com\/fr\/wp-json\/wp\/v2\/product_tag?post=81859"}],"curies":[{"name":"wp","href":"https:\/\/api.w.org\/{rel}","templated":true}]}}