{"id":81844,"date":"2022-10-26T12:04:22","date_gmt":"2022-10-26T10:04:22","guid":{"rendered":"https:\/\/subblim.com\/funda-teclado-keytab-pro-bt-lenovo-tab-m10-hd-tb-x306\/"},"modified":"2025-06-12T11:58:41","modified_gmt":"2025-06-12T09:58:41","slug":"etui-clavier-keytab-pro-bt-lenovo-tab-m10-hd-tb-x306","status":"publish","type":"product","link":"https:\/\/subblim.com\/fr\/etui-clavier-keytab-pro-bt-lenovo-tab-m10-hd-tb-x306\/","title":{"rendered":"\u00c9tui clavier Bluetooth pour Lenovo Tab M10 HD TB306 Keytab Pro"},"content":{"rendered":"<p>Cet \u00e9tui SUBBLIM polyvalent et protecteur, exclusivement pour la tablette Lenovo Tab M10 HD TB-X306, est dot\u00e9 d&rsquo;un clavier d\u00e9tachable qui vous permet de passer facilement du travail au jeu.<br \/> Le syst\u00e8me \u00e0 ressort sous chaque touche assure une r\u00e9ponse tactile \u00e0 chaque frappe, vous aidant \u00e0 taper plus rapidement et avec moins d&rsquo;erreurs que sur un \u00e9cran tactile.<br \/> Le design ultra-fin de l&rsquo;\u00e9tui offre une protection maximale dans un espace minimal.<br \/> Trouvez l&rsquo;angle parfait en mode paysage gr\u00e2ce au support r\u00e9glable qui s&rsquo;adapte \u00e0 vos pr\u00e9f\u00e9rences d&rsquo;affichage personnelles.<br \/> Toutes les fonctions de la tablette sont accessibles m\u00eame avec l&rsquo;\u00e9tui.<\/p>\n<ul>\n<li>Clavier BT exclusif avec \u00e9tui pour tablette Lenovo Tab M10 HD TB-X306.<\/li>\n<li>Compatible avec les appareils Windows, Android, iOS et macOS.<\/li>\n<li>Batterie Li-ion 420 Mha avec une longue dur\u00e9e de vie (30 jours d&rsquo;autonomie).<\/li>\n<li>\u00c9conomie d&rsquo;\u00e9nergie automatique.<\/li>\n<li>Fixation magn\u00e9tique du clavier \u00e0 l&rsquo;\u00e9tui.<\/li>\n<li>Mat\u00e9riau ext\u00e9rieur durable avec Finition tissu.<\/li>\n<li>Int\u00e9rieur en velours pour \u00e9viter les rayures.<\/li>\n<li>Acc\u00e8s d\u00e9di\u00e9 aux boutons, au port de charge et \u00e0 la prise casque.<\/li>\n<li>D\u00e9coupe pour la cam\u00e9ra arri\u00e8re.<\/li>\n<li>Syst\u00e8me de fermeture \u00e0 rabat magn\u00e9tique.<\/li>\n<li>Transport s\u00e9curis\u00e9.<\/li>\n<\/ul>\n","protected":false},"excerpt":{"rendered":"<p>\u00c9tui clavier Bluetooth amovible exclusif pour tablette Lenovo Tab M10 HD TB-X306. Design ultra-fin pour transporter le clavier et votre tablette avec une protection maximale dans un minimum d&rsquo;espace.<\/p>\n","protected":false},"featured_media":78838,"template":"","meta":[],"product_brand":[],"product_cat":[1918,2015,2014,1920,2016,2018,1919],"product_tag":[2019],"class_list":{"0":"post-81844","1":"product","2":"type-product","3":"status-publish","4":"has-post-thumbnail","6":"product_cat-accessoires-tablette-fr","7":"product_cat-etuis-avec-clavier-bluetooth-pour-tablette-fr","8":"product_cat-etuis-avec-clavier-pour-tablette-fr","9":"product_cat-etuis-exclusifs-pour-tablette-fr","10":"product_cat-etuis-pour-tablette-lenovo-avec-clavier-fr","11":"product_cat-etuis-pour-tablettes-lenovo-fr","12":"product_cat-etuis-tablette-fr","13":"product_tag-con-teclado-extraible-fr","15":"first","16":"outofstock","17":"taxable","18":"shipping-taxable","19":"purchasable","20":"product-type-simple"},"_links":{"self":[{"href":"https:\/\/subblim.com\/fr\/wp-json\/wp\/v2\/product\/81844","targetHints":{"allow":["GET"]}}],"collection":[{"href":"https:\/\/subblim.com\/fr\/wp-json\/wp\/v2\/product"}],"about":[{"href":"https:\/\/subblim.com\/fr\/wp-json\/wp\/v2\/types\/product"}],"version-history":[{"count":0,"href":"https:\/\/subblim.com\/fr\/wp-json\/wp\/v2\/product\/81844\/revisions"}],"wp:featuredmedia":[{"embeddable":true,"href":"https:\/\/subblim.com\/fr\/wp-json\/wp\/v2\/media\/78838"}],"wp:attachment":[{"href":"https:\/\/subblim.com\/fr\/wp-json\/wp\/v2\/media?parent=81844"}],"wp:term":[{"taxonomy":"product_brand","embeddable":true,"href":"https:\/\/subblim.com\/fr\/wp-json\/wp\/v2\/product_brand?post=81844"},{"taxonomy":"product_cat","embeddable":true,"href":"https:\/\/subblim.com\/fr\/wp-json\/wp\/v2\/product_cat?post=81844"},{"taxonomy":"product_tag","embeddable":true,"href":"https:\/\/subblim.com\/fr\/wp-json\/wp\/v2\/product_tag?post=81844"}],"curies":[{"name":"wp","href":"https:\/\/api.w.org\/{rel}","templated":true}]}}