{"id":81832,"date":"2022-10-26T12:04:48","date_gmt":"2022-10-26T10:04:48","guid":{"rendered":"https:\/\/subblim.com\/funda-teclado-keytab-pro-bt-trendy-marmol-blanco\/"},"modified":"2026-03-02T03:55:08","modified_gmt":"2026-03-02T02:55:08","slug":"etui-clavier-keytab-pro-bt-blanc-marbre-tendance","status":"publish","type":"product","link":"https:\/\/subblim.com\/fr\/etui-clavier-keytab-pro-bt-blanc-marbre-tendance\/","title":{"rendered":"\u00c9tui clavier Bluetooth Keytab Pro tendance en marbre blanc"},"content":{"rendered":"<p>Ce clavier Bluetooth est int\u00e9gr\u00e9 dans un \u00e9tui de haute qualit\u00e9 compatible avec toutes les tablettes de 9,6 \u00e0 11 pouces du march\u00e9. Son design en marbre blanc est synonyme de d\u00e9licatesse et de beaut\u00e9. Il est \u00e9nergique et stimulant d&rsquo;affronter votre quotidien.<br \/> Il se connecte facilement \u00e0 tout appareil compatible avec la technologie Bluetooth 5.2 de derni\u00e8re g\u00e9n\u00e9ration pour une frappe plus rapide et plus confortable.<br \/> Un m\u00e9canisme \u00e0 ressort sous chaque touche assure une r\u00e9ponse tactile \u00e0 chaque frappe, vous aidant \u00e0 taper plus rapidement et avec moins d&rsquo;erreurs que sur un \u00e9cran tactile.<br \/> Le design ultra-fin de l&rsquo;\u00e9tui offre une protection maximale avec un encombrement minimal.<br \/> Vous pouvez le positionner en mode support pour une frappe correcte ou pour regarder des vid\u00e9os.<\/p>\n<ul>\n<li>Cet \u00e9tui polyvalent et protecteur de SUBBLIM est dot\u00e9 d&rsquo;un clavier int\u00e9gr\u00e9 qui permet un transport plus l\u00e9ger.<\/li>\n<li>Vous pouvez basculer facilement entre le travail et les loisirs, o\u00f9 que vous l&rsquo;utilisiez.<\/li>\n<li>Clavier espagnol avec technologie Bluetooth int\u00e9gr\u00e9e et \u00e9tui pour tablettes jusqu&rsquo;\u00e0 11 pouces.<\/li>\n<li>Version sans fil Bluetooth 5.2 qui prend en charge la connexion de jusqu&rsquo;\u00e0 3 appareils sur diff\u00e9rents canaux.<\/li>\n<li>Compatible avec les appareils Windows\u00ae 8\/10\/11, AndroidTM, iOS\/iPadOS 13 et macOS.<\/li>\n<li>Utilisable avec iPad 10,2\u00a0\u00bb, Samsung Tab A8, A7, Lenovo Tab M10, M10 FHD, Huawei, Xiaomi, TCL, SPC, Denver, Alcatel.<\/li>\n<li>Batterie Li-Ion 300\u00a0Mha longue dur\u00e9e (30\u00a0jours d&rsquo;autonomie).<\/li>\n<li>\u00c9conomie d&rsquo;\u00e9nergie automatique et faible consommation.<\/li>\n<li>Mat\u00e9riau ext\u00e9rieur r\u00e9sistant avec finition PU.<\/li>\n<li>Acc\u00e8s d\u00e9di\u00e9 aux boutons et au port de charge.<\/li>\n<li>Syst\u00e8me de fermeture par bande \u00e9lastique pour un transport s\u00e9curis\u00e9.<\/li>\n<\/ul>\n","protected":false},"excerpt":{"rendered":"<p>Ce clavier Bluetooth 5.2 est int\u00e9gr\u00e9 dans un \u00e9tui de haute qualit\u00e9 compatible avec toutes les tablettes de 9,6 \u00e0 11 pouces du march\u00e9. Son design \u00e9l\u00e9gant et raffin\u00e9 lui conf\u00e8re une touche personnelle. Transformez votre tablette en ordinateur portable et profitez-en pleinement.<\/p>\n","protected":false},"featured_media":79010,"template":"","meta":[],"product_brand":[],"product_cat":[386,1185,1180,412,1698,1210,1733],"product_tag":[],"class_list":{"0":"post-81832","1":"product","2":"type-product","3":"status-publish","4":"has-post-thumbnail","6":"product_cat-accesorios-tablet","7":"product_cat-fundas-con-teclado-bluetooth","8":"product_cat-fundas-con-teclado","9":"product_cat-fundas-tablet","10":"product_cat-fundas-universales-de-9-6-a-11-con-teclado","11":"product_cat-keytab-pro-bluetooth-trendy-fundas-con-teclado-bluetooth","12":"product_cat-menos-20","14":"first","15":"instock","16":"sale","17":"taxable","18":"shipping-taxable","19":"purchasable","20":"product-type-simple"},"_links":{"self":[{"href":"https:\/\/subblim.com\/fr\/wp-json\/wp\/v2\/product\/81832","targetHints":{"allow":["GET"]}}],"collection":[{"href":"https:\/\/subblim.com\/fr\/wp-json\/wp\/v2\/product"}],"about":[{"href":"https:\/\/subblim.com\/fr\/wp-json\/wp\/v2\/types\/product"}],"version-history":[{"count":0,"href":"https:\/\/subblim.com\/fr\/wp-json\/wp\/v2\/product\/81832\/revisions"}],"wp:featuredmedia":[{"embeddable":true,"href":"https:\/\/subblim.com\/fr\/wp-json\/wp\/v2\/media\/79010"}],"wp:attachment":[{"href":"https:\/\/subblim.com\/fr\/wp-json\/wp\/v2\/media?parent=81832"}],"wp:term":[{"taxonomy":"product_brand","embeddable":true,"href":"https:\/\/subblim.com\/fr\/wp-json\/wp\/v2\/product_brand?post=81832"},{"taxonomy":"product_cat","embeddable":true,"href":"https:\/\/subblim.com\/fr\/wp-json\/wp\/v2\/product_cat?post=81832"},{"taxonomy":"product_tag","embeddable":true,"href":"https:\/\/subblim.com\/fr\/wp-json\/wp\/v2\/product_tag?post=81832"}],"curies":[{"name":"wp","href":"https:\/\/api.w.org\/{rel}","templated":true}]}}