{"id":81829,"date":"2022-11-21T08:46:28","date_gmt":"2022-11-21T07:46:28","guid":{"rendered":"https:\/\/subblim.com\/alfombrilla-cargador-inalambrico-aluminio-silver-10w-2\/"},"modified":"2026-04-30T00:10:14","modified_gmt":"2026-04-29T22:10:14","slug":"tapis-de-chargement-sans-fil-aluminium-argent-10-w-2","status":"publish","type":"product","link":"https:\/\/subblim.com\/fr\/tapis-de-chargement-sans-fil-aluminium-argent-10-w-2\/","title":{"rendered":"Tapis de chargement sans fil en aluminium argent\u00e9 10 W"},"content":{"rendered":"<p>Profitez de sensations haut de gamme gr\u00e2ce \u00e0 un design innovant et une surface en aluminium anodis\u00e9 qui permet un mouvement optimal de la souris.<br \/>Tapis int\u00e9grant une base de chargement sans fil pour appareils mobiles (Android, Apple et Windows Phone) et souris compatibles avec la charge rapide par induction jusqu&rsquo;\u00e0 10 W. <br \/>La base est en caoutchouc antid\u00e9rapant pour une stabilit\u00e9 optimale. <\/p>\n<p>Finitions de qualit\u00e9 gr\u00e2ce \u00e0 un processus de fabrication soign\u00e9. <\/p>\n<ul>\n<li>Surface en aluminium anodis\u00e9.<\/li>\n<li>\n<p>La base antid\u00e9rapante garantit un maintien optimal.<\/li>\n<li>\n<p>Gardez votre bureau bien rang\u00e9 et ordonn\u00e9 avec l&rsquo;\u00e9l\u00e9gant tapis de souris SUBBLIM.<\/li>\n<li>\n<p>Charge ultra rapide 10 W.<\/li>\n<li>\n<p>Indicateurs LED d&rsquo;\u00e9tat de charge.<\/li>\n<\/ul>\n","protected":false},"excerpt":{"rendered":"<p>Solution 2 en 1. Un tapis de souris de haute qualit\u00e9 pour un contr\u00f4le parfait et la commodit\u00e9 d&rsquo;un chargeur sans fil pour votre t\u00e9l\u00e9phone, le tout en un.<\/p>\n","protected":false},"featured_media":79162,"template":"","meta":[],"product_brand":[],"product_cat":[502,1734,501],"product_tag":[],"class_list":{"0":"post-81829","1":"product","2":"type-product","3":"status-publish","4":"has-post-thumbnail","6":"product_cat-con-carga-inalambrica","7":"product_cat-menos-30","8":"product_cat-alfombrillas-raton","10":"first","11":"instock","12":"taxable","13":"shipping-taxable","14":"purchasable","15":"product-type-simple"},"_links":{"self":[{"href":"https:\/\/subblim.com\/fr\/wp-json\/wp\/v2\/product\/81829","targetHints":{"allow":["GET"]}}],"collection":[{"href":"https:\/\/subblim.com\/fr\/wp-json\/wp\/v2\/product"}],"about":[{"href":"https:\/\/subblim.com\/fr\/wp-json\/wp\/v2\/types\/product"}],"version-history":[{"count":0,"href":"https:\/\/subblim.com\/fr\/wp-json\/wp\/v2\/product\/81829\/revisions"}],"wp:featuredmedia":[{"embeddable":true,"href":"https:\/\/subblim.com\/fr\/wp-json\/wp\/v2\/media\/79162"}],"wp:attachment":[{"href":"https:\/\/subblim.com\/fr\/wp-json\/wp\/v2\/media?parent=81829"}],"wp:term":[{"taxonomy":"product_brand","embeddable":true,"href":"https:\/\/subblim.com\/fr\/wp-json\/wp\/v2\/product_brand?post=81829"},{"taxonomy":"product_cat","embeddable":true,"href":"https:\/\/subblim.com\/fr\/wp-json\/wp\/v2\/product_cat?post=81829"},{"taxonomy":"product_tag","embeddable":true,"href":"https:\/\/subblim.com\/fr\/wp-json\/wp\/v2\/product_tag?post=81829"}],"curies":[{"name":"wp","href":"https:\/\/api.w.org\/{rel}","templated":true}]}}