{"id":81823,"date":"2022-11-21T09:46:28","date_gmt":"2022-11-21T08:46:28","guid":{"rendered":"https:\/\/subblim.com\/alfombrilla-tapete-raton-con-luz-led-rgb-9-colores-extra-grande-chip\/"},"modified":"2025-06-12T11:58:41","modified_gmt":"2025-06-12T09:58:41","slug":"tapis-de-souris-avec-lumiere-led-rvb-9-couleurs-extra-large-puce","status":"publish","type":"product","link":"https:\/\/subblim.com\/fr\/tapis-de-souris-avec-lumiere-led-rvb-9-couleurs-extra-large-puce\/","title":{"rendered":"Tapis de souris avec puce LED RVB extra large"},"content":{"rendered":"<div class=\"page\" title=\"Page 1\">\n<div class=\"section\">\n<div class=\"layoutArea\">\n<div class=\"column\">\n<ul>\n<li>La version extra large de 800 x 300 x 4 mm permet d&rsquo;accueillir la souris et le clavier pour un niveau constant de jeu ou de travail.<\/li>\n<li>9 couleurs s\u00e9lectionnables et 3 effets d&rsquo;\u00e9clairage.<\/li>\n<li>Offre beaucoup d&rsquo;espace pour les jeux professionnels ou le travail de bureau que vous pouvez compl\u00e9ter avec diff\u00e9rents accessoires.<\/li>\n<li>Bords renforc\u00e9s de haute qualit\u00e9 pour une durabilit\u00e9 et une apparence propre et professionnelle.<\/li>\n<li>Surface optimis\u00e9e pour des performances maximales.<\/li>\n<li>Vous serez \u00e9mu par la conception avanc\u00e9e et interconnect\u00e9e d&rsquo;un chipset au format de bureau !<\/li>\n<li>Surface r\u00e9sistante \u00e0 l&rsquo;eau.<\/li>\n<li>Facile \u00e0 nettoyer avec un chiffon humide.<\/li>\n<li>Haute \u00e9lasticit\u00e9.<\/li>\n<li>Base en caoutchouc antid\u00e9rapante qui emp\u00eache tout glissement accidentel.<\/li>\n<\/ul><\/div>\n<\/p><\/div>\n<\/p><\/div>\n<\/p><\/div>\n<div class=\"page\" title=\"Page 1\">\n<div class=\"section\">\n<div class=\"layoutArea\">\n<div class=\"column\">\n<p><strong>Surface ultra-lisse\u00a0: <\/strong>Tissu de haute qualit\u00e9 trait\u00e9 pour assurer des mouvements fluides. Optimis\u00e9 pour des mouvements rapides tout en conservant une excellente vitesse et un excellent contr\u00f4le pendant le jeu. Permet un glissement fluide de la souris. Il est dot\u00e9 d&rsquo;un rev\u00eatement imperm\u00e9able pour \u00e9viter les dommages caus\u00e9s par les boissons renvers\u00e9es ou autres accidents et permet un nettoyage facile avec un chiffon humide.<\/p>\n<p><strong>Stabilit\u00e9 et adh\u00e9rence\u00a0: <\/strong>La base en caoutchouc assure une adh\u00e9rence ferme sur la surface de travail, emp\u00eachant le tapis de souris de glisser ou de bouger pendant l&rsquo;utilisation. Ceci est crucial pour garantir des mouvements pr\u00e9cis de la souris, car tout d\u00e9placement du tapis de souris pourrait interf\u00e9rer avec la pr\u00e9cision et le contr\u00f4le, en particulier lors d&rsquo;activit\u00e9s comme la conception graphique ou les jeux.<\/p>\n<p><strong>Surface lisse et uniforme\u00a0: <\/strong>Une base en caoutchouc solide garantit que le tapis de souris reste plat et ne se froisse pas. Un tapis de souris froiss\u00e9 peut g\u00eaner la fluidit\u00e9 de votre souris, ce qui entra\u00eene une exp\u00e9rience utilisateur frustrante et moins efficace. Les plis peuvent bloquer la souris ou entra\u00eener une mauvaise interpr\u00e9tation des mouvements.<\/p>\n<p><strong>Amorti et confort\u00a0:<\/strong> La base en caoutchouc offre un amorti qui r\u00e9duit la tension exerc\u00e9e sur le poignet et la main, offrant ainsi un confort d&rsquo;utilisation accru sur de longues p\u00e9riodes. Ceci est particuli\u00e8rement important pour ceux qui passent de longues heures \u00e0 utiliser une souris, comme les professionnels et les joueurs.<\/p>\n<\/p><\/div>\n<\/p><\/div>\n<\/p><\/div>\n<\/p><\/div>\n","protected":false},"excerpt":{"rendered":"<div class=\"page\" title=\"Page 1\">\n<div class=\"section\">\n<div class=\"layoutArea\">\n<div class=\"column\"> Ses dimensions imposantes combin\u00e9es \u00e0 une exp\u00e9rience d&rsquo;\u00e9clairage optimale feront du tapis de souris LED RGB Subblim un accessoire indispensable pour vos longues heures de divertissement ou votre usage professionnel. Laissez-vous transporter par la conception avanc\u00e9e et interconnect\u00e9e d&rsquo;un chipset de la taille d&rsquo;un ordinateur de bureau. <\/div>\n<\/p><\/div>\n<\/p><\/div>\n<\/p><\/div>\n","protected":false},"featured_media":79150,"template":"","meta":[],"product_brand":[],"product_cat":[1733,501,1633,503],"product_tag":[],"class_list":{"0":"post-81823","1":"product","2":"type-product","3":"status-publish","4":"has-post-thumbnail","6":"product_cat-menos-20","7":"product_cat-alfombrillas-raton","8":"product_cat-alfombrillas-led","9":"product_cat-alfombrillas-xl","11":"first","12":"outofstock","13":"taxable","14":"shipping-taxable","15":"purchasable","16":"product-type-simple"},"_links":{"self":[{"href":"https:\/\/subblim.com\/fr\/wp-json\/wp\/v2\/product\/81823","targetHints":{"allow":["GET"]}}],"collection":[{"href":"https:\/\/subblim.com\/fr\/wp-json\/wp\/v2\/product"}],"about":[{"href":"https:\/\/subblim.com\/fr\/wp-json\/wp\/v2\/types\/product"}],"version-history":[{"count":0,"href":"https:\/\/subblim.com\/fr\/wp-json\/wp\/v2\/product\/81823\/revisions"}],"wp:featuredmedia":[{"embeddable":true,"href":"https:\/\/subblim.com\/fr\/wp-json\/wp\/v2\/media\/79150"}],"wp:attachment":[{"href":"https:\/\/subblim.com\/fr\/wp-json\/wp\/v2\/media?parent=81823"}],"wp:term":[{"taxonomy":"product_brand","embeddable":true,"href":"https:\/\/subblim.com\/fr\/wp-json\/wp\/v2\/product_brand?post=81823"},{"taxonomy":"product_cat","embeddable":true,"href":"https:\/\/subblim.com\/fr\/wp-json\/wp\/v2\/product_cat?post=81823"},{"taxonomy":"product_tag","embeddable":true,"href":"https:\/\/subblim.com\/fr\/wp-json\/wp\/v2\/product_tag?post=81823"}],"curies":[{"name":"wp","href":"https:\/\/api.w.org\/{rel}","templated":true}]}}