{"id":81802,"date":"2022-11-21T09:46:28","date_gmt":"2022-11-21T08:46:28","guid":{"rendered":"https:\/\/subblim.com\/alfombrilla-raton-vintage-world-xl\/"},"modified":"2026-05-04T00:05:09","modified_gmt":"2026-05-03T22:05:09","slug":"tapis-de-souris-vintage-world-xl","status":"publish","type":"product","link":"https:\/\/subblim.com\/fr\/tapis-de-souris-vintage-world-xl\/","title":{"rendered":"Tapis de souris Vintage World XL"},"content":{"rendered":"<p>Tapis de souris de bureau au design de carte du monde vintage qui donnera \u00e0 votre bureau une touche d&rsquo;\u00e9l\u00e9gance et de design avant-gardiste.<\/p>\n<p>&nbsp;<\/p>\n<ul>\n<li>La version extra large de 900x400x3 mm vous permet d&rsquo;accueillir la souris et le clavier pour un niveau constant de jeu ou de travail.<\/li>\n<li>Base en caoutchouc antid\u00e9rapante qui emp\u00eache tout glissement accidentel, offre une grande stabilit\u00e9 gr\u00e2ce \u00e0 son \u00e9paisseur.<\/li>\n<li>Facile \u00e0 nettoyer.<\/li>\n<li>Haute \u00e9lasticit\u00e9, amorti et confort.<\/li>\n<li>Offre beaucoup d&rsquo;espace pour les jeux professionnels ou le travail de bureau et divers accessoires suppl\u00e9mentaires.<\/li>\n<li>Bords renforc\u00e9s durables pour \u00e9viter la d\u00e9formation.<\/li>\n<li>Technologie d&rsquo;impression de haute pr\u00e9cision et de haute qualit\u00e9 avec des d\u00e9tails d&rsquo;image d\u00e9finis.<\/li>\n<\/ul>\n<p>La base en caoutchouc est fondamentale pour la fonctionnalit\u00e9 et la durabilit\u00e9 d&rsquo;un tapis de souris, offrant stabilit\u00e9, une surface uniforme et une longue dur\u00e9e de vie. La couche textile a une fonction purement esth\u00e9tique et repose enti\u00e8rement sur la base en caoutchouc pour \u00eatre pleinement efficace. Sans une base ad\u00e9quate, les tapis de souris seraient inconfortables, inefficaces et se d\u00e9t\u00e9rioreraient rapidement.<\/p>\n<ul>\n<li style=\"list-style-type: none\"><\/li>\n<\/ul>\n","protected":false},"excerpt":{"rendered":"<p>Le tapis de souris Vintage World XL pr\u00e9sente des dimensions exceptionnelles\u00a0: 90\u00a0x\u00a040\u00a0cm et 3\u00a0mm d&rsquo;\u00e9paisseur. Son format bureau convient aussi bien \u00e0 votre souris qu&rsquo;\u00e0 votre clavier. Son motif carte du monde vintage apportera \u00e0 votre bureau une touche d&rsquo;\u00e9l\u00e9gance et d&rsquo;avant-garde.<\/p>\n","protected":false},"featured_media":79070,"template":"","meta":[],"product_brand":[],"product_cat":[2129,2289,2290],"product_tag":[],"class_list":{"0":"post-81802","1":"product","2":"type-product","3":"status-publish","4":"has-post-thumbnail","6":"product_cat-menos-10-fr","7":"product_cat-tapis-de-souris-fr","8":"product_cat-tapis-de-souris-xl-fr","10":"first","11":"outofstock","12":"taxable","13":"shipping-taxable","14":"purchasable","15":"product-type-simple"},"_links":{"self":[{"href":"https:\/\/subblim.com\/fr\/wp-json\/wp\/v2\/product\/81802","targetHints":{"allow":["GET"]}}],"collection":[{"href":"https:\/\/subblim.com\/fr\/wp-json\/wp\/v2\/product"}],"about":[{"href":"https:\/\/subblim.com\/fr\/wp-json\/wp\/v2\/types\/product"}],"version-history":[{"count":0,"href":"https:\/\/subblim.com\/fr\/wp-json\/wp\/v2\/product\/81802\/revisions"}],"wp:featuredmedia":[{"embeddable":true,"href":"https:\/\/subblim.com\/fr\/wp-json\/wp\/v2\/media\/79070"}],"wp:attachment":[{"href":"https:\/\/subblim.com\/fr\/wp-json\/wp\/v2\/media?parent=81802"}],"wp:term":[{"taxonomy":"product_brand","embeddable":true,"href":"https:\/\/subblim.com\/fr\/wp-json\/wp\/v2\/product_brand?post=81802"},{"taxonomy":"product_cat","embeddable":true,"href":"https:\/\/subblim.com\/fr\/wp-json\/wp\/v2\/product_cat?post=81802"},{"taxonomy":"product_tag","embeddable":true,"href":"https:\/\/subblim.com\/fr\/wp-json\/wp\/v2\/product_tag?post=81802"}],"curies":[{"name":"wp","href":"https:\/\/api.w.org\/{rel}","templated":true}]}}