{"id":81796,"date":"2022-11-21T09:46:28","date_gmt":"2022-11-21T08:46:28","guid":{"rendered":"https:\/\/subblim.com\/alfombrilla-raton-world-xl\/"},"modified":"2026-03-16T08:59:12","modified_gmt":"2026-03-16T07:59:12","slug":"tapis-de-souris-monde-xl","status":"publish","type":"product","link":"https:\/\/subblim.com\/fr\/tapis-de-souris-monde-xl\/","title":{"rendered":"Tapis de souris XL World"},"content":{"rendered":"<p>Dimensions magnifiques. Profitez de ses 90 x 40 cm et de ses 3 mm d&rsquo;\u00e9paisseur, non seulement pour votre souris mais aussi pour votre clavier. Le motif de carte du monde sur caoutchouc antid\u00e9rapant avec bords renforc\u00e9s assure la durabilit\u00e9.<\/p>\n<p>&nbsp;<\/p>\n<ul>\n<li>La version extra large de 900 x 400 x 3 mm vous permet d&rsquo;accueillir votre souris et votre clavier pour un niveau de jeu ou de travail constant.<\/li>\n<li>La base en caoutchouc antid\u00e9rapante emp\u00eache tout glissement accidentel et offre une grande stabilit\u00e9 gr\u00e2ce \u00e0 son \u00e9paisseur.<\/li>\n<li>Facile \u00e0 nettoyer.<\/li>\n<li>Haute \u00e9lasticit\u00e9, amorti et confort.<\/li>\n<li>Offre beaucoup d&rsquo;espace pour les jeux professionnels ou le travail de bureau et divers accessoires suppl\u00e9mentaires.<\/li>\n<li>Bords renforc\u00e9s durables pour \u00e9viter la d\u00e9formation.<\/li>\n<li>Technologie d&rsquo;impression de haute pr\u00e9cision et de haute qualit\u00e9 avec des d\u00e9tails d&rsquo;image d\u00e9finis.<\/li>\n<\/ul>\n<p>La base en caoutchouc est essentielle \u00e0 la fonctionnalit\u00e9 et \u00e0 la durabilit\u00e9 d&rsquo;un tapis de souris, offrant stabilit\u00e9, surface uniforme et longue dur\u00e9e de vie. La couche textile est uniquement \u00e0 des fins esth\u00e9tiques et repose enti\u00e8rement sur la base en caoutchouc pour \u00eatre vraiment efficace. Sans une base appropri\u00e9e, les tapis de souris seraient inconfortables, inefficaces et se d\u00e9t\u00e9rioreraient rapidement.<\/p>\n<ul>\n<li style=\"list-style-type: none\"><\/li>\n<\/ul>\n","protected":false},"excerpt":{"rendered":"<p>Dimensions exceptionnelles. Profitez de ses dimensions de 90 x 40 cm et de son \u00e9paisseur de 3 mm, id\u00e9ales pour votre souris et votre clavier. Son design carte du monde apportera \u00e0 votre bureau une touche d&rsquo;\u00e9l\u00e9gance et d&rsquo;avant-garde.<\/p>\n","protected":false},"featured_media":73453,"template":"","meta":[],"product_brand":[],"product_cat":[1732,501,503],"product_tag":[1248],"class_list":{"0":"post-81796","1":"product","2":"type-product","3":"status-publish","4":"has-post-thumbnail","6":"product_cat-menos-10","7":"product_cat-alfombrillas-raton","8":"product_cat-alfombrillas-xl","9":"product_tag-menos-10","11":"first","12":"instock","13":"taxable","14":"shipping-taxable","15":"purchasable","16":"product-type-simple"},"_links":{"self":[{"href":"https:\/\/subblim.com\/fr\/wp-json\/wp\/v2\/product\/81796","targetHints":{"allow":["GET"]}}],"collection":[{"href":"https:\/\/subblim.com\/fr\/wp-json\/wp\/v2\/product"}],"about":[{"href":"https:\/\/subblim.com\/fr\/wp-json\/wp\/v2\/types\/product"}],"version-history":[{"count":0,"href":"https:\/\/subblim.com\/fr\/wp-json\/wp\/v2\/product\/81796\/revisions"}],"wp:featuredmedia":[{"embeddable":true,"href":"https:\/\/subblim.com\/fr\/wp-json\/wp\/v2\/media\/73453"}],"wp:attachment":[{"href":"https:\/\/subblim.com\/fr\/wp-json\/wp\/v2\/media?parent=81796"}],"wp:term":[{"taxonomy":"product_brand","embeddable":true,"href":"https:\/\/subblim.com\/fr\/wp-json\/wp\/v2\/product_brand?post=81796"},{"taxonomy":"product_cat","embeddable":true,"href":"https:\/\/subblim.com\/fr\/wp-json\/wp\/v2\/product_cat?post=81796"},{"taxonomy":"product_tag","embeddable":true,"href":"https:\/\/subblim.com\/fr\/wp-json\/wp\/v2\/product_tag?post=81796"}],"curies":[{"name":"wp","href":"https:\/\/api.w.org\/{rel}","templated":true}]}}