{"id":81787,"date":"2023-03-09T16:47:26","date_gmt":"2023-03-09T15:47:26","guid":{"rendered":"https:\/\/subblim.com\/funda-tablet-clear-shock-case-ipad-pro-11\/"},"modified":"2026-02-01T02:15:14","modified_gmt":"2026-02-01T01:15:14","slug":"etui-pour-tablette-transparent-shock-case-ipad-pro-11","status":"publish","type":"product","link":"https:\/\/subblim.com\/fr\/etui-pour-tablette-transparent-shock-case-ipad-pro-11\/","title":{"rendered":"\u00c9tui Clear Shock Case pour tablette iPad Pro 11&Prime;"},"content":{"rendered":"<p>Prot\u00e9gez votre pr\u00e9cieux iPad Pro 11&Prime; 2e G\u00c9N\u00c9RATION (2020) \/ 3e G\u00c9N\u00c9RATION (2021) \/ 4e G\u00c9N\u00c9RATION (2022) et iPad Air 4e G\u00c9N\u00c9RATION \/ 5e G\u00c9N\u00c9RATION en toute confiance gr\u00e2ce \u00e0 cet \u00e9tui exclusif qui garantit une protection compl\u00e8te \u00e0 tout moment. Son design moderne et \u00e9l\u00e9gant au format Full SmartCover donnera \u00e0 votre appareil un look sophistiqu\u00e9 et attrayant.<br \/> Le dos de l&rsquo;\u00e9tui est fabriqu\u00e9 en mat\u00e9riau thermoplastique de haute qualit\u00e9, avec une partie centrale transparente qui vous permet d&rsquo;admirer la beaut\u00e9 originale de votre appareil, tout en offrant une protection sp\u00e9ciale contre d&rsquo;\u00e9ventuels dommages. De plus, les bords de l&rsquo;\u00e9tui sont renforc\u00e9s, assurant une protection suppl\u00e9mentaire contre les chutes accidentelles.<br \/> L&rsquo;installation de cet \u00e9tui est simple et rapide, gr\u00e2ce \u00e0 son clip pratique qui permet un ajustement parfait sur votre iPad Pro. Une fois en place, vous aurez acc\u00e8s \u00e0 toutes les fonctions de votre tablette sans avoir \u00e0 la retirer, car les boutons et les ports sont facilement accessibles.<\/p>\n<p>Cet \u00e9tui monobloc s&rsquo;adapte parfaitement \u00e0 votre nouvel iPad. Gant offrant une protection int\u00e9grale. De plus, sa fermeture magn\u00e9tique de pr\u00e9cision garantit un transport s\u00e9curis\u00e9 o\u00f9 que vous alliez, sans risque d&rsquo;ouverture accidentelle de l&rsquo;\u00e9tui.<\/p>\n<ul>\n<li>\u00c9tui d\u00e9di\u00e9 pour iPad Pro 11 pouces 2e g\u00e9n\u00e9ration (2020) \/ 3e g\u00e9n\u00e9ration (2021) \/ 4e g\u00e9n\u00e9ration (2022) ou iPad Air 4e g\u00e9n\u00e9ration. \/ 5e G\u00c9N\u00c9RATION.<\/li>\n<li>Il est dot\u00e9 d&rsquo;un mat\u00e9riau ext\u00e9rieur durable et r\u00e9sistant avec une finition en tissu, offrant une apparence \u00e9l\u00e9gante et attrayante.<\/li>\n<li>Les bords de l&rsquo;\u00e9tui sont sp\u00e9cialement renforc\u00e9s pour offrir une protection suppl\u00e9mentaire en cas de chute accidentelle, minimisant ainsi le risque de dommages \u00e0 votre iPad Pro.<\/li>\n<li>L&rsquo;arri\u00e8re de l&rsquo;\u00e9tui est en polycarbonate (PC) rigide et transparent, permettant de voir la beaut\u00e9 originale de votre appareil tout en le prot\u00e9geant des rayures et des chocs mineurs.<\/li>\n<li>\u00c9tui semi-rigide anti-impact pour une protection maximale.<\/li>\n<li>Avec un design ultra-l\u00e9ger et fin, cet \u00e9tui ajoute une protection solide sans compromettre la portabilit\u00e9 et l&rsquo;apparence \u00e9l\u00e9gante de votre iPad Pro.<\/li>\n<li>Int\u00e9rieur en velours pour \u00e9viter les rayures.<\/li>\n<li>Ouverture pour l&rsquo;appareil photo \u00e0 l&rsquo;arri\u00e8re.<\/li>\n<li>Acc\u00e8s facile aux boutons de commande et au port de chargement USB.<\/li>\n<li>Positions de visualisation avec fonction support bidirectionnel.<\/li>\n<li>Espace int\u00e9gr\u00e9 pour transporter l&rsquo;Apple Pencil.<\/li>\n<li>Le syst\u00e8me de fermeture est magn\u00e9tique, facilitant un transport s\u00e9curis\u00e9.<\/li>\n<\/ul>\n","protected":false},"excerpt":{"rendered":"<p>\u00c9tui exclusif pour iPad Pro 11&Prime; 2020 qui offre une protection compl\u00e8te \u00e0 votre appareil \u00e0 tout moment et avec une base transparente pour continuer \u00e0 afficher le logo Apple.<\/p>\n","protected":false},"featured_media":76960,"template":"","meta":[],"product_brand":[],"product_cat":[386,380,352,412,510,1734],"product_tag":[],"class_list":{"0":"post-81787","1":"product","2":"type-product","3":"status-publish","4":"has-post-thumbnail","6":"product_cat-accesorios-tablet","7":"product_cat-fundas-tablet-exclusivas","8":"product_cat-funda-ipad","9":"product_cat-fundas-tablet","10":"product_cat-fundas-shock-case","11":"product_cat-menos-30","13":"first","14":"outofstock","15":"sale","16":"featured","17":"taxable","18":"shipping-taxable","19":"purchasable","20":"product-type-simple"},"_links":{"self":[{"href":"https:\/\/subblim.com\/fr\/wp-json\/wp\/v2\/product\/81787","targetHints":{"allow":["GET"]}}],"collection":[{"href":"https:\/\/subblim.com\/fr\/wp-json\/wp\/v2\/product"}],"about":[{"href":"https:\/\/subblim.com\/fr\/wp-json\/wp\/v2\/types\/product"}],"version-history":[{"count":0,"href":"https:\/\/subblim.com\/fr\/wp-json\/wp\/v2\/product\/81787\/revisions"}],"wp:featuredmedia":[{"embeddable":true,"href":"https:\/\/subblim.com\/fr\/wp-json\/wp\/v2\/media\/76960"}],"wp:attachment":[{"href":"https:\/\/subblim.com\/fr\/wp-json\/wp\/v2\/media?parent=81787"}],"wp:term":[{"taxonomy":"product_brand","embeddable":true,"href":"https:\/\/subblim.com\/fr\/wp-json\/wp\/v2\/product_brand?post=81787"},{"taxonomy":"product_cat","embeddable":true,"href":"https:\/\/subblim.com\/fr\/wp-json\/wp\/v2\/product_cat?post=81787"},{"taxonomy":"product_tag","embeddable":true,"href":"https:\/\/subblim.com\/fr\/wp-json\/wp\/v2\/product_tag?post=81787"}],"curies":[{"name":"wp","href":"https:\/\/api.w.org\/{rel}","templated":true}]}}