{"id":81784,"date":"2023-03-09T16:57:03","date_gmt":"2023-03-09T15:57:03","guid":{"rendered":"https:\/\/subblim.com\/funda-tablet-clear-shock-case-ipad-pro-12-9\/"},"modified":"2026-02-01T02:15:14","modified_gmt":"2026-02-01T01:15:14","slug":"etui-pour-tablette-transparent-shock-case-ipad-pro-12-9","status":"publish","type":"product","link":"https:\/\/subblim.com\/fr\/etui-pour-tablette-transparent-shock-case-ipad-pro-12-9\/","title":{"rendered":"\u00c9tui transparent antichoc pour tablette iPad Pro 12,9&Prime;"},"content":{"rendered":"<p>Cet \u00e9tui monobloc s&rsquo;adapte parfaitement \u00e0 votre nouvel iPad Pro 12,9\u2033 comme un gant, offrant une protection compl\u00e8te. De plus, sa fermeture magn\u00e9tique de pr\u00e9cision assure un transport s\u00e9curis\u00e9 o\u00f9 que vous alliez, sans risque d&rsquo;ouverture accidentelle de l&rsquo;\u00e9tui.<\/p>\n<ul>\n<li>\u00c9tui exclusif pour iPad Pro 12,9 pouces avec cet \u00e9tui con\u00e7u sp\u00e9cifiquement pour les mod\u00e8les 2022, 2021 et 2020.<\/li>\n<li>Il est dot\u00e9 d&rsquo;un mat\u00e9riau ext\u00e9rieur durable et r\u00e9sistant avec une finition en tissu, offrant une apparence \u00e9l\u00e9gante et attrayante.<\/li>\n<li>Les bords de l&rsquo;\u00e9tui sont sp\u00e9cialement renforc\u00e9s pour offrir une protection suppl\u00e9mentaire en cas de chute accidentelle, minimisant le risque de dommages \u00e0 votre iPad Pro.<\/li>\n<li>L&rsquo;arri\u00e8re de l&rsquo;\u00e9tui est en polycarbonate (PC) rigide et transparent, permettant de voir la beaut\u00e9 originale de votre appareil tout en le prot\u00e9geant des rayures et des petits chocs.<\/li>\n<li>\u00c9tui semi-rigide anti-chocs pour une protection maximale.<\/li>\n<li>Avec un design ultra-l\u00e9ger et fin, cet \u00e9tui ajoute une protection solide sans compromettre la portabilit\u00e9 et l&rsquo;apparence \u00e9l\u00e9gante de votre iPad Pro.<\/li>\n<li>Int\u00e9rieur en velours pour \u00e9viter Rayures.<\/li>\n<li>Ouverture pour appareil photo \u00e0 l&rsquo;arri\u00e8re.<\/li>\n<li>Acc\u00e8s facile aux boutons de commande et au port de charge USB.<\/li>\n<li>Fonction support avec deux positions de visualisation.<\/li>\n<li>Espace int\u00e9gr\u00e9 pour ranger l&rsquo;Apple Pencil.<\/li>\n<li>Le syst\u00e8me de fermeture est magn\u00e9tique, ce qui facilite le transport en toute s\u00e9curit\u00e9.<\/li>\n<\/ul>\n<p>Prot\u00e9gez votre pr\u00e9cieux iPad Pro 12,9\u2033 2022\/21\/20 en toute confiance gr\u00e2ce \u00e0 cet \u00e9tui exclusif qui garantit une protection compl\u00e8te \u00e0 tout moment. Son design moderne et \u00e9l\u00e9gant au format Full SmartCover donnera \u00e0 votre appareil un look sophistiqu\u00e9 et attrayant.<br \/> L&rsquo;arri\u00e8re de l&rsquo;\u00e9tui est fabriqu\u00e9 en mat\u00e9riau thermoplastique de haute qualit\u00e9, avec une partie centrale transparente qui vous permet d&rsquo;admirer la beaut\u00e9 originale de votre appareil, tout en offrant une protection sp\u00e9ciale contre d&rsquo;\u00e9ventuels dommages. De plus, les bords de l&rsquo;\u00e9tui sont renforc\u00e9s, assurant une protection suppl\u00e9mentaire contre les chutes accidentelles.<br \/> L&rsquo;installation de cet \u00e9tui est simple et rapide, gr\u00e2ce \u00e0 son clip pratique qui permet un ajustement parfait sur votre iPad Pro. Une fois en place, vous aurez acc\u00e8s \u00e0 toutes les fonctions de votre tablette sans avoir \u00e0 la retirer, car les boutons et les ports sont facilement accessibles.<\/p>\n","protected":false},"excerpt":{"rendered":"<p>\u00c9tui exclusif pour iPad Pro 12,9 pouces 2022\/21\/2020, offrant une protection compl\u00e8te \u00e0 votre appareil \u00e0 tout moment. Son design SmartCover moderne et \u00e9l\u00e9gant, avec son panneau central transparent, vous permet d&rsquo;admirer la beaut\u00e9 originale de votre appareil.<\/p>\n","protected":false},"featured_media":76931,"template":"","meta":[],"product_brand":[],"product_cat":[386,380,352,412,510,1734],"product_tag":[],"class_list":{"0":"post-81784","1":"product","2":"type-product","3":"status-publish","4":"has-post-thumbnail","6":"product_cat-accesorios-tablet","7":"product_cat-fundas-tablet-exclusivas","8":"product_cat-funda-ipad","9":"product_cat-fundas-tablet","10":"product_cat-fundas-shock-case","11":"product_cat-menos-30","13":"first","14":"instock","15":"sale","16":"featured","17":"taxable","18":"shipping-taxable","19":"purchasable","20":"product-type-simple"},"_links":{"self":[{"href":"https:\/\/subblim.com\/fr\/wp-json\/wp\/v2\/product\/81784","targetHints":{"allow":["GET"]}}],"collection":[{"href":"https:\/\/subblim.com\/fr\/wp-json\/wp\/v2\/product"}],"about":[{"href":"https:\/\/subblim.com\/fr\/wp-json\/wp\/v2\/types\/product"}],"version-history":[{"count":0,"href":"https:\/\/subblim.com\/fr\/wp-json\/wp\/v2\/product\/81784\/revisions"}],"wp:featuredmedia":[{"embeddable":true,"href":"https:\/\/subblim.com\/fr\/wp-json\/wp\/v2\/media\/76931"}],"wp:attachment":[{"href":"https:\/\/subblim.com\/fr\/wp-json\/wp\/v2\/media?parent=81784"}],"wp:term":[{"taxonomy":"product_brand","embeddable":true,"href":"https:\/\/subblim.com\/fr\/wp-json\/wp\/v2\/product_brand?post=81784"},{"taxonomy":"product_cat","embeddable":true,"href":"https:\/\/subblim.com\/fr\/wp-json\/wp\/v2\/product_cat?post=81784"},{"taxonomy":"product_tag","embeddable":true,"href":"https:\/\/subblim.com\/fr\/wp-json\/wp\/v2\/product_tag?post=81784"}],"curies":[{"name":"wp","href":"https:\/\/api.w.org\/{rel}","templated":true}]}}