{"id":81781,"date":"2023-04-25T12:59:30","date_gmt":"2023-04-25T10:59:30","guid":{"rendered":"https:\/\/subblim.com\/maletin-ordenador-air-padding-13-3-a-14-gris\/"},"modified":"2026-02-01T02:15:05","modified_gmt":"2026-02-01T01:15:05","slug":"sacoche-rembourree-pour-ordinateur-portable-de-13-a-14-pouces-grise","status":"publish","type":"product","link":"https:\/\/subblim.com\/fr\/sacoche-rembourree-pour-ordinateur-portable-de-13-a-14-pouces-grise\/","title":{"rendered":"Mallette pour ordinateur de 13,3&Prime; \u00e0 14&Prime; avec rembourrage pneumatique"},"content":{"rendered":"<p>Mallette con\u00e7ue avec plusieurs compartiments. La poche avant est dot\u00e9e d&rsquo;un organiseur d&rsquo;accessoires spacieux et tr\u00e8s pratique pour transporter vos affaires du quotidien, ce qui la rend tr\u00e8s utile pour votre travail ou vos voyages. Gr\u00e2ce \u00e0 ses mat\u00e9riaux de fabrication r\u00e9sistants, elle est imperm\u00e9able et r\u00e9sistante aux d\u00e9chirures. En bref, c&rsquo;est une mallette tr\u00e8s confortable et durable, id\u00e9ale pour les d\u00e9placements quotidiens ou professionnels gr\u00e2ce \u00e0 ses poign\u00e9es de transport robustes, sa bandouli\u00e8re r\u00e9glable et sa sangle arri\u00e8re ajustable pour trolley. <\/p>\n<ul>\n<li>\u00c9l\u00e9gante mallette pour ordinateurs portables jusqu&rsquo;\u00e0 14&Prime;.<\/li>\n<li>Syst\u00e8me de protection Air Padding avec bulles rembourr\u00e9es.<\/li>\n<li>Fabriqu\u00e9e en polyester Oxford r\u00e9sistant.<\/li>\n<li>Repousse les liquides.<\/li>\n<li>Double fermeture \u00e9clair sur la poche principale.<\/li>\n<li>Deux compartiments s\u00e9par\u00e9s \u00e0 l&rsquo;int\u00e9rieur.<\/li>\n<li>Poche ext\u00e9rieure de grande capacit\u00e9 pour documents, stylos, accessoires&#8230; avec organiseur \u00e9lastique et filet.<\/li>\n<li>Bandouli\u00e8re.<br \/>Poign\u00e9es et boucles solides pour un transport s\u00e9curis\u00e9.<\/li>\n<li>Sangle arri\u00e8re r\u00e9glable pour trolley.<\/li>\n<\/ul>\n","protected":false},"excerpt":{"rendered":"<p>La protection int\u00e9grale est l&rsquo;une des caract\u00e9ristiques principales de la sacoche pour ordinateur portable SUBBLIM Air Padding. Son compartiment exclusif est dot\u00e9 d&rsquo;une doublure matelass\u00e9e \u00e0 bulles (Air Padding) qui offre une excellente protection contre les chocs et les chutes accidentelles.<\/p>\n","protected":false},"featured_media":79447,"template":"","meta":[],"product_brand":[],"product_cat":[393,238,1703,1733,385],"product_tag":[3232],"class_list":{"0":"post-81781","1":"product","2":"type-product","3":"status-publish","4":"has-post-thumbnail","6":"product_cat-air-padding","7":"product_cat-maletines","8":"product_cat-maletines-para-portatiles-de-13-3-a-14","9":"product_cat-menos-20","10":"product_cat-bolsas","11":"product_tag-black-friday","13":"first","14":"outofstock","15":"taxable","16":"shipping-taxable","17":"purchasable","18":"product-type-simple"},"_links":{"self":[{"href":"https:\/\/subblim.com\/fr\/wp-json\/wp\/v2\/product\/81781","targetHints":{"allow":["GET"]}}],"collection":[{"href":"https:\/\/subblim.com\/fr\/wp-json\/wp\/v2\/product"}],"about":[{"href":"https:\/\/subblim.com\/fr\/wp-json\/wp\/v2\/types\/product"}],"version-history":[{"count":0,"href":"https:\/\/subblim.com\/fr\/wp-json\/wp\/v2\/product\/81781\/revisions"}],"wp:featuredmedia":[{"embeddable":true,"href":"https:\/\/subblim.com\/fr\/wp-json\/wp\/v2\/media\/79447"}],"wp:attachment":[{"href":"https:\/\/subblim.com\/fr\/wp-json\/wp\/v2\/media?parent=81781"}],"wp:term":[{"taxonomy":"product_brand","embeddable":true,"href":"https:\/\/subblim.com\/fr\/wp-json\/wp\/v2\/product_brand?post=81781"},{"taxonomy":"product_cat","embeddable":true,"href":"https:\/\/subblim.com\/fr\/wp-json\/wp\/v2\/product_cat?post=81781"},{"taxonomy":"product_tag","embeddable":true,"href":"https:\/\/subblim.com\/fr\/wp-json\/wp\/v2\/product_tag?post=81781"}],"curies":[{"name":"wp","href":"https:\/\/api.w.org\/{rel}","templated":true}]}}