{"id":81772,"date":"2023-05-26T13:27:00","date_gmt":"2023-05-26T11:27:00","guid":{"rendered":"https:\/\/subblim.com\/funda-ordenador-neopreno-trendy-13-14-mountain\/"},"modified":"2026-05-14T00:19:38","modified_gmt":"2026-05-13T22:19:38","slug":"housse-en-neoprene-pour-ordinateur-portable-trendy-13-14-mountain","status":"publish","type":"product","link":"https:\/\/subblim.com\/fr\/housse-en-neoprene-pour-ordinateur-portable-trendy-13-14-mountain\/","title":{"rendered":"Housse en n\u00e9opr\u00e8ne Trendy Sleeve Neo Mountain pour ordinateur portable de 13,3 \u00e0 14 pouces"},"content":{"rendered":"<p>La housse en n\u00e9opr\u00e8ne pour ordinateur portable SUBBLIM Trendy est le choix id\u00e9al pour ceux qui recherchent une protection optimale et l\u00e9g\u00e8re pour leur ordinateur portable. <br \/>Avec une \u00e9paisseur de 3 mm en n\u00e9opr\u00e8ne de haute qualit\u00e9, elle offre une excellente r\u00e9sistance aux chocs et aux chutes accidentelles, prot\u00e9geant ainsi votre appareil \u00e0 tout moment. <br \/>Son aspect l\u00e9ger et fin ne compromet en rien sa capacit\u00e9 de protection. De plus, son design \u00e9l\u00e9gant et attrayant en fait un accessoire accrocheur. La housse Trendy s&rsquo;int\u00e8gre parfaitement \u00e0 votre quotidien et est id\u00e9ale \u00e0 transporter dans diff\u00e9rents endroits, comme les caf\u00e9s ou les espaces de coworking. <br \/>Pratique \u00e9galement\u00a0: vous pouvez facilement la ranger avec votre ordinateur portable dans votre sac \u00e0 dos ou votre valise sans craindre de l&rsquo;endommager. Son design fonctionnel et moderne en fait une option polyvalente pour tous ceux qui cherchent \u00e0 prot\u00e9ger leur ordinateur \u00e0 un prix abordable.<\/p>\n<ul>\n<li>Housse en n\u00e9opr\u00e8ne pour ordinateurs de 13,3&Prime; \u00e0 14&Prime;.<\/li>\n<li>Compatible avec MacBook Pro M1 Pro\/Max A2442 2021, Microsoft Surface Book 13,5&Prime;, Surface Laptop, ASUS ZenBook 14, HUAWEI MateBook D14.<\/li>\n<li>Dimensions ext\u00e9rieures\u00a0: 340 x 249 x 20\u00a0mm.<\/li>\n<li>Dimensions int\u00e9rieures\u00a0: 330 x 239 x 18\u00a0mm.<\/li>\n<li>Le design montagneux transmet une sensation de tranquillit\u00e9, de s\u00e9r\u00e9nit\u00e9 et de grandeur, vous invitant \u00e0 r\u00eaver d&rsquo;aventures et \u00e0 profiter de la beaut\u00e9 de la nature.<\/li>\n<li>Id\u00e9al pour le transport quotidien de votre appareil.<\/li>\n<li>Double fermeture \u00e9clair pour une plus grande facilit\u00e9 d&rsquo;utilisation.<\/li>\n<li>Fabriqu\u00e9 en n\u00e9opr\u00e8ne de 3\u00a0mm d&rsquo;\u00e9paisseur pour protection suppl\u00e9mentaire.<\/li>\n<li>Compact et id\u00e9al pour un acc\u00e8s facile \u00e0 votre ordinateur et un ajustement parfait.<\/li>\n<li>Apparence l\u00e9g\u00e8re, fine et \u00e9l\u00e9gante.<\/li>\n<\/ul>\n","protected":false},"excerpt":{"rendered":"<p>La housse pour ordinateur portable id\u00e9ale pour ceux qui recherchent le transport l\u00e9ger et la protection solide du n\u00e9opr\u00e8ne, ainsi qu&rsquo;une touche de personnalit\u00e9 avec le design Mountain.<\/p>\n","protected":false},"featured_media":79850,"template":"","meta":[],"product_brand":[],"product_cat":[239,1706,1733,385],"product_tag":[],"class_list":{"0":"post-81772","1":"product","2":"type-product","3":"status-publish","4":"has-post-thumbnail","6":"product_cat-fundas-portatil","7":"product_cat-fundas-para-portatiles-de-13-3-a-14","8":"product_cat-menos-20","9":"product_cat-bolsas","11":"first","12":"instock","13":"featured","14":"taxable","15":"shipping-taxable","16":"purchasable","17":"product-type-simple"},"_links":{"self":[{"href":"https:\/\/subblim.com\/fr\/wp-json\/wp\/v2\/product\/81772","targetHints":{"allow":["GET"]}}],"collection":[{"href":"https:\/\/subblim.com\/fr\/wp-json\/wp\/v2\/product"}],"about":[{"href":"https:\/\/subblim.com\/fr\/wp-json\/wp\/v2\/types\/product"}],"version-history":[{"count":0,"href":"https:\/\/subblim.com\/fr\/wp-json\/wp\/v2\/product\/81772\/revisions"}],"wp:featuredmedia":[{"embeddable":true,"href":"https:\/\/subblim.com\/fr\/wp-json\/wp\/v2\/media\/79850"}],"wp:attachment":[{"href":"https:\/\/subblim.com\/fr\/wp-json\/wp\/v2\/media?parent=81772"}],"wp:term":[{"taxonomy":"product_brand","embeddable":true,"href":"https:\/\/subblim.com\/fr\/wp-json\/wp\/v2\/product_brand?post=81772"},{"taxonomy":"product_cat","embeddable":true,"href":"https:\/\/subblim.com\/fr\/wp-json\/wp\/v2\/product_cat?post=81772"},{"taxonomy":"product_tag","embeddable":true,"href":"https:\/\/subblim.com\/fr\/wp-json\/wp\/v2\/product_tag?post=81772"}],"curies":[{"name":"wp","href":"https:\/\/api.w.org\/{rel}","templated":true}]}}