{"id":81769,"date":"2023-05-29T08:59:49","date_gmt":"2023-05-29T06:59:49","guid":{"rendered":"https:\/\/subblim.com\/funda-ordenador-neopreno-trendy-sleeve-neo-flowers-133-14\/"},"modified":"2026-03-02T03:55:09","modified_gmt":"2026-03-02T02:55:09","slug":"housse-en-neoprene-pour-ordinateur-portable-tendance-motif-fleurs-neo-133-14","status":"publish","type":"product","link":"https:\/\/subblim.com\/fr\/housse-en-neoprene-pour-ordinateur-portable-tendance-motif-fleurs-neo-133-14\/","title":{"rendered":"Housse en n\u00e9opr\u00e8ne Trendy Sleeve Neo Flowers pour ordinateur portable de 13,3 \u00e0 14 pouces"},"content":{"rendered":"<p>La housse en n\u00e9opr\u00e8ne pour ordinateur portable SUBBLIM Trendy est le choix id\u00e9al pour ceux qui recherchent une protection optimale et l\u00e9g\u00e8re pour leur ordinateur portable. <br \/>Avec une \u00e9paisseur de 3 mm en n\u00e9opr\u00e8ne de haute qualit\u00e9, elle offre une excellente r\u00e9sistance aux chocs et aux chutes accidentelles, prot\u00e9geant ainsi votre appareil \u00e0 tout moment. <br \/>Son aspect l\u00e9ger et fin ne compromet en rien sa capacit\u00e9 de protection. De plus, son design \u00e9l\u00e9gant et attrayant en fait un accessoire accrocheur. La housse Trendy s&rsquo;int\u00e8gre parfaitement \u00e0 votre quotidien et est id\u00e9ale \u00e0 transporter dans diff\u00e9rents endroits, comme les caf\u00e9s ou les espaces de coworking. <br \/>Pratique \u00e9galement\u00a0: vous pouvez facilement la ranger avec votre ordinateur portable dans votre sac \u00e0 dos ou votre valise sans craindre de l&rsquo;endommager. Son design fonctionnel et moderne en fait une option polyvalente pour tous ceux qui cherchent \u00e0 prot\u00e9ger leur ordinateur \u00e0 un prix abordable.<\/p>\n<ul>\n<li>Housse en n\u00e9opr\u00e8ne pour ordinateurs de 13,3&Prime; \u00e0 14&Prime;.<\/li>\n<li>Compatible avec MacBook Pro M1 Pro\/Max A2442 2021, Microsoft Surface Book 13,5&Prime;, Surface Laptop, ASUS ZenBook 14, HUAWEI MateBook D14.<\/li>\n<li>Dimensions ext\u00e9rieures\u00a0: 340 x 249 x 20\u00a0mm.<\/li>\n<li>Dimensions int\u00e9rieures\u00a0: 330 x 239 x 18\u00a0mm.<\/li>\n<li>Le motif floral est un symbole d&rsquo;amour, de sensualit\u00e9 et de beaut\u00e9, repr\u00e9sentant l&rsquo;admiration et le respect.<\/li>\n<li>Id\u00e9al pour le transport quotidien de votre appareil.<\/li>\n<li>Double fermeture \u00e9clair pour une plus grande facilit\u00e9 d&rsquo;utilisation.<\/li>\n<li>Fabriqu\u00e9 en n\u00e9opr\u00e8ne \u00e9pais de 3\u00a0mm pour une protection accrue.<\/li>\n<li>Compact et id\u00e9al, il offre un acc\u00e8s confortable \u00e0 votre ordinateur et s&rsquo;adapte parfaitement.<\/li>\n<li>L\u00e9ger et fin, mais \u00e9l\u00e9gant.<\/li>\n<\/ul>\n","protected":false},"excerpt":{"rendered":"<p>L&rsquo;\u00e9tui pour ordinateur portable id\u00e9al pour ceux qui recherchent un \u00e9tui l\u00e9ger et durable pour prot\u00e9ger leur ordinateur et avoir une belle apparence.<\/p>\n","protected":false},"featured_media":79865,"template":"","meta":[],"product_brand":[],"product_cat":[239,1706,1733,385],"product_tag":[],"class_list":{"0":"post-81769","1":"product","2":"type-product","3":"status-publish","4":"has-post-thumbnail","6":"product_cat-fundas-portatil","7":"product_cat-fundas-para-portatiles-de-13-3-a-14","8":"product_cat-menos-20","9":"product_cat-bolsas","11":"first","12":"instock","13":"sale","14":"featured","15":"taxable","16":"shipping-taxable","17":"purchasable","18":"product-type-simple"},"_links":{"self":[{"href":"https:\/\/subblim.com\/fr\/wp-json\/wp\/v2\/product\/81769","targetHints":{"allow":["GET"]}}],"collection":[{"href":"https:\/\/subblim.com\/fr\/wp-json\/wp\/v2\/product"}],"about":[{"href":"https:\/\/subblim.com\/fr\/wp-json\/wp\/v2\/types\/product"}],"version-history":[{"count":0,"href":"https:\/\/subblim.com\/fr\/wp-json\/wp\/v2\/product\/81769\/revisions"}],"wp:featuredmedia":[{"embeddable":true,"href":"https:\/\/subblim.com\/fr\/wp-json\/wp\/v2\/media\/79865"}],"wp:attachment":[{"href":"https:\/\/subblim.com\/fr\/wp-json\/wp\/v2\/media?parent=81769"}],"wp:term":[{"taxonomy":"product_brand","embeddable":true,"href":"https:\/\/subblim.com\/fr\/wp-json\/wp\/v2\/product_brand?post=81769"},{"taxonomy":"product_cat","embeddable":true,"href":"https:\/\/subblim.com\/fr\/wp-json\/wp\/v2\/product_cat?post=81769"},{"taxonomy":"product_tag","embeddable":true,"href":"https:\/\/subblim.com\/fr\/wp-json\/wp\/v2\/product_tag?post=81769"}],"curies":[{"name":"wp","href":"https:\/\/api.w.org\/{rel}","templated":true}]}}