{"id":81760,"date":"2023-05-29T09:32:49","date_gmt":"2023-05-29T07:32:49","guid":{"rendered":"https:\/\/subblim.com\/funda-ordenador-neopreno-trendy-sleeve-neo-mountain-156\/"},"modified":"2026-03-02T03:55:10","modified_gmt":"2026-03-02T02:55:10","slug":"housse-en-neoprene-pour-ordinateur-portable-tendance-neo-mountain-156","status":"publish","type":"product","link":"https:\/\/subblim.com\/fr\/housse-en-neoprene-pour-ordinateur-portable-tendance-neo-mountain-156\/","title":{"rendered":"Housse en n\u00e9opr\u00e8ne Trendy Sleeve Neo Mountain pour ordinateur portable 15,6 pouces"},"content":{"rendered":"<p>La housse en n\u00e9opr\u00e8ne pour ordinateur portable SUBBLIM Trendy est le choix id\u00e9al pour ceux qui recherchent une protection optimale et l\u00e9g\u00e8re pour leur ordinateur portable. <br \/>Avec une \u00e9paisseur de 3 mm en n\u00e9opr\u00e8ne de haute qualit\u00e9, elle offre une excellente r\u00e9sistance aux chocs et aux chutes accidentelles, prot\u00e9geant ainsi votre appareil \u00e0 tout moment. <br \/>Son aspect l\u00e9ger et fin ne compromet en rien sa capacit\u00e9 de protection. De plus, son design \u00e9l\u00e9gant et attrayant en fait un accessoire accrocheur. La housse Trendy s&rsquo;int\u00e8gre parfaitement \u00e0 votre quotidien et est id\u00e9ale \u00e0 transporter dans diff\u00e9rents endroits, comme les caf\u00e9s ou les espaces de coworking. <br \/>Pratique \u00e9galement\u00a0: vous pouvez facilement la ranger avec votre ordinateur portable dans votre sac \u00e0 dos ou votre valise sans craindre de l&rsquo;endommager. Son design fonctionnel et moderne en fait une option polyvalente pour tous ceux qui cherchent \u00e0 prot\u00e9ger leur ordinateur \u00e0 un prix abordable.<\/p>\n<ul>\n<li>Housse en n\u00e9opr\u00e8ne pour ordinateurs 15,6&Prime;.<\/li>\n<li>N\u00e9opr\u00e8ne de 3 mm.<\/li>\n<li>Compatible avec MacBook Pro 16 pouces 2021 A2485 M1 Pro \/ M1 Max avec Touch ID, MacBook Pro 16 A2141 2019 2020, MacBook Pro Retina 15.4 A1398 ; Surface Book 3\/2\/1 15 ; Asus ZenBook \/ VivoBook 15 ; Acer Swift 3 14 \/ Swift 5 15.6, Acer Aspire 3\/5\/7 15.6 ; HP ProBook \/ Spectre x360 \/ Envy x360 15.6 ; HP Omen \/ Pavilion x360 15.6 ; Dell XPS \/ Precision \/ Vostro \/ Latitude 15.<\/li>\n<li>Dimensions ext\u00e9rieures\u00a0: 388 x 275 x 20\u00a0mm.<\/li>\n<li>Dimensions int\u00e9rieures\u00a0: 377 x 267 x 18\u00a0mm.<\/li>\n<li>Le design montagneux transmet une sensation de tranquillit\u00e9, de s\u00e9r\u00e9nit\u00e9 et de grandeur, vous invitant \u00e0 r\u00eaver d\u2019aventures et \u00e0 profiter de la beaut\u00e9 de la nature.<\/li>\n<li>Id\u00e9al pour le transport quotidien de votre appareil.<\/li>\n<li>Fermeture \u00e0 double fermeture \u00e9clair pour une plus grande facilit\u00e9 d\u2019utilisation.<\/li>\n<li>Fabriqu\u00e9 en n\u00e9opr\u00e8ne de 3\u00a0mm d\u2019\u00e9paisseur pour une meilleure protection.<\/li>\n<li>Compact et id\u00e9al, il offre un acc\u00e8s confortable \u00e0 votre ordinateur et s\u2019adapte parfaitement.<\/li>\n<li>Apparence l\u00e9g\u00e8re, fine et \u00e9l\u00e9gante.<\/li>\n<\/ul>\n","protected":false},"excerpt":{"rendered":"<p>Solution id\u00e9ale pour transporter votre ordinateur portable 15,6&Prime; dans une valise ou un sac \u00e0 dos classique, cette housse en n\u00e9opr\u00e8ne l\u00e9g\u00e8re et durable pr\u00e9sente un design magnifique et distinctif.<\/p>\n","protected":false},"featured_media":79910,"template":"","meta":[],"product_brand":[],"product_cat":[239,1707,1733,385],"product_tag":[],"class_list":{"0":"post-81760","1":"product","2":"type-product","3":"status-publish","4":"has-post-thumbnail","6":"product_cat-fundas-portatil","7":"product_cat-fundas-para-portatiles-de-15-6","8":"product_cat-menos-20","9":"product_cat-bolsas","11":"first","12":"instock","13":"sale","14":"featured","15":"taxable","16":"shipping-taxable","17":"purchasable","18":"product-type-simple"},"_links":{"self":[{"href":"https:\/\/subblim.com\/fr\/wp-json\/wp\/v2\/product\/81760","targetHints":{"allow":["GET"]}}],"collection":[{"href":"https:\/\/subblim.com\/fr\/wp-json\/wp\/v2\/product"}],"about":[{"href":"https:\/\/subblim.com\/fr\/wp-json\/wp\/v2\/types\/product"}],"version-history":[{"count":0,"href":"https:\/\/subblim.com\/fr\/wp-json\/wp\/v2\/product\/81760\/revisions"}],"wp:featuredmedia":[{"embeddable":true,"href":"https:\/\/subblim.com\/fr\/wp-json\/wp\/v2\/media\/79910"}],"wp:attachment":[{"href":"https:\/\/subblim.com\/fr\/wp-json\/wp\/v2\/media?parent=81760"}],"wp:term":[{"taxonomy":"product_brand","embeddable":true,"href":"https:\/\/subblim.com\/fr\/wp-json\/wp\/v2\/product_brand?post=81760"},{"taxonomy":"product_cat","embeddable":true,"href":"https:\/\/subblim.com\/fr\/wp-json\/wp\/v2\/product_cat?post=81760"},{"taxonomy":"product_tag","embeddable":true,"href":"https:\/\/subblim.com\/fr\/wp-json\/wp\/v2\/product_tag?post=81760"}],"curies":[{"name":"wp","href":"https:\/\/api.w.org\/{rel}","templated":true}]}}