{"id":81745,"date":"2023-10-31T10:45:27","date_gmt":"2023-10-31T09:45:27","guid":{"rendered":"https:\/\/subblim.com\/funda-tablet-shock-case-ipad-pro-11-2021-20-18-black\/"},"modified":"2026-02-01T02:15:15","modified_gmt":"2026-02-01T01:15:15","slug":"etui-tablette-shock-case-ipad-pro-11-2021-20-18-noir","status":"publish","type":"product","link":"https:\/\/subblim.com\/fr\/etui-tablette-shock-case-ipad-pro-11-2021-20-18-noir\/","title":{"rendered":"\u00c9tui Shock Case pour iPad Pro 11&Prime; (2021\/2020\/2018) Noir"},"content":{"rendered":"<p>\u00c9tui exclusif pour iPad Pro 11&Prime; 2021\/2020\/18 offrant une protection compl\u00e8te \u00e0 votre appareil. Son design moderne et \u00e9l\u00e9gant, au format Full SmartCover, est particuli\u00e8rement \u00e9l\u00e9gant. La coque arri\u00e8re en thermoplastique dissipe la chaleur de l&rsquo;iPad et offre une protection optimale contre les dommages. Ses bords sont renforc\u00e9s contre les chutes. Son installation est facile gr\u00e2ce \u00e0 un simple clip. Diff\u00e9rents angles de vue vous permettent de regarder des vid\u00e9os ou d&rsquo;\u00e9crire. Toutes les fonctions de la tablette sont accessibles avec l&rsquo;\u00e9tui et une ouverture pour l&rsquo;appareil photo vous permet de prendre des photos et des vid\u00e9os. Cet \u00e9tui monobloc s&rsquo;adaptera parfaitement \u00e0 votre nouvel iPad Pro 11&Prime; 2021\/2020\/18 gr\u00e2ce \u00e0 sa fermeture magn\u00e9tique de pr\u00e9cision. Il offre une protection id\u00e9ale o\u00f9 que vous alliez.<\/p>\n<p>\u2022 \u00c9tui exclusif pour iPad Pro 11&Prime; 2021\/20\/18<br \/> \u2022 Mat\u00e9riau ext\u00e9rieur r\u00e9sistant avec finition en tissu<br \/> \u2022 Bords renforc\u00e9s contre les chutes accidentelles<br \/> \u2022 \u00c9tui semi-rigide anti-chocs pour une protection maximale<br \/> \u2022 Mat\u00e9riau thermoplastique avec capacit\u00e9 de dissipation thermique<br \/> \u2022 Design ultra-l\u00e9ger et tr\u00e8s fin<br \/> \u2022 Int\u00e9rieur velout\u00e9 pour \u00e9viter les rayures<br \/> \u2022 Ouverture pour appareil photo \u00e0 l&rsquo;arri\u00e8re<br \/> \u2022 Acc\u00e8s facile aux boutons de commande et au port de chargement USB<br \/> \u2022 Fonction support de visualisation \u00e0 deux positions<br \/> \u2022 Espace int\u00e9gr\u00e9 pour transporter l&rsquo;Apple Pencil<br \/> \u2022 Le syst\u00e8me de fermeture est magn\u00e9tique, facilitant un transport s\u00e9curis\u00e9<\/p>\n","protected":false},"excerpt":{"rendered":"<p>Prot\u00e9gez votre pr\u00e9cieux iPad en toute confiance gr\u00e2ce \u00e0 cet \u00e9tui exclusif qui garantit une protection optimale \u00e0 tout moment. Son design Full SmartCover moderne et \u00e9l\u00e9gant lui conf\u00e8rera un look sophistiqu\u00e9 et attrayant.<\/p>\n","protected":false},"featured_media":77051,"template":"","meta":[],"product_brand":[],"product_cat":[386,1726,380,352,412,510,1733],"product_tag":[],"class_list":{"0":"post-81745","1":"product","2":"type-product","3":"status-publish","4":"has-post-thumbnail","6":"product_cat-accesorios-tablet","7":"product_cat-fundas-clear-shock-case-ipad-pro-m4-2024","8":"product_cat-fundas-tablet-exclusivas","9":"product_cat-funda-ipad","10":"product_cat-fundas-tablet","11":"product_cat-fundas-shock-case","12":"product_cat-menos-20","14":"first","15":"instock","16":"sale","17":"featured","18":"taxable","19":"shipping-taxable","20":"purchasable","21":"product-type-simple"},"_links":{"self":[{"href":"https:\/\/subblim.com\/fr\/wp-json\/wp\/v2\/product\/81745","targetHints":{"allow":["GET"]}}],"collection":[{"href":"https:\/\/subblim.com\/fr\/wp-json\/wp\/v2\/product"}],"about":[{"href":"https:\/\/subblim.com\/fr\/wp-json\/wp\/v2\/types\/product"}],"version-history":[{"count":0,"href":"https:\/\/subblim.com\/fr\/wp-json\/wp\/v2\/product\/81745\/revisions"}],"wp:featuredmedia":[{"embeddable":true,"href":"https:\/\/subblim.com\/fr\/wp-json\/wp\/v2\/media\/77051"}],"wp:attachment":[{"href":"https:\/\/subblim.com\/fr\/wp-json\/wp\/v2\/media?parent=81745"}],"wp:term":[{"taxonomy":"product_brand","embeddable":true,"href":"https:\/\/subblim.com\/fr\/wp-json\/wp\/v2\/product_brand?post=81745"},{"taxonomy":"product_cat","embeddable":true,"href":"https:\/\/subblim.com\/fr\/wp-json\/wp\/v2\/product_cat?post=81745"},{"taxonomy":"product_tag","embeddable":true,"href":"https:\/\/subblim.com\/fr\/wp-json\/wp\/v2\/product_tag?post=81745"}],"curies":[{"name":"wp","href":"https:\/\/api.w.org\/{rel}","templated":true}]}}