{"id":81736,"date":"2023-11-09T15:59:24","date_gmt":"2023-11-09T14:59:24","guid":{"rendered":"https:\/\/subblim.com\/cargador-coche-dual-pd-car-charger-pd18w2-4a-cable-c-to-c-negro\/"},"modified":"2025-06-12T11:57:10","modified_gmt":"2025-06-12T09:57:10","slug":"chargeur-de-voiture-double-pd-pd18w2-4a-cable-c-vers-c-noir","status":"publish","type":"product","link":"https:\/\/subblim.com\/fr\/chargeur-de-voiture-double-pd-pd18w2-4a-cable-c-vers-c-noir\/","title":{"rendered":"Chargeur de voiture double PD 18 W + 2,4 A + c\u00e2ble C vers C noir"},"content":{"rendered":"<ul>\n<li>Chargeur de voiture avec deux ports (USB C + USB A) pour charger deux appareils simultan\u00e9ment.<\/li>\n<li>Vitesse de charge ultra-rapide de 18 W \/ 3,0 A.<\/li>\n<li>Protection contre\u00a0: les courts-circuits, la temp\u00e9rature, la surcharge, la surtension et la surtension.<\/li>\n<li>C\u00e2ble USB C haute performance.<\/li>\n<li>Pr\u00e9par\u00e9 pour charger \u00e0 grande vitesse jusqu&rsquo;\u00e0 5\u00a0V \/ 3\u00a0A et transmettre des donn\u00e9es jusqu&rsquo;\u00e0 5\u00a0Gbit\/s.<\/li>\n<li>Id\u00e9al pour charger des t\u00e9l\u00e9phones et tablettes Android \/ iOS ou des appareils tels que des banques d&rsquo;alimentation et \/ ou des \u00e9couteurs Bluetooth pr\u00e9par\u00e9s pour une charge ultra-rapide.<\/li>\n<li>Ext\u00e9rieur en fibre de nylon \u00e0 double tressage pour une excellente protection, r\u00e9sistance et flexibilit\u00e9.<\/li>\n<li>Le c\u00e2ble a \u00e9t\u00e9 soumis \u00e0 des tests de flexion \u00e0 90 \u00b0 10\u00a0000 fois.<\/li>\n<li>Sangle velcro incluse pour ajuster la longueur du c\u00e2ble et \u00e9viter les enchev\u00eatrements.<\/li>\n<li>Connecteurs en aluminium qui permettent une connexion s\u00fbre et parfaite Connexions.<\/li>\n<li>Longueur\u00a0: 1\u00a0m<\/li>\n<\/ul>\n<p>&nbsp;<\/p>\n<p>EAN\u00a0: Chargeur de voiture double PD PD18\u00a0W Argent (SUB-CHG-5CPD01) 8436586740771\u00a0; Chargeur de voiture double PD PD18\u00a0W Noir (SUB-CHG-5CPD02) 8436586740788<\/p>\n","protected":false},"excerpt":{"rendered":"<p>Chargeur de voiture 2 ports (USB-C et USB-A) sp\u00e9cialement con\u00e7u pour les smartphones et tablettes, avec Power Delivery pour une charge ultra-rapide jusqu&rsquo;\u00e0 18 W. C\u00e2ble USB-C r\u00e9versible haute performance inclus.<\/p>\n","protected":false},"featured_media":75967,"template":"","meta":[],"product_brand":[],"product_cat":[2358,1853,1884],"product_tag":[3233],"class_list":{"0":"post-81736","1":"product","2":"type-product","3":"status-publish","4":"has-post-thumbnail","6":"product_cat-cable-chargeur-de-voiture","7":"product_cat-cables-and-chargers-en","8":"product_cat-chargers-en","9":"product_tag-black-friday-en","11":"first","12":"outofstock","13":"taxable","14":"shipping-taxable","15":"purchasable","16":"product-type-simple"},"_links":{"self":[{"href":"https:\/\/subblim.com\/fr\/wp-json\/wp\/v2\/product\/81736","targetHints":{"allow":["GET"]}}],"collection":[{"href":"https:\/\/subblim.com\/fr\/wp-json\/wp\/v2\/product"}],"about":[{"href":"https:\/\/subblim.com\/fr\/wp-json\/wp\/v2\/types\/product"}],"version-history":[{"count":0,"href":"https:\/\/subblim.com\/fr\/wp-json\/wp\/v2\/product\/81736\/revisions"}],"wp:featuredmedia":[{"embeddable":true,"href":"https:\/\/subblim.com\/fr\/wp-json\/wp\/v2\/media\/75967"}],"wp:attachment":[{"href":"https:\/\/subblim.com\/fr\/wp-json\/wp\/v2\/media?parent=81736"}],"wp:term":[{"taxonomy":"product_brand","embeddable":true,"href":"https:\/\/subblim.com\/fr\/wp-json\/wp\/v2\/product_brand?post=81736"},{"taxonomy":"product_cat","embeddable":true,"href":"https:\/\/subblim.com\/fr\/wp-json\/wp\/v2\/product_cat?post=81736"},{"taxonomy":"product_tag","embeddable":true,"href":"https:\/\/subblim.com\/fr\/wp-json\/wp\/v2\/product_tag?post=81736"}],"curies":[{"name":"wp","href":"https:\/\/api.w.org\/{rel}","templated":true}]}}