{"id":81724,"date":"2023-11-09T15:59:26","date_gmt":"2023-11-09T14:59:26","guid":{"rendered":"https:\/\/subblim.com\/cargador-de-pared-abs-dual-2-4a-cable-3-en-1-negro\/"},"modified":"2025-06-12T11:56:52","modified_gmt":"2025-06-12T09:56:52","slug":"chargeur-mural-double-abs-24-a-avec-cable-3-en-1-noir","status":"publish","type":"product","link":"https:\/\/subblim.com\/fr\/chargeur-mural-double-abs-24-a-avec-cable-3-en-1-noir\/","title":{"rendered":"Chargeur mural double ABS (2,4 A) + c\u00e2ble 3 en 1 noir"},"content":{"rendered":"<p>Avec ce chargeur et c\u00e2ble USB \u00e0 deux ports dot\u00e9 des trois connecteurs les plus courants du march\u00e9 : Micro USB, Type C et Lightning, vous pouvez garder tous vos appareils toujours charg\u00e9s de la mani\u00e8re la plus rapide et la plus simple. <\/p>\n<ul>\n<li>Chargeur mural avec deux ports USB A pour charger deux appareils simultan\u00e9ment.<\/li>\n<li>\n<p>Vitesse de charge rapide de 12 W \/ 2,4 A.<\/li>\n<li>\n<p>Protection contre\u00a0: les courts-circuits, la temp\u00e9rature, les surcharges, les surtensions et les surtensions.<\/li>\n<li>\n<p>C\u00e2ble 3 en 1 dot\u00e9 des trois connecteurs les plus utilis\u00e9s du march\u00e9\u00a0: Type C, Micro USB et Lightning.<\/li>\n<li>\n<p>Pr\u00e9par\u00e9 pour charger \u00e0 grande vitesse jusqu&rsquo;\u00e0 5\u00a0V \/ 3\u00a0A et transmettre des donn\u00e9es.<\/li>\n<li>Id\u00e9al pour charger les t\u00e9l\u00e9phones et tablettes Android \/ iOS ou des appareils tels que les banques d&rsquo;alimentation et \/ ou les \u00e9couteurs Bluetooth.<\/li>\n<li>\n<p>Ext\u00e9rieur en fibre de nylon \u00e0 double tressage pour une excellente protection, r\u00e9sistance et flexibilit\u00e9.<\/li>\n<li>\n<p>Le c\u00e2ble a \u00e9t\u00e9 soumis \u00e0 des tests de flexion \u00e0 90\u00a0\u00b0 10\u00a0000 fois.<\/li>\n<li>\n<p>Sangle velcro incluse pour ajuster la longueur du c\u00e2ble et \u00e9vitez les enchev\u00eatrements.<\/li>\n<li>\n<p>Connecteurs en aluminium qui permettent des connexions s\u00fbres et parfaites.<\/li>\n<li>\n<p>Longueur\u00a0: 1\u00a0m.<\/li>\n<\/ul>\n<p>EAN\u00a0: Chargeur mural double ABS blanc (SUB-CHG-1ZWC01) 8436586740696\u00a0; Chargeur mural double ABS noir (SUB-CHG-1ZWC02) 8436586740702<\/p>\n","protected":false},"excerpt":{"rendered":"<p>Chargeur mural avec deux ports USB-A pour recharger deux appareils simultan\u00e9ment et un c\u00e2ble 3 en 1\u00a0: Type-C, Micro-USB et Lightning. Id\u00e9al pour recharger les t\u00e9l\u00e9phones et tablettes Android\/iOS, ainsi que des appareils tels que des batteries externes et\/ou des \u00e9couteurs Bluetooth.<\/p>\n","protected":false},"featured_media":72019,"template":"","meta":[],"product_brand":[],"product_cat":[1086],"product_tag":[],"class_list":{"0":"post-81724","1":"product","2":"type-product","3":"status-publish","4":"has-post-thumbnail","6":"product_cat-cargadores","8":"first","9":"outofstock","10":"taxable","11":"shipping-taxable","12":"purchasable","13":"product-type-simple"},"_links":{"self":[{"href":"https:\/\/subblim.com\/fr\/wp-json\/wp\/v2\/product\/81724","targetHints":{"allow":["GET"]}}],"collection":[{"href":"https:\/\/subblim.com\/fr\/wp-json\/wp\/v2\/product"}],"about":[{"href":"https:\/\/subblim.com\/fr\/wp-json\/wp\/v2\/types\/product"}],"version-history":[{"count":0,"href":"https:\/\/subblim.com\/fr\/wp-json\/wp\/v2\/product\/81724\/revisions"}],"wp:featuredmedia":[{"embeddable":true,"href":"https:\/\/subblim.com\/fr\/wp-json\/wp\/v2\/media\/72019"}],"wp:attachment":[{"href":"https:\/\/subblim.com\/fr\/wp-json\/wp\/v2\/media?parent=81724"}],"wp:term":[{"taxonomy":"product_brand","embeddable":true,"href":"https:\/\/subblim.com\/fr\/wp-json\/wp\/v2\/product_brand?post=81724"},{"taxonomy":"product_cat","embeddable":true,"href":"https:\/\/subblim.com\/fr\/wp-json\/wp\/v2\/product_cat?post=81724"},{"taxonomy":"product_tag","embeddable":true,"href":"https:\/\/subblim.com\/fr\/wp-json\/wp\/v2\/product_tag?post=81724"}],"curies":[{"name":"wp","href":"https:\/\/api.w.org\/{rel}","templated":true}]}}