{"id":81709,"date":"2023-11-10T11:10:47","date_gmt":"2023-11-10T10:10:47","guid":{"rendered":"https:\/\/subblim.com\/combo-business-slim-silencioso-inalambrico-2-4g-blanco\/"},"modified":"2026-03-23T09:08:44","modified_gmt":"2026-03-23T08:08:44","slug":"combo-business-slim-silencieux-sans-fil-2-4g-blanc","status":"publish","type":"product","link":"https:\/\/subblim.com\/fr\/combo-business-slim-silencieux-sans-fil-2-4g-blanc\/","title":{"rendered":"Ensemble clavier et souris professionnels sans fil 2,4 GHz, fin et silencieux, blanc"},"content":{"rendered":"<p>L&rsquo;ensemble clavier et souris professionnels sans fil 2,4 G Slim Silent vous offre une frappe pr\u00e9cise et confortable gr\u00e2ce \u00e0 l&rsquo;ergonomie de ses touches plates et discr\u00e8tes et \u00e0 la forme profil\u00e9e de la souris. C&rsquo;est la combinaison parfaite pour une meilleure productivit\u00e9 en cr\u00e9ant un espace de travail id\u00e9al sans c\u00e2bles, vous offrant plus de libert\u00e9 et d&rsquo;ordre. Le tout sans bruits g\u00eanants gr\u00e2ce \u00e0 la technologie Silent Keys utilis\u00e9e dans les touches et les boutons. <\/p>\n<p>CLAVIER <\/p>\n<ul>\n<li>Connexion sans fil Plug &#038; Play Jouez avec une protection et une s\u00e9curit\u00e9 maximales.<\/li>\n<li>Touches ergonomiques, discr\u00e8tes et carr\u00e9es avec coins arrondis pour un confort et une pr\u00e9cision maximaux.<\/li>\n<li>Le clavier a un profil plat qui ajoute de l&rsquo;\u00e9l\u00e9gance \u00e0 votre bureau tout en gardant vos mains dans une position plus confortable et naturelle.<\/li>\n<li>R\u00e9sistant aux \u00e9claboussures et aux d\u00e9versements.<\/li>\n<li>Frappes silencieuses et douces pour ne pas d\u00e9ranger votre entourage.<\/li>\n<li>Disposition pleine taille (104 touches) avec pav\u00e9 num\u00e9rique et s\u00e9paration entre les touches pour un nettoyage facile.<\/li>\n<li>12 touches de fonction et de raccourci.<\/li>\n<li>Pieds arri\u00e8re r\u00e9glables en hauteur et but\u00e9es antid\u00e9rapantes.<\/li>\n<li>Fonctionne avec une pile AA.<\/li>\n<\/ul>\n<p>SOURIS<\/p>\n<ul>\n<li>Sa conception profil\u00e9e offre Grand confort pour toutes les tailles de main.<\/li>\n<li>Connexion via r\u00e9cepteur USB\u00a0: Plug &#038; Play\n<p>\u2022 Silencieux\u00a0: technologie Silent Click.<\/li>\n<li>Il dispose de 3 boutons de fonction.<\/li>\n<li>R\u00e9solution\/vitesse jusqu&rsquo;\u00e0 1\u00a0200\u00a0dpi.<\/li>\n<li>Port\u00e9e sans fil jusqu&rsquo;\u00e0 10\u00a0m\u00e8tres.<\/li>\n<li>Molette de d\u00e9filement antid\u00e9rapante.<\/li>\n<li>Ergonomique et ultra-mince pour une utilisation ambidextre.<\/li>\n<li>Fonctionne avec deux piles AAA.<\/li>\n<\/ul>\n<p>EAN\u00a0: Combo Business Wireless White (SUBKBC-CSSW11) 8436586742560\u00a0; Combo Business Wireless Black (SUBKBC-CSSW10) 8436586742379<\/p>\n","protected":false},"excerpt":{"rendered":"<p>Une combinaison clavier et souris sans fil parfaite pour une productivit\u00e9 accrue en cr\u00e9ant un espace de travail id\u00e9al sans c\u00e2bles, vous offrant une plus grande libert\u00e9 et organisation.<\/p>\n","protected":false},"featured_media":79352,"template":"","meta":[],"product_brand":[],"product_cat":[1786,1783,1784],"product_tag":[],"class_list":{"0":"post-81709","1":"product","2":"type-product","3":"status-publish","4":"has-post-thumbnail","6":"product_cat-claviers-et-souris-fr","7":"product_cat-combo-clavier-souris","8":"product_cat-combo-sans-fil-fr","10":"first","11":"instock","12":"taxable","13":"shipping-taxable","14":"purchasable","15":"product-type-simple"},"_links":{"self":[{"href":"https:\/\/subblim.com\/fr\/wp-json\/wp\/v2\/product\/81709","targetHints":{"allow":["GET"]}}],"collection":[{"href":"https:\/\/subblim.com\/fr\/wp-json\/wp\/v2\/product"}],"about":[{"href":"https:\/\/subblim.com\/fr\/wp-json\/wp\/v2\/types\/product"}],"version-history":[{"count":0,"href":"https:\/\/subblim.com\/fr\/wp-json\/wp\/v2\/product\/81709\/revisions"}],"wp:featuredmedia":[{"embeddable":true,"href":"https:\/\/subblim.com\/fr\/wp-json\/wp\/v2\/media\/79352"}],"wp:attachment":[{"href":"https:\/\/subblim.com\/fr\/wp-json\/wp\/v2\/media?parent=81709"}],"wp:term":[{"taxonomy":"product_brand","embeddable":true,"href":"https:\/\/subblim.com\/fr\/wp-json\/wp\/v2\/product_brand?post=81709"},{"taxonomy":"product_cat","embeddable":true,"href":"https:\/\/subblim.com\/fr\/wp-json\/wp\/v2\/product_cat?post=81709"},{"taxonomy":"product_tag","embeddable":true,"href":"https:\/\/subblim.com\/fr\/wp-json\/wp\/v2\/product_tag?post=81709"}],"curies":[{"name":"wp","href":"https:\/\/api.w.org\/{rel}","templated":true}]}}