{"id":81706,"date":"2023-11-10T11:10:47","date_gmt":"2023-11-10T10:10:47","guid":{"rendered":"https:\/\/subblim.com\/combo-business-slim-silencioso-con-cable-usb-negro\/"},"modified":"2026-03-17T15:46:25","modified_gmt":"2026-03-17T14:46:25","slug":"combo-business-slim-silent-avec-cable-usb-noir","status":"publish","type":"product","link":"https:\/\/subblim.com\/fr\/combo-business-slim-silent-avec-cable-usb-noir\/","title":{"rendered":"Ensemble clavier et souris professionnels minces et silencieux avec c\u00e2ble USB, noir"},"content":{"rendered":"<p>L&rsquo;ensemble clavier et souris filaires USB Business Slim Silent vous offre une frappe pr\u00e9cise et confortable gr\u00e2ce \u00e0 l&rsquo;ergonomie des touches plates et discr\u00e8tes et \u00e0 la forme profil\u00e9e de la souris. Cette combinaison vous permet d&rsquo;optimiser votre productivit\u00e9 en cr\u00e9ant un espace de travail id\u00e9al. Le tout sans bruit d\u00e9sagr\u00e9able gr\u00e2ce \u00e0 la technologie Silent Keys des touches et des boutons. <\/p>\n<p>CLAVIER<\/p>\n<ul>\n<li>Connexion par c\u00e2ble USB Plug &#038; Play. Jouez avec une protection et une s\u00e9curit\u00e9 maximales.<\/li>\n<li>Touches ergonomiques, discr\u00e8tes et carr\u00e9es avec coins arrondis\n<p>pour un confort et une pr\u00e9cision optimaux.<\/li>\n<li>Le clavier a un profil plat qui ajoute de l&rsquo;\u00e9l\u00e9gance \u00e0 votre bureau tout en permettant \u00e0 vos mains d&rsquo;\u00eatre dans une position plus confortable et naturelle.<\/li>\n<li>\u00c9tanche et r\u00e9sistant aux \u00e9claboussures.<\/li>\n<li>Frappes silencieuses et douces pour ne pas d\u00e9ranger votre entourage.<\/li>\n<li>Disposition pleine taille (104 touches) avec un pav\u00e9 num\u00e9rique et un espacement des touches pour un nettoyage facile.<\/li>\n<li>12 touches de fonction et de raccourci.<\/li>\n<li>Pieds arri\u00e8re r\u00e9glables en hauteur et but\u00e9es en caoutchouc antid\u00e9rapantes.<\/li>\n<li>La longueur du c\u00e2ble de 150 cm vous permet de positionner le clavier n&rsquo;importe o\u00f9 sur votre bureau.<\/li>\n<\/ul>\n<p>SOURIS<\/p>\n<ul>\n<li>Souris optique filaire USB \u00e0 3 boutons au design ergonomique.<\/li>\n<li>Boutons de commande silencieux, \u00e9vitant les bruits de fonctionnement d\u00e9sagr\u00e9ables.<\/li>\n<li>R\u00e9solution\/vitesse jusqu&rsquo;\u00e0 1200 DPI.<\/li>\n<\/ul>\n<p>EAN\u00a0: Combo Business Wired White (SUBKBC-CSSK02) 8436586742553\u00a0; Combo Business Wired Black (SUBKBC-CSSK01) 8436586742362<\/p>\n","protected":false},"excerpt":{"rendered":"<p>Le Business Combo avec c\u00e2ble USB est la combinaison id\u00e9ale pour une productivit\u00e9 accrue et un espace de travail optimal. Le tout, sans bruit g\u00eanant gr\u00e2ce \u00e0 la technologie Silent Keys int\u00e9gr\u00e9e aux touches et boutons.<\/p>\n","protected":false},"featured_media":79218,"template":"","meta":[],"product_brand":[],"product_cat":[1786,1783,2227],"product_tag":[],"class_list":{"0":"post-81706","1":"product","2":"type-product","3":"status-publish","4":"has-post-thumbnail","6":"product_cat-claviers-et-souris-fr","7":"product_cat-combo-clavier-souris","8":"product_cat-combo-filaire-fr","10":"first","11":"instock","12":"taxable","13":"shipping-taxable","14":"purchasable","15":"product-type-simple"},"_links":{"self":[{"href":"https:\/\/subblim.com\/fr\/wp-json\/wp\/v2\/product\/81706","targetHints":{"allow":["GET"]}}],"collection":[{"href":"https:\/\/subblim.com\/fr\/wp-json\/wp\/v2\/product"}],"about":[{"href":"https:\/\/subblim.com\/fr\/wp-json\/wp\/v2\/types\/product"}],"version-history":[{"count":0,"href":"https:\/\/subblim.com\/fr\/wp-json\/wp\/v2\/product\/81706\/revisions"}],"wp:featuredmedia":[{"embeddable":true,"href":"https:\/\/subblim.com\/fr\/wp-json\/wp\/v2\/media\/79218"}],"wp:attachment":[{"href":"https:\/\/subblim.com\/fr\/wp-json\/wp\/v2\/media?parent=81706"}],"wp:term":[{"taxonomy":"product_brand","embeddable":true,"href":"https:\/\/subblim.com\/fr\/wp-json\/wp\/v2\/product_brand?post=81706"},{"taxonomy":"product_cat","embeddable":true,"href":"https:\/\/subblim.com\/fr\/wp-json\/wp\/v2\/product_cat?post=81706"},{"taxonomy":"product_tag","embeddable":true,"href":"https:\/\/subblim.com\/fr\/wp-json\/wp\/v2\/product_tag?post=81706"}],"curies":[{"name":"wp","href":"https:\/\/api.w.org\/{rel}","templated":true}]}}