{"id":81703,"date":"2023-11-10T11:10:48","date_gmt":"2023-11-10T10:10:48","guid":{"rendered":"https:\/\/subblim.com\/dual-car-charger-2-4a-cable-3in1-plata\/"},"modified":"2026-02-01T02:15:17","modified_gmt":"2026-02-01T01:15:17","slug":"chargeur-de-voiture-double-24-a-cable-3-en-1-argent","status":"publish","type":"product","link":"https:\/\/subblim.com\/fr\/chargeur-de-voiture-double-24-a-cable-3-en-1-argent\/","title":{"rendered":"Chargeur de voiture double (2,4 A) + c\u00e2ble 3 en 1 argent"},"content":{"rendered":"<ul>\n<li>Chargeur de voiture avec deux ports USB A pour charger deux appareils simultan\u00e9ment.<\/li>\n<li>\n<p>Chargeur avec pointe en acier \u00e0 utiliser comme marteau de s\u00e9curit\u00e9.<\/li>\n<li>\n<p>Vitesse de charge rapide de 12 W \/ 2,4 A.<\/li>\n<li>\n<p>Protection contre\u00a0: les courts-circuits, la temp\u00e9rature, les surcharges, les surtensions et les surtensions.<\/li>\n<li>\n<p>C\u00e2ble 3 en 1 dot\u00e9 des trois connecteurs les plus utilis\u00e9s du march\u00e9\u00a0: Type C, Micro USB et Lightning.<\/li>\n<li>\n<p>Pr\u00e9par\u00e9 pour charger \u00e0 grande vitesse jusqu&rsquo;\u00e0 5\u00a0V \/ 3\u00a0A et transmettre des donn\u00e9es.<\/li>\n<li>\n<p>Id\u00e9al pour charger les t\u00e9l\u00e9phones et tablettes Android \/ iOS ou des appareils tels que les banques d&rsquo;alimentation et \/ ou les \u00e9couteurs Bluetooth.<\/li>\n<li>\n<p>Ext\u00e9rieur en fibre de nylon \u00e0 double tressage pour une excellente protection, r\u00e9sistance et flexibilit\u00e9.<\/li>\n<li>\n<p>Le c\u00e2ble a \u00e9t\u00e9 test\u00e9 \u00e0 90\u00a0\u00b0 et pli\u00e9 \u00e0 10\u00a0000 fois.<\/li>\n<li>\n<p>Sangle velcro incluse pour ajuster la longueur du c\u00e2ble et \u00e9viter les enchev\u00eatrements.<\/li>\n<li>\n<p>Connecteurs en aluminium qui permettent des connexions s\u00fbres et parfaites.<\/li>\n<li>\n<p>Longueur\u00a0: 1\u00a0m.<\/li>\n<\/ul>\n<p>EAN\u00a0: Chargeur de voiture double blanc (SUB-CHG-4CC001) 8436586740757\u00a0; Chargeur de voiture double noir (SUB-CHG-4CC002) 8436586740764<\/p>\n","protected":false},"excerpt":{"rendered":"<p>Avec ce chargeur de voiture et c\u00e2ble USB A \u00e0 double port dot\u00e9 des trois connecteurs les plus courants du march\u00e9 : Micro USB, Type C et Lightning, vous pouvez garder tous vos appareils charg\u00e9s rapidement et facilement pendant que vous \u00eates dans votre v\u00e9hicule.<\/p>\n","protected":false},"featured_media":74614,"template":"","meta":[],"product_brand":[],"product_cat":[384,376,1086],"product_tag":[],"class_list":{"0":"post-81703","1":"product","2":"type-product","3":"status-publish","4":"has-post-thumbnail","6":"product_cat-cable-cargador-coche","7":"product_cat-cables-cargadores","8":"product_cat-cargadores","10":"first","11":"instock","12":"sale","13":"taxable","14":"shipping-taxable","15":"purchasable","16":"product-type-simple"},"_links":{"self":[{"href":"https:\/\/subblim.com\/fr\/wp-json\/wp\/v2\/product\/81703","targetHints":{"allow":["GET"]}}],"collection":[{"href":"https:\/\/subblim.com\/fr\/wp-json\/wp\/v2\/product"}],"about":[{"href":"https:\/\/subblim.com\/fr\/wp-json\/wp\/v2\/types\/product"}],"version-history":[{"count":0,"href":"https:\/\/subblim.com\/fr\/wp-json\/wp\/v2\/product\/81703\/revisions"}],"wp:featuredmedia":[{"embeddable":true,"href":"https:\/\/subblim.com\/fr\/wp-json\/wp\/v2\/media\/74614"}],"wp:attachment":[{"href":"https:\/\/subblim.com\/fr\/wp-json\/wp\/v2\/media?parent=81703"}],"wp:term":[{"taxonomy":"product_brand","embeddable":true,"href":"https:\/\/subblim.com\/fr\/wp-json\/wp\/v2\/product_brand?post=81703"},{"taxonomy":"product_cat","embeddable":true,"href":"https:\/\/subblim.com\/fr\/wp-json\/wp\/v2\/product_cat?post=81703"},{"taxonomy":"product_tag","embeddable":true,"href":"https:\/\/subblim.com\/fr\/wp-json\/wp\/v2\/product_tag?post=81703"}],"curies":[{"name":"wp","href":"https:\/\/api.w.org\/{rel}","templated":true}]}}