{"id":81691,"date":"2023-11-10T11:10:49","date_gmt":"2023-11-10T10:10:49","guid":{"rendered":"https:\/\/subblim.com\/funda-air-padding-360-sleeve-13-3-14-gris\/"},"modified":"2025-12-24T00:05:06","modified_gmt":"2025-12-23T23:05:06","slug":"housse-rembourrage-air-360-manche-13-3-14-gris","status":"publish","type":"product","link":"https:\/\/subblim.com\/fr\/housse-rembourrage-air-360-manche-13-3-14-gris\/","title":{"rendered":"Housse rembourr\u00e9e \u00e0 360\u00b0 pour ordinateur portable de 13,3 \u00e0 14 pouces, grise"},"content":{"rendered":"<p>L&rsquo;\u00e9tui SUBBLIM Air Padding 360 est un excellent choix pour ceux qui recherchent une protection compl\u00e8te pour leur ordinateur portable.<br \/> Il dispose d&rsquo;un compartiment d\u00e9di\u00e9 dot\u00e9 d&rsquo;une doublure matelass\u00e9e \u00e0 bulles appel\u00e9e Air Padding, qui offre une protection exceptionnelle contre les chocs et les chutes accidentelles, couvrant m\u00eame les bords et les extr\u00e9mit\u00e9s de l&rsquo;appareil.<\/p>\n<p>De plus, l&rsquo;\u00e9tui est dot\u00e9 de plusieurs poches avant offrant un espace suffisant pour ranger vos objets du quotidien tels que votre chargeur, vos c\u00e2bles, votre souris et vos stylos, ce qui le rend tr\u00e8s pratique au travail comme en voyage.<\/p>\n<p>L&rsquo;\u00e9tui Air Padding 360 est fabriqu\u00e9 \u00e0 partir de mat\u00e9riaux durables qui lui permettent de repousser l&rsquo;eau et d&rsquo;autres \u00e9l\u00e9ments, tout en \u00e9tant r\u00e9sistant aux d\u00e9chirures, ce qui le rend tr\u00e8s durable.<\/p>\n<p>L&rsquo;\u00e9tui est \u00e9galement tr\u00e8s confortable \u00e0 transporter gr\u00e2ce \u00e0 sa poign\u00e9e robuste qui vous permet de le porter \u00e0 la main ou de le glisser dans un sac \u00e0 dos pour une plus grande mobilit\u00e9.<br \/> En r\u00e9sum\u00e9, l&rsquo;\u00e9tui SUBBLIM Air Padding 360 est une excellente option pour ceux qui recherchent une protection et un confort absolus pour transporter leur ordinateur portable au quotidien. ou lors de vos d\u00e9placements professionnels.<\/p>\n<ul>\n<li>\u00c9tui \u00e9l\u00e9gant et fonctionnel pour ordinateurs portables jusqu&rsquo;\u00e0 14&Prime;.<\/li>\n<li>Syst\u00e8me de protection Air Padding \u00e0 360\u00b0 avec bulles rembourr\u00e9es recouvrant les bords, les extr\u00e9mit\u00e9s et les c\u00f4t\u00e9s de votre ordinateur.<\/li>\n<li>Compatible avec MacBook Pro M1 Pro\/Max A2442 2021, Microsoft Surface Book 13,5&Prime;, Surface Laptop, ASUS ZenBook 14, HUAWEI MateBook D14.<\/li>\n<li>Fabriqu\u00e9 en polyester Oxford durable.<\/li>\n<li>Repousse les liquides.<\/li>\n<li>Double fermeture \u00e9clair sur la poche principale.<\/li>\n<li>Poches ext\u00e9rieures pour documents, stylos, accessoires, etc.<\/li>\n<li>Poign\u00e9e sup\u00e9rieure r\u00e9tractable robuste pour un transport s\u00e9curis\u00e9.<\/li>\n<li>Dimensions int\u00e9rieures\u00a0: 340\u00a0x\u00a0245\u00a0x\u00a030\u00a0mm.<\/li>\n<\/ul>\n<p>&nbsp;<\/p>\n<p>EAN\u00a0: Air Padding \u00c9tui 360 13,3-14&Prime; gris fonc\u00e9 (SUBLS-AP36001) 8436586742676\u00a0; \u00c9tui 360 \u00e0 rembourrage pneumatique 13,3-14&Prime; gris (SUBLS-AP36002) 8436586742683\u00a0; \u00c9tui 360 \u00e0 rembourrage pneumatique 13,3-14&Prime; bleu (SUBLS-AP36003) 8436586742690\u00a0; \u00c9tui 360 \u00e0 rembourrage pneumatique 13,3-14&Prime; rose (SUBLS-AP36004) 8436586742706<\/p>\n","protected":false},"excerpt":{"rendered":"<p>L&rsquo;\u00e9tui SUBBLIM Air Padding 360 offre une protection compl\u00e8te \u00e0 votre ordinateur portable. Il est dot\u00e9 d&rsquo;un compartiment unique dot\u00e9 d&rsquo;une doublure matelass\u00e9e \u00e0 bulles, appel\u00e9e Air Padding, qui recouvre m\u00eame les bords et les extr\u00e9mit\u00e9s de l&rsquo;appareil.<\/p>\n","protected":false},"featured_media":79526,"template":"","meta":[],"product_brand":[],"product_cat":[1665,1706,393,1703],"product_tag":[],"class_list":{"0":"post-81691","1":"product","2":"type-product","3":"status-publish","4":"has-post-thumbnail","6":"product_cat-fundas-portatil-air-padding","7":"product_cat-fundas-para-portatiles-de-13-3-a-14","8":"product_cat-air-padding","9":"product_cat-maletines-para-portatiles-de-13-3-a-14","11":"first","12":"instock","13":"taxable","14":"shipping-taxable","15":"purchasable","16":"product-type-simple"},"_links":{"self":[{"href":"https:\/\/subblim.com\/fr\/wp-json\/wp\/v2\/product\/81691","targetHints":{"allow":["GET"]}}],"collection":[{"href":"https:\/\/subblim.com\/fr\/wp-json\/wp\/v2\/product"}],"about":[{"href":"https:\/\/subblim.com\/fr\/wp-json\/wp\/v2\/types\/product"}],"version-history":[{"count":0,"href":"https:\/\/subblim.com\/fr\/wp-json\/wp\/v2\/product\/81691\/revisions"}],"wp:featuredmedia":[{"embeddable":true,"href":"https:\/\/subblim.com\/fr\/wp-json\/wp\/v2\/media\/79526"}],"wp:attachment":[{"href":"https:\/\/subblim.com\/fr\/wp-json\/wp\/v2\/media?parent=81691"}],"wp:term":[{"taxonomy":"product_brand","embeddable":true,"href":"https:\/\/subblim.com\/fr\/wp-json\/wp\/v2\/product_brand?post=81691"},{"taxonomy":"product_cat","embeddable":true,"href":"https:\/\/subblim.com\/fr\/wp-json\/wp\/v2\/product_cat?post=81691"},{"taxonomy":"product_tag","embeddable":true,"href":"https:\/\/subblim.com\/fr\/wp-json\/wp\/v2\/product_tag?post=81691"}],"curies":[{"name":"wp","href":"https:\/\/api.w.org\/{rel}","templated":true}]}}