{"id":81679,"date":"2023-11-10T11:33:44","date_gmt":"2023-11-10T10:33:44","guid":{"rendered":"https:\/\/subblim.com\/funda-air-padding-360-sleeve-156-gris\/"},"modified":"2026-03-02T03:55:11","modified_gmt":"2026-03-02T02:55:11","slug":"housse-rembourrage-air-360-manche-156-gris","status":"publish","type":"product","link":"https:\/\/subblim.com\/fr\/housse-rembourrage-air-360-manche-156-gris\/","title":{"rendered":"Housse Air Pad 360 Sleeve pour ordinateur portable 15,6 pouces, grise"},"content":{"rendered":"<p>Housse \u00e9l\u00e9gante et fonctionnelle pour ordinateurs portables jusqu&rsquo;\u00e0 15,6&Prime;. Syst\u00e8me de protection Air Padding \u00e0 360\u00b0 avec bulles rembourr\u00e9es recouvrant les bords, les extr\u00e9mit\u00e9s et les c\u00f4t\u00e9s de votre ordinateur. Compatible avec MacBook Pro 16 pouces 2021 A2485 M1 Pro \/ M1 Max avec Touch ID, MacBook Pro 16 A2141 2019 2020, MacBook Pro Retina 15,4 A1398\u00a0; Surface Book 3\/2\/1 15\u00a0; Asus ZenBook \/ VivoBook 15\u00a0; Acer Swift 3 14\u00a0; Swift 5 15,6\u00a0; Acer Aspire 3\/5\/7 15,6\u00a0; HP ProBook \/ Spectre x360 \/ Envy x360 15,6\u00a0; HP Omen \/ Pavilion x360 15,6\u00a0; Dell XPS \/ Precision \/ Vostro \/ Latitude 15.<\/li>\n<li>Fabriqu\u00e9 en polyester Oxford r\u00e9sistant.<\/li>\n<li>R\u00e9sistant aux liquides.<\/li>\n<li>Double fermeture \u00e9clair sur la poche principale.<\/li>\n<li>Poches ext\u00e9rieures pour documents, stylos, accessoires, etc.<\/li>\n<li>Poign\u00e9e sup\u00e9rieure r\u00e9tractable robuste pour un transport s\u00e9curis\u00e9.<\/li>\n<li>Dimensions int\u00e9rieures\u00a0: 380\u00a0x\u00a0275\u00a0x\u00a030\u00a0mm.<\/li>\n<\/ul>\n<p>La housse SUBBLIM Air Padding 360 est une excellente option pour ceux qui recherchent une protection totale pour leur ordinateur portable. <br \/>Elle dispose d&rsquo;un compartiment exclusif int\u00e9grant une doublure matelass\u00e9e \u00e0 bulles appel\u00e9e Air Padding, qui offre une protection exceptionnelle contre les chocs et les chutes accidentelles, couvrant m\u00eame les bords et les extr\u00e9mit\u00e9s de l&rsquo;appareil.<\/p>\n<p>De plus, la housse est dot\u00e9e de plusieurs poches avant offrant un espace de rangement suffisant pour les objets du quotidien tels que le chargeur, les c\u00e2bles, la souris et les stylos, ce qui est tr\u00e8s pratique. Pour le travail et les voyages. <\/p>\n<p>L&rsquo;\u00e9tui Air Padding 360 est fabriqu\u00e9 \u00e0 partir de mat\u00e9riaux durables qui lui permettent de repousser l&rsquo;eau et d&rsquo;autres \u00e9l\u00e9ments, tout en \u00e9tant r\u00e9sistant aux d\u00e9chirures, ce qui le rend tr\u00e8s durable.<\/p>\n<p>L&rsquo;\u00e9tui est \u00e9galement tr\u00e8s confortable \u00e0 transporter gr\u00e2ce \u00e0 sa poign\u00e9e robuste qui vous permet de le porter \u00e0 la main ou de le glisser dans un sac \u00e0 dos pour une plus grande mobilit\u00e9. <br \/>En bref, l&rsquo;\u00e9tui SUBBLIM Air Padding 360 est un excellent choix pour ceux qui recherchent une protection et un confort absolus lorsqu&rsquo;ils transportent leur ordinateur portable au travail quotidien ou en voyage d&rsquo;affaires.<\/p>\n<p>EAN : Air Padding 360 Case 15,6&Prime; Dark Grey (SUBLS-AP36050) 8436586742713 ; \u00c9tui Air Padding 360 15,6&Prime; gris (SUBLS-AP36051) 8436586742720\u00a0; \u00c9tui Air Padding 360 15,6&Prime; bleu (SUBLS-AP36052) 8436586742737\u00a0; \u00c9tui Air Padding 360 15,6&Prime; rose (SUBLS-AP36053) 8436586742744<\/p>\n","protected":false},"excerpt":{"rendered":"<p>Housse pour ordinateur portable 15,6&Prime; avec protection \u00e0 360 degr\u00e9s. La protection \u00e0 coussin d&rsquo;air recouvre toute la surface, y compris les c\u00f4t\u00e9s et les bords de l&rsquo;ordinateur. Vous pouvez ainsi le transporter en toute s\u00e9curit\u00e9.<\/p>\n","protected":false},"featured_media":79601,"template":"","meta":[],"product_brand":[],"product_cat":[1665,1707,393,1704],"product_tag":[],"class_list":{"0":"post-81679","1":"product","2":"type-product","3":"status-publish","4":"has-post-thumbnail","6":"product_cat-fundas-portatil-air-padding","7":"product_cat-fundas-para-portatiles-de-15-6","8":"product_cat-air-padding","9":"product_cat-maletines-para-portatiles-de-15-6","11":"first","12":"instock","13":"taxable","14":"shipping-taxable","15":"purchasable","16":"product-type-simple"},"_links":{"self":[{"href":"https:\/\/subblim.com\/fr\/wp-json\/wp\/v2\/product\/81679","targetHints":{"allow":["GET"]}}],"collection":[{"href":"https:\/\/subblim.com\/fr\/wp-json\/wp\/v2\/product"}],"about":[{"href":"https:\/\/subblim.com\/fr\/wp-json\/wp\/v2\/types\/product"}],"version-history":[{"count":0,"href":"https:\/\/subblim.com\/fr\/wp-json\/wp\/v2\/product\/81679\/revisions"}],"wp:featuredmedia":[{"embeddable":true,"href":"https:\/\/subblim.com\/fr\/wp-json\/wp\/v2\/media\/79601"}],"wp:attachment":[{"href":"https:\/\/subblim.com\/fr\/wp-json\/wp\/v2\/media?parent=81679"}],"wp:term":[{"taxonomy":"product_brand","embeddable":true,"href":"https:\/\/subblim.com\/fr\/wp-json\/wp\/v2\/product_brand?post=81679"},{"taxonomy":"product_cat","embeddable":true,"href":"https:\/\/subblim.com\/fr\/wp-json\/wp\/v2\/product_cat?post=81679"},{"taxonomy":"product_tag","embeddable":true,"href":"https:\/\/subblim.com\/fr\/wp-json\/wp\/v2\/product_tag?post=81679"}],"curies":[{"name":"wp","href":"https:\/\/api.w.org\/{rel}","templated":true}]}}