{"id":81649,"date":"2023-11-10T11:33:47","date_gmt":"2023-11-10T10:33:47","guid":{"rendered":"https:\/\/subblim.com\/funda-con-teclado-micro-usb-usb-c-keytab-pro-usb-9-6%e2%80%b3-11%e2%80%b3-rojo\/"},"modified":"2026-03-02T03:55:12","modified_gmt":"2026-03-02T02:55:12","slug":"etui-avec-clavier-micro-usb-usb-c-keytab-pro-usb-9-6%e2%80%b3-11%e2%80%b3-rouge","status":"publish","type":"product","link":"https:\/\/subblim.com\/fr\/etui-avec-clavier-micro-usb-usb-c-keytab-pro-usb-9-6%e2%80%b3-11%e2%80%b3-rouge\/","title":{"rendered":"\u00c9tui pour tablette avec clavier Micro USB vers USB C Keytab Pro USB 9,6&Prime; vers 11&Prime; Rouge"},"content":{"rendered":"<p>Faites passer l&rsquo;informatique mobile au niveau sup\u00e9rieur avec cet \u00e9tui clavier universel pour tablettes Android. <br \/>Il maintient votre tablette de 9 \u00e0 11 pouces \u00e0 l&rsquo;angle id\u00e9al pour \u00e9crire ou regarder des vid\u00e9os, et elle reste en place gr\u00e2ce \u00e0 un support magn\u00e9tique int\u00e9gr\u00e9. Sa coque durable, aspect fibre de carbone, est r\u00e9sistante aux \u00e9claboussures et prot\u00e8ge votre tablette au quotidien. <\/p>\n<p>Profitez de plusieurs heures de frappe flexible et confortable gr\u00e2ce \u00e0 de grandes touches bien espac\u00e9es qui s&rsquo;\u00e9tendent d&rsquo;un bord \u00e0 l&rsquo;autre pour offrir un espace g\u00e9n\u00e9reux \u00e0 vos mains. Il offre une profondeur optimale pour une frappe rapide et confortable. <\/p>\n<ul>\n<li>Des touches de raccourci et de fonction Android d\u00e9di\u00e9es vous permettent de contr\u00f4ler votre tablette sans quitter le clavier.<\/li>\n<li>\n<p>Clavier int\u00e9gr\u00e9 avec \u00e9tui pour tablettes jusqu&rsquo;\u00e0 11 pouces<\/li>\n<li>\n<p>Compatible avec les appareils Android 4.0 ou versions ult\u00e9rieures<\/li>\n<li>\n<p>Connecteur micro USB avec adaptateur Type-C inclus<\/li>\n<li>\n<p>Mat\u00e9riau ext\u00e9rieur r\u00e9sistant avec une finition semblable \u00e0 de la fibre de carbone<\/li>\n<li>\n<p>Int\u00e9rieur velout\u00e9 pour \u00e9viter les rayures<\/li>\n<li>\n<p>Syst\u00e8me de fixation exclusif en silicone moul\u00e9.<\/li>\n<li>N&rsquo;endommage pas l&rsquo;\u00e9cran de votre appareil et s&rsquo;adapte au clavier int\u00e9gr\u00e9.<\/li>\n<li>\n<p>Syst\u00e8me de fermeture \u00e0 rabat magn\u00e9tique.<\/li>\n<li>Transport s\u00e9curis\u00e9<\/li>\n<\/ul>\n<p>EAN : Keytab Pro USB Tablet Case Black (SUB-KT1-USB001) 8436586741020 ; \u00c9tui pour tablette USB Keytab Pro rouge (SUB-KT1-USB002) 8436586741037\u00a0; \u00c9tui pour tablette USB Keytab Pro rose (SUB-KT1-USB003) 8436586741044<\/p>\n","protected":false},"excerpt":{"rendered":"<p>\u00c9tui pour tablette avec clavier int\u00e9gr\u00e9, id\u00e9al pour \u00e9crire ou regarder des vid\u00e9os, et qui reste bien en place gr\u00e2ce \u00e0 son support magn\u00e9tique int\u00e9gr\u00e9. Compatible avec les tablettes Android de 9,6 \u00e0 11 pouces, il dispose de touches de raccourci et de fonction Android d\u00e9di\u00e9es pour contr\u00f4ler votre tablette sans quitter le clavier.<\/p>\n","protected":false},"featured_media":78701,"template":"","meta":[],"product_brand":[],"product_cat":[1698],"product_tag":[],"class_list":{"0":"post-81649","1":"product","2":"type-product","3":"status-publish","4":"has-post-thumbnail","6":"product_cat-fundas-universales-de-9-6-a-11-con-teclado","8":"first","9":"instock","10":"sale","11":"taxable","12":"shipping-taxable","13":"purchasable","14":"product-type-simple"},"_links":{"self":[{"href":"https:\/\/subblim.com\/fr\/wp-json\/wp\/v2\/product\/81649","targetHints":{"allow":["GET"]}}],"collection":[{"href":"https:\/\/subblim.com\/fr\/wp-json\/wp\/v2\/product"}],"about":[{"href":"https:\/\/subblim.com\/fr\/wp-json\/wp\/v2\/types\/product"}],"version-history":[{"count":0,"href":"https:\/\/subblim.com\/fr\/wp-json\/wp\/v2\/product\/81649\/revisions"}],"wp:featuredmedia":[{"embeddable":true,"href":"https:\/\/subblim.com\/fr\/wp-json\/wp\/v2\/media\/78701"}],"wp:attachment":[{"href":"https:\/\/subblim.com\/fr\/wp-json\/wp\/v2\/media?parent=81649"}],"wp:term":[{"taxonomy":"product_brand","embeddable":true,"href":"https:\/\/subblim.com\/fr\/wp-json\/wp\/v2\/product_brand?post=81649"},{"taxonomy":"product_cat","embeddable":true,"href":"https:\/\/subblim.com\/fr\/wp-json\/wp\/v2\/product_cat?post=81649"},{"taxonomy":"product_tag","embeddable":true,"href":"https:\/\/subblim.com\/fr\/wp-json\/wp\/v2\/product_tag?post=81649"}],"curies":[{"name":"wp","href":"https:\/\/api.w.org\/{rel}","templated":true}]}}