{"id":81646,"date":"2023-11-10T11:39:36","date_gmt":"2023-11-10T10:39:36","guid":{"rendered":"https:\/\/subblim.com\/funda-disco-duro-hdd-busines-case-2-5%e2%80%b3-gris\/"},"modified":"2026-03-02T03:55:12","modified_gmt":"2026-03-02T02:55:12","slug":"boitier-de-disque-dur-hdd-business-case-2-5-gris","status":"publish","type":"product","link":"https:\/\/subblim.com\/fr\/boitier-de-disque-dur-hdd-business-case-2-5-gris\/","title":{"rendered":"Bo\u00eetier pour disque dur 2,5&Prime; Gris"},"content":{"rendered":"<p>Ce bo\u00eetier pour disque dur est compos\u00e9 d&rsquo;une coque en EVA (plastique tr\u00e8s rigide) avec un int\u00e9rieur en mousse pour une protection optimale contre les chocs. <br \/>Sa conception lui permet d&rsquo;absorber les chocs en cas de chute.<\/p>\n<p>\u00c0 l&rsquo;int\u00e9rieur, un \u00e9lastique s\u00e9curise votre disque dur pendant le transport. Vous trouverez \u00e9galement une poche pour ranger le c\u00e2ble d&rsquo;alimentation ou une cl\u00e9 USB, par exemple.<\/p>\n<p>Ce bo\u00eetier est compact, vous pouvez donc le ranger facilement dans votre sac ou dans un tiroir de bureau.<\/p>\n<ul>\n<li>Format compact pour appareils jusqu&rsquo;\u00e0 2,5 pouces.<\/li>\n<li>\n<p>Ext\u00e9rieur rigide et l\u00e9ger pour une protection compl\u00e8te.<\/li>\n<li>Nous proposons cet \u00e9tui en trois couleurs \u00e9l\u00e9gantes\u00a0: noir, gris et bleu. N&rsquo;h\u00e9sitez pas \u00e0 utiliser des couleurs diff\u00e9rentes si vous poss\u00e9dez plusieurs disques durs afin de les prot\u00e9ger et de les distinguer plus rapidement.<\/li>\n<li>\n<p>Design \u00e9l\u00e9gant et moderne.<\/li>\n<li>\n<p>Fermeture \u00e0 double tirette.<\/li>\n<li>\n<p>Int\u00e9rieur doux et rembourr\u00e9.<\/li>\n<li>\n<p>Poche pour ranger les c\u00e2bles USB et autres petits accessoires.<\/li>\n<li>\n<p>Sangles \u00e9lastiques pour s\u00e9curiser votre appareil.<\/li>\n<\/ul>\n<p>EAN\u00a0: Bo\u00eetier de disque dur noir (SUB-HDD-HBC001) 8436586741303\u00a0; Bo\u00eetier de disque dur gris (SUB-HDD-HBC002) 8436586741310\u00a0; Bo\u00eetier de disque dur bleu (SUB-HDD-HBC003) 8436586741327<\/p>\n","protected":false},"excerpt":{"rendered":"<p>L&rsquo;\u00e9tui HDD Business Case est un \u00e9tui rigide con\u00e7u pour prot\u00e9ger votre disque dur ou votre batterie externe. Son design et ses mat\u00e9riaux sont \u00e9l\u00e9gants et modernes. Compatible avec la plupart des disques 2,5&Prime; (dimensions internes maximales\u00a0: 13,5 x 8,4 x 2\u00a0cm).<\/p>\n","protected":false},"featured_media":73576,"template":"","meta":[],"product_brand":[],"product_cat":[236],"product_tag":[3232],"class_list":{"0":"post-81646","1":"product","2":"type-product","3":"status-publish","4":"has-post-thumbnail","6":"product_cat-organizadores","7":"product_tag-black-friday","9":"first","10":"instock","11":"taxable","12":"shipping-taxable","13":"purchasable","14":"product-type-simple"},"_links":{"self":[{"href":"https:\/\/subblim.com\/fr\/wp-json\/wp\/v2\/product\/81646","targetHints":{"allow":["GET"]}}],"collection":[{"href":"https:\/\/subblim.com\/fr\/wp-json\/wp\/v2\/product"}],"about":[{"href":"https:\/\/subblim.com\/fr\/wp-json\/wp\/v2\/types\/product"}],"version-history":[{"count":0,"href":"https:\/\/subblim.com\/fr\/wp-json\/wp\/v2\/product\/81646\/revisions"}],"wp:featuredmedia":[{"embeddable":true,"href":"https:\/\/subblim.com\/fr\/wp-json\/wp\/v2\/media\/73576"}],"wp:attachment":[{"href":"https:\/\/subblim.com\/fr\/wp-json\/wp\/v2\/media?parent=81646"}],"wp:term":[{"taxonomy":"product_brand","embeddable":true,"href":"https:\/\/subblim.com\/fr\/wp-json\/wp\/v2\/product_brand?post=81646"},{"taxonomy":"product_cat","embeddable":true,"href":"https:\/\/subblim.com\/fr\/wp-json\/wp\/v2\/product_cat?post=81646"},{"taxonomy":"product_tag","embeddable":true,"href":"https:\/\/subblim.com\/fr\/wp-json\/wp\/v2\/product_tag?post=81646"}],"curies":[{"name":"wp","href":"https:\/\/api.w.org\/{rel}","templated":true}]}}