{"id":81643,"date":"2023-11-10T11:39:38","date_gmt":"2023-11-10T10:39:38","guid":{"rendered":"https:\/\/subblim.com\/funda-ordenador-13-3%e2%80%b3-a-14%e2%80%b3-elegant-negro\/"},"modified":"2025-06-12T11:55:45","modified_gmt":"2025-06-12T09:55:45","slug":"boitier-dordinateur-13-3%e2%80%b3-a-14%e2%80%b3-elegant-noir","status":"publish","type":"product","link":"https:\/\/subblim.com\/fr\/boitier-dordinateur-13-3%e2%80%b3-a-14%e2%80%b3-elegant-noir\/","title":{"rendered":"Housse \u00e9l\u00e9gante pour ordinateur portable de 13,3&Prime; \u00e0 14&Prime; noire"},"content":{"rendered":"<p>Housse pour ordinateur portable au quotidien. <br \/>Inspir\u00e9s par les besoins des voyageurs, des professionnels, des \u00e9tudiants et autres, nous avons cr\u00e9\u00e9 la housse SUBBLIM Elegant. Avec son design \u00e0 la fois \u00e9l\u00e9gant et fonctionnel, vous pourrez transporter votre ordinateur portable en toute confiance. Gr\u00e2ce \u00e0 sa l\u00e9g\u00e8ret\u00e9 et sa finesse, elle se glisse facilement dans un sac \u00e0 dos ou une valise. <\/p>\n<ul>\n<li>Housse pour ordinateurs jusqu&rsquo;\u00e0 14 pouces.<\/li>\n<li>\n<p>Id\u00e9ale pour le transport quotidien de votre appareil.<\/li>\n<li>\n<p>Poche avant zipp\u00e9e et poches int\u00e9rieures pour transporter des accessoires.<\/li>\n<li>\n<p>Double fermeture \u00e9clair pour une protection totale.<\/li>\n<li>\n<p>Ext\u00e9rieur de l&rsquo;\u00e9tui en tissu polyester 600D, r\u00e9sistant aux liquides et autres \u00e9l\u00e9ments.<\/li>\n<li>\n<p>Int\u00e9rieur en velours rembourr\u00e9 avec rembourrage en mousse et protection triple couche.<\/li>\n<li>\n<p>Poign\u00e9e sup\u00e9rieure r\u00e9tractable en similicuir pour une meilleure prise en main.<\/li>\n<li>\n<p>Ouverture lat\u00e9rale pour retirer l&rsquo;ordinateur et \u00e9viter les chutes accidentelles.<\/li>\n<li>\n<p>Compact et id\u00e9al, offrant un acc\u00e8s confortable \u00e0 votre ordinateur.<\/li>\n<li>\n<p>Apparence l\u00e9g\u00e8re, fine et \u00e9l\u00e9gante.<\/li>\n<\/ul>\n<p>EAN\u00a0: Elegant Case 13,3-14&Prime; Noir (SUB-LS-0TS0001) 8436586741525\u00a0; \u00c9tui \u00e9l\u00e9gant 13,3-14&Prime; Rose (SUB-LS-0TS0002) 8436586741792<\/p>\n","protected":false},"excerpt":{"rendered":"<p>Votre quotidien exige une sacoche pour ordinateur portable r\u00e9sistante et protectrice. Cette sacoche est votre alli\u00e9e pour vous d\u00e9placer facilement avec votre ordinateur portable.<\/p>\n","protected":false},"featured_media":78567,"template":"","meta":[],"product_brand":[],"product_cat":[1707,134],"product_tag":[],"class_list":{"0":"post-81643","1":"product","2":"type-product","3":"status-publish","4":"has-post-thumbnail","6":"product_cat-fundas-para-portatiles-de-15-6","7":"product_cat-teclados","9":"first","10":"outofstock","11":"taxable","12":"shipping-taxable","13":"purchasable","14":"product-type-simple"},"_links":{"self":[{"href":"https:\/\/subblim.com\/fr\/wp-json\/wp\/v2\/product\/81643","targetHints":{"allow":["GET"]}}],"collection":[{"href":"https:\/\/subblim.com\/fr\/wp-json\/wp\/v2\/product"}],"about":[{"href":"https:\/\/subblim.com\/fr\/wp-json\/wp\/v2\/types\/product"}],"version-history":[{"count":0,"href":"https:\/\/subblim.com\/fr\/wp-json\/wp\/v2\/product\/81643\/revisions"}],"wp:featuredmedia":[{"embeddable":true,"href":"https:\/\/subblim.com\/fr\/wp-json\/wp\/v2\/media\/78567"}],"wp:attachment":[{"href":"https:\/\/subblim.com\/fr\/wp-json\/wp\/v2\/media?parent=81643"}],"wp:term":[{"taxonomy":"product_brand","embeddable":true,"href":"https:\/\/subblim.com\/fr\/wp-json\/wp\/v2\/product_brand?post=81643"},{"taxonomy":"product_cat","embeddable":true,"href":"https:\/\/subblim.com\/fr\/wp-json\/wp\/v2\/product_cat?post=81643"},{"taxonomy":"product_tag","embeddable":true,"href":"https:\/\/subblim.com\/fr\/wp-json\/wp\/v2\/product_tag?post=81643"}],"curies":[{"name":"wp","href":"https:\/\/api.w.org\/{rel}","templated":true}]}}