{"id":81622,"date":"2023-11-10T11:49:47","date_gmt":"2023-11-10T10:49:47","guid":{"rendered":"https:\/\/subblim.com\/funda-ordenador-13-3%e2%80%b3-a-14%e2%80%b3-urban-gris\/"},"modified":"2026-03-10T09:05:57","modified_gmt":"2026-03-10T08:05:57","slug":"housse-pour-ordinateur-portable-gris-urbain-de-13-a-14-pouces","status":"publish","type":"product","link":"https:\/\/subblim.com\/fr\/housse-pour-ordinateur-portable-gris-urbain-de-13-a-14-pouces\/","title":{"rendered":"Bo\u00eetier d&rsquo;ordinateur 13,3&Prime; \u00e0 14&Prime; Urban Gray"},"content":{"rendered":"<p>Housse l\u00e9g\u00e8re pour ordinateur portable qui peut \u00eatre port\u00e9e \u00e0 la main gr\u00e2ce \u00e0 sa poign\u00e9e ou facilement plac\u00e9e dans un sac \u00e0 dos ou une valise sans craindre d&rsquo;endommager l&rsquo;ordinateur portable. <br \/>Gr\u00e2ce \u00e0 son design fonctionnel et moderne, elle peut \u00eatre utilis\u00e9e par toute personne souhaitant prot\u00e9ger son ordinateur \u00e0 un prix tr\u00e8s abordable. <\/p>\n<ul>\n<li>Housse pour ordinateurs jusqu&rsquo;\u00e0 14 pouces.<\/li>\n<li>\n<p>Id\u00e9ale pour le transport quotidien de votre appareil.<\/p>\n<p>Poche avant zipp\u00e9e et compartiments int\u00e9rieurs pour transporter des accessoires.<\/li>\n<li>\n<p>Double fermeture \u00e9clair pour une protection totale.<\/li>\n<li>\n<p>Ext\u00e9rieur de la housse en tissu polyester 600D, r\u00e9sistant aux liquides et autres \u00e9l\u00e9ments.<\/li>\n<li>\n<p>Int\u00e9rieur rembourr\u00e9 avec rembourrage en mousse double couche.<\/li>\n<li>\n<p>Poign\u00e9e lat\u00e9rale r\u00e9tractable.<\/li>\n<li>\n<p>Compacte et id\u00e9ale, elle offre un acc\u00e8s confortable \u00e0 votre ordinateur.<\/li>\n<li>\n<p>L\u00e9g\u00e8re, fine et \u00e9l\u00e9gante.<\/li>\n<\/ul>\n<p>EAN\u00a0: Urban Sleeve 13,3-14&Prime; Black (SUB-LS-0PS0001) 8436586741471\u00a0; Urban Case 13,3-14&Prime; Gris (SUB-LS-0PS0002) 8436586741488\u00a0; Urban Case 13,3-14&Prime; Rose (SUB-LS-0PS0003) 8436586741778<\/p>\n","protected":false},"excerpt":{"rendered":"<p>\u00c9tui pour ordinateur portable l\u00e9ger, fin, mais \u00e9l\u00e9gant, accrocheur et attrayant, le manchon SUBBLIM URBAN s&rsquo;adapte \u00e0 une utilisation quotidienne, que ce soit en voyage ou dans divers environnements, tels que les caf\u00e9s et les espaces de coworking.<\/p>\n","protected":false},"featured_media":78485,"template":"","meta":[],"product_brand":[],"product_cat":[239,1706],"product_tag":[],"class_list":{"0":"post-81622","1":"product","2":"type-product","3":"status-publish","4":"has-post-thumbnail","6":"product_cat-fundas-portatil","7":"product_cat-fundas-para-portatiles-de-13-3-a-14","9":"first","10":"instock","11":"taxable","12":"shipping-taxable","13":"purchasable","14":"product-type-simple"},"_links":{"self":[{"href":"https:\/\/subblim.com\/fr\/wp-json\/wp\/v2\/product\/81622","targetHints":{"allow":["GET"]}}],"collection":[{"href":"https:\/\/subblim.com\/fr\/wp-json\/wp\/v2\/product"}],"about":[{"href":"https:\/\/subblim.com\/fr\/wp-json\/wp\/v2\/types\/product"}],"version-history":[{"count":0,"href":"https:\/\/subblim.com\/fr\/wp-json\/wp\/v2\/product\/81622\/revisions"}],"wp:featuredmedia":[{"embeddable":true,"href":"https:\/\/subblim.com\/fr\/wp-json\/wp\/v2\/media\/78485"}],"wp:attachment":[{"href":"https:\/\/subblim.com\/fr\/wp-json\/wp\/v2\/media?parent=81622"}],"wp:term":[{"taxonomy":"product_brand","embeddable":true,"href":"https:\/\/subblim.com\/fr\/wp-json\/wp\/v2\/product_brand?post=81622"},{"taxonomy":"product_cat","embeddable":true,"href":"https:\/\/subblim.com\/fr\/wp-json\/wp\/v2\/product_cat?post=81622"},{"taxonomy":"product_tag","embeddable":true,"href":"https:\/\/subblim.com\/fr\/wp-json\/wp\/v2\/product_tag?post=81622"}],"curies":[{"name":"wp","href":"https:\/\/api.w.org\/{rel}","templated":true}]}}