{"id":81586,"date":"2023-11-10T12:20:38","date_gmt":"2023-11-10T11:20:38","guid":{"rendered":"https:\/\/subblim.com\/funda-universal-para-tablets-clever-stand-tablet-case-9-6%e2%80%b3-11%e2%80%b3-rojo\/"},"modified":"2026-03-02T03:55:13","modified_gmt":"2026-03-02T02:55:13","slug":"etui-universel-pour-tablettes-support-astucieux-etui-tablette-9-6%e2%80%b3-11%e2%80%b3-rouge","status":"publish","type":"product","link":"https:\/\/subblim.com\/fr\/etui-universel-pour-tablettes-support-astucieux-etui-tablette-9-6%e2%80%b3-11%e2%80%b3-rouge\/","title":{"rendered":"\u00c9tui universel pour tablette Clever Stand (9,6&Prime; et 11&Prime;), rouge"},"content":{"rendered":"<p>L&rsquo;\u00e9tui Clever Stand de SUBBLIM est un \u00e9tui universel pour prot\u00e9ger votre tablette. Son style est moderne et \u00e9l\u00e9gant, d\u00e9velopp\u00e9 par des designers en tenant compte des pr\u00e9f\u00e9rences des utilisateurs.<br \/> La finition ext\u00e9rieure au toucher tissu et les coutures raffin\u00e9es conf\u00e8rent au produit un aspect de haute qualit\u00e9.<\/p>\n<p>Le support antid\u00e9rapant vous permet de placer la tablette sous diff\u00e9rents angles de vue.<br \/> Les ports de connexion et les boutons restent accessibles m\u00eame lorsque votre tablette est dans l&rsquo;\u00e9tui, gr\u00e2ce \u00e0 de grandes ouvertures sur tous les c\u00f4t\u00e9s.<\/p>\n<ul>\n<li>Con\u00e7u pour les tablettes jusqu&rsquo;\u00e0 11 pouces<\/li>\n<li>L\u00e9ger avec une finition au toucher tissu.<\/li>\n<li>Tous les boutons et connecteurs sont 100 % accessibles.<\/li>\n<li>Position support avec 3 angles de vue.<\/li>\n<li>Adaptable \u00e0 tous les mod\u00e8les de tablettes gr\u00e2ce \u00e0 un syst\u00e8me de fixation en silicone exclusif.<\/li>\n<li>N&rsquo;ab\u00eeme pas votre tablette. Int\u00e9rieur doux et velout\u00e9.<\/li>\n<li>Syst\u00e8me de fermeture \u00e0 rabat magn\u00e9tique.<\/li>\n<li>Transport s\u00e9curis\u00e9.<\/li>\n<\/ul>\n<p>&nbsp;<\/p>\n<p>EAN\u00a0: \u00c9tui pour tablette Cleves noir (SUB-CUT-1CT001) 8436586740795\u00a0; \u00c9tui pour tablette Cleves rouge (SUB-CUT-1CT002) 8436586740801\u00a0; \u00c9tui pour tablette Cleves rose (SUB-CUT-1CT003) 8436586740818\u00a0; \u00c9tui pour tablette Cleves violet (SUB-CUT-1CT004) 8436586740825<\/p>\n","protected":false},"excerpt":{"rendered":"<p>\u00c9tui universel pour tablettes jusqu&rsquo;\u00e0 11 pouces, disponible en quatre coloris. Utilisable comme support, il pr\u00e9sente un design \u00e9l\u00e9gant et des boutons toujours accessibles.<\/p>\n","protected":false},"featured_media":77843,"template":"","meta":[],"product_brand":[],"product_cat":[1699],"product_tag":[3232],"class_list":{"0":"post-81586","1":"product","2":"type-product","3":"status-publish","4":"has-post-thumbnail","6":"product_cat-colores-lisos","7":"product_tag-black-friday","9":"first","10":"instock","11":"taxable","12":"shipping-taxable","13":"purchasable","14":"product-type-simple"},"_links":{"self":[{"href":"https:\/\/subblim.com\/fr\/wp-json\/wp\/v2\/product\/81586","targetHints":{"allow":["GET"]}}],"collection":[{"href":"https:\/\/subblim.com\/fr\/wp-json\/wp\/v2\/product"}],"about":[{"href":"https:\/\/subblim.com\/fr\/wp-json\/wp\/v2\/types\/product"}],"version-history":[{"count":0,"href":"https:\/\/subblim.com\/fr\/wp-json\/wp\/v2\/product\/81586\/revisions"}],"wp:featuredmedia":[{"embeddable":true,"href":"https:\/\/subblim.com\/fr\/wp-json\/wp\/v2\/media\/77843"}],"wp:attachment":[{"href":"https:\/\/subblim.com\/fr\/wp-json\/wp\/v2\/media?parent=81586"}],"wp:term":[{"taxonomy":"product_brand","embeddable":true,"href":"https:\/\/subblim.com\/fr\/wp-json\/wp\/v2\/product_brand?post=81586"},{"taxonomy":"product_cat","embeddable":true,"href":"https:\/\/subblim.com\/fr\/wp-json\/wp\/v2\/product_cat?post=81586"},{"taxonomy":"product_tag","embeddable":true,"href":"https:\/\/subblim.com\/fr\/wp-json\/wp\/v2\/product_tag?post=81586"}],"curies":[{"name":"wp","href":"https:\/\/api.w.org\/{rel}","templated":true}]}}